{"id":66711,"date":"2024-01-19T10:04:40","date_gmt":"2024-01-19T15:04:40","guid":{"rendered":"https:\/\/lebouquetnew.brstdev.com\/seasonal-fall-bouquet\/"},"modified":"2025-08-13T06:05:00","modified_gmt":"2025-08-13T10:05:00","slug":"bouquet-dautomne","status":"publish","type":"product","link":"https:\/\/lebouquet.brstdev.com\/fr\/bouquet-dautomne\/","title":{"rendered":"Bouquet de Saison Automnal"},"content":{"rendered":"<p>Accueillez la chaleur de l&rsquo;automne avec notre <strong>Bouquet de Saison Automnal<\/strong>, un m\u00e9lange enchanteur de tournesols, de gerberas, de roses, de lys et de garnitures de saison. Choisissez entre un bouquet emball\u00e9, sans toile de jute, ou l&rsquo;option vase, \u00e9l\u00e9gamment envelopp\u00e9e dans une toile de jute rustique pour une touche suppl\u00e9mentaire de charme saisonnier.<\/p>\n<p>Id\u00e9al pour l&rsquo;Action de gr\u00e2ce, les anniversaires d&rsquo;automne, ou pour illuminer la journ\u00e9e de quelqu&rsquo;un, ce bouquet capture les couleurs et textures riches de la saison.<\/p>\n","protected":false},"excerpt":{"rendered":"<p>Accueillez la chaleur de l&rsquo;automne avec notre Bouquet de Saison Automnal, un m\u00e9lange enchanteur de tournesols, de gerberas, de roses, de lys et de garnitures de saison. Choisissez entre un bouquet emball\u00e9, sans toile de jute, ou l&rsquo;option vase, \u00e9l\u00e9gamment envelopp\u00e9e dans une toile de jute rustique pour une touche suppl\u00e9mentaire de charme saisonnier. Id\u00e9al [&hellip;]<\/p>\n","protected":false},"featured_media":98624,"comment_status":"open","ping_status":"closed","template":"","meta":{"_acf_changed":false,"inline_featured_image":false},"recipe":[],"product_brand":[],"product_cat":[7556,7555,7560,7559,7554,7553],"product_tag":[],"class_list":{"0":"post-66711","1":"product","2":"type-product","3":"status-publish","4":"has-post-thumbnail","6":"product_cat-automne","7":"product_cat-fall","8":"product_cat-fleurs-2-2","9":"product_cat-flowers","10":"product_cat-populaires","11":"product_cat-popular","13":"first","14":"instock","15":"shipping-taxable","16":"purchasable","17":"product-type-simple"},"acf":[],"_links":{"self":[{"href":"https:\/\/lebouquet.brstdev.com\/fr\/wp-json\/wp\/v2\/product\/66711","targetHints":{"allow":["GET"]}}],"collection":[{"href":"https:\/\/lebouquet.brstdev.com\/fr\/wp-json\/wp\/v2\/product"}],"about":[{"href":"https:\/\/lebouquet.brstdev.com\/fr\/wp-json\/wp\/v2\/types\/product"}],"replies":[{"embeddable":true,"href":"https:\/\/lebouquet.brstdev.com\/fr\/wp-json\/wp\/v2\/comments?post=66711"}],"wp:featuredmedia":[{"embeddable":true,"href":"https:\/\/lebouquet.brstdev.com\/fr\/wp-json\/wp\/v2\/media\/98624"}],"wp:attachment":[{"href":"https:\/\/lebouquet.brstdev.com\/fr\/wp-json\/wp\/v2\/media?parent=66711"}],"wp:term":[{"taxonomy":"recipe","embeddable":true,"href":"https:\/\/lebouquet.brstdev.com\/fr\/wp-json\/wp\/v2\/recipe?post=66711"},{"taxonomy":"product_brand","embeddable":true,"href":"https:\/\/lebouquet.brstdev.com\/fr\/wp-json\/wp\/v2\/product_brand?post=66711"},{"taxonomy":"product_cat","embeddable":true,"href":"https:\/\/lebouquet.brstdev.com\/fr\/wp-json\/wp\/v2\/product_cat?post=66711"},{"taxonomy":"product_tag","embeddable":true,"href":"https:\/\/lebouquet.brstdev.com\/fr\/wp-json\/wp\/v2\/product_tag?post=66711"}],"curies":[{"name":"wp","href":"https:\/\/api.w.org\/{rel}","templated":true}]}}