{"id":66570,"date":"2024-01-19T10:03:51","date_gmt":"2024-01-19T15:03:51","guid":{"rendered":"https:\/\/lebouquetnew.brstdev.com\/alexis\/"},"modified":"2025-08-13T06:05:02","modified_gmt":"2025-08-13T10:05:02","slug":"alexis","status":"publish","type":"product","link":"https:\/\/lebouquet.brstdev.com\/fr\/alexis\/","title":{"rendered":"Alexis"},"content":{"rendered":"<p>Rendez les anniversaires encore plus m\u00e9morables avec notre composition florale \u00ab&nbsp;Alexis&nbsp;\u00bb, un m\u00e9lange d\u2019\u00e9l\u00e9gance et de charme. Ce superbe bouquet met en valeur des roses roses et mauves, des lisianthus, et des hydrang\u00e9es magnifiquement dispos\u00e9s dans un \u00e9l\u00e9gant vase textur\u00e9. Parfait pour envoyer de l\u2019amour et de la joie lors d\u2019une journ\u00e9e sp\u00e9ciale, l\u2019arrangement \u00ab&nbsp;Alexis&nbsp;\u00bb ajoute une touche de sophistication et de fra\u00eecheur \u00e0 toute c\u00e9l\u00e9bration d\u2019anniversaire.<\/p>\n","protected":false},"excerpt":{"rendered":"<p>Rendez les anniversaires encore plus m\u00e9morables avec notre composition florale \u00ab&nbsp;Alexis&nbsp;\u00bb, un m\u00e9lange d\u2019\u00e9l\u00e9gance et de charme. Ce superbe bouquet met en valeur des roses roses et mauves, des lisianthus, et des hydrang\u00e9es magnifiquement dispos\u00e9s dans un \u00e9l\u00e9gant vase textur\u00e9. Parfait pour envoyer de l\u2019amour et de la joie lors d\u2019une journ\u00e9e sp\u00e9ciale, l\u2019arrangement \u00ab&nbsp;Alexis&nbsp;\u00bb [&hellip;]<\/p>\n","protected":false},"featured_media":98735,"comment_status":"open","ping_status":"closed","template":"","meta":{"_acf_changed":false,"inline_featured_image":false},"recipe":[],"product_brand":[],"product_cat":[7560,7559,7569,17153,7554,7553],"product_tag":[],"class_list":{"0":"post-66570","1":"product","2":"type-product","3":"status-publish","4":"has-post-thumbnail","6":"product_cat-fleurs-2-2","7":"product_cat-flowers","8":"product_cat-occasions","9":"product_cat-occasions-fr","10":"product_cat-populaires","11":"product_cat-popular","13":"first","14":"instock","15":"shipping-taxable","16":"purchasable","17":"product-type-simple"},"acf":[],"_links":{"self":[{"href":"https:\/\/lebouquet.brstdev.com\/fr\/wp-json\/wp\/v2\/product\/66570","targetHints":{"allow":["GET"]}}],"collection":[{"href":"https:\/\/lebouquet.brstdev.com\/fr\/wp-json\/wp\/v2\/product"}],"about":[{"href":"https:\/\/lebouquet.brstdev.com\/fr\/wp-json\/wp\/v2\/types\/product"}],"replies":[{"embeddable":true,"href":"https:\/\/lebouquet.brstdev.com\/fr\/wp-json\/wp\/v2\/comments?post=66570"}],"wp:featuredmedia":[{"embeddable":true,"href":"https:\/\/lebouquet.brstdev.com\/fr\/wp-json\/wp\/v2\/media\/98735"}],"wp:attachment":[{"href":"https:\/\/lebouquet.brstdev.com\/fr\/wp-json\/wp\/v2\/media?parent=66570"}],"wp:term":[{"taxonomy":"recipe","embeddable":true,"href":"https:\/\/lebouquet.brstdev.com\/fr\/wp-json\/wp\/v2\/recipe?post=66570"},{"taxonomy":"product_brand","embeddable":true,"href":"https:\/\/lebouquet.brstdev.com\/fr\/wp-json\/wp\/v2\/product_brand?post=66570"},{"taxonomy":"product_cat","embeddable":true,"href":"https:\/\/lebouquet.brstdev.com\/fr\/wp-json\/wp\/v2\/product_cat?post=66570"},{"taxonomy":"product_tag","embeddable":true,"href":"https:\/\/lebouquet.brstdev.com\/fr\/wp-json\/wp\/v2\/product_tag?post=66570"}],"curies":[{"name":"wp","href":"https:\/\/api.w.org\/{rel}","templated":true}]}}