{"id":66550,"date":"2024-01-19T10:03:43","date_gmt":"2024-01-19T15:03:43","guid":{"rendered":"https:\/\/lebouquetnew.brstdev.com\/autumn\/"},"modified":"2025-08-13T06:05:02","modified_gmt":"2025-08-13T10:05:02","slug":"automnale","status":"publish","type":"product","link":"https:\/\/lebouquet.brstdev.com\/fr\/automnale\/","title":{"rendered":"Automnale"},"content":{"rendered":"<p>Automnale est une mignonne et rustique pichet rempli de toutes vos fleurs et verdures d&rsquo;automne pr\u00e9f\u00e9r\u00e9es.<\/p>\n<p>Il comprend un m\u00e9lange de tournesols, de roses, d&rsquo;astromerias, de fugi, de choux et plus encore.<\/p>\n","protected":false},"excerpt":{"rendered":"<p>Environ &#8211; 12&Prime; H x 11&Prime; L<\/p>\n","protected":false},"featured_media":66535,"comment_status":"open","ping_status":"closed","template":"","meta":{"_acf_changed":false,"inline_featured_image":false},"recipe":[],"product_brand":[],"product_cat":[7556,7555,7560,7559],"product_tag":[],"class_list":{"0":"post-66550","1":"product","2":"type-product","3":"status-publish","4":"has-post-thumbnail","6":"product_cat-automne","7":"product_cat-fall","8":"product_cat-fleurs-2-2","9":"product_cat-flowers","11":"first","12":"instock","13":"shipping-taxable","14":"purchasable","15":"product-type-simple"},"acf":[],"_links":{"self":[{"href":"https:\/\/lebouquet.brstdev.com\/fr\/wp-json\/wp\/v2\/product\/66550","targetHints":{"allow":["GET"]}}],"collection":[{"href":"https:\/\/lebouquet.brstdev.com\/fr\/wp-json\/wp\/v2\/product"}],"about":[{"href":"https:\/\/lebouquet.brstdev.com\/fr\/wp-json\/wp\/v2\/types\/product"}],"replies":[{"embeddable":true,"href":"https:\/\/lebouquet.brstdev.com\/fr\/wp-json\/wp\/v2\/comments?post=66550"}],"wp:featuredmedia":[{"embeddable":true,"href":"https:\/\/lebouquet.brstdev.com\/fr\/wp-json\/wp\/v2\/media\/66535"}],"wp:attachment":[{"href":"https:\/\/lebouquet.brstdev.com\/fr\/wp-json\/wp\/v2\/media?parent=66550"}],"wp:term":[{"taxonomy":"recipe","embeddable":true,"href":"https:\/\/lebouquet.brstdev.com\/fr\/wp-json\/wp\/v2\/recipe?post=66550"},{"taxonomy":"product_brand","embeddable":true,"href":"https:\/\/lebouquet.brstdev.com\/fr\/wp-json\/wp\/v2\/product_brand?post=66550"},{"taxonomy":"product_cat","embeddable":true,"href":"https:\/\/lebouquet.brstdev.com\/fr\/wp-json\/wp\/v2\/product_cat?post=66550"},{"taxonomy":"product_tag","embeddable":true,"href":"https:\/\/lebouquet.brstdev.com\/fr\/wp-json\/wp\/v2\/product_tag?post=66550"}],"curies":[{"name":"wp","href":"https:\/\/api.w.org\/{rel}","templated":true}]}}