{"id":66529,"date":"2024-01-19T10:03:32","date_gmt":"2024-01-19T15:03:32","guid":{"rendered":"https:\/\/lebouquetnew.brstdev.com\/angel-wreath\/"},"modified":"2026-03-28T05:38:47","modified_gmt":"2026-03-28T09:38:47","slug":"couronne-dange","status":"publish","type":"product","link":"https:\/\/lebouquet.brstdev.com\/fr\/couronne-dange\/","title":{"rendered":"Couronne d&rsquo;ange"},"content":{"rendered":"<p>D\u00e9licate et magnifique, la couronne d&rsquo;anges comporte des roses blanches enroul\u00e9es sur un c\u00f4t\u00e9 de la couronne et des verdures sp\u00e9ciales comme des branches d&rsquo;olivier et autres, dans et autour de la couronne.<\/p>\n","protected":false},"excerpt":{"rendered":"<p>20&Prime; H x 20&Prime; L<\/p>\n","protected":false},"featured_media":66515,"comment_status":"open","ping_status":"closed","template":"","meta":{"_acf_changed":false},"recipe":[],"product_brand":[],"product_cat":[7630,7620],"product_tag":[],"class_list":{"0":"post-66529","1":"product","2":"type-product","3":"status-publish","4":"has-post-thumbnail","6":"product_cat-couronnes-funeraire","7":"product_cat-fleurs-funeraires-montreal","9":"first","10":"instock","11":"shipping-taxable","12":"purchasable","13":"product-type-simple"},"acf":[],"_links":{"self":[{"href":"https:\/\/lebouquet.brstdev.com\/fr\/wp-json\/wp\/v2\/product\/66529","targetHints":{"allow":["GET"]}}],"collection":[{"href":"https:\/\/lebouquet.brstdev.com\/fr\/wp-json\/wp\/v2\/product"}],"about":[{"href":"https:\/\/lebouquet.brstdev.com\/fr\/wp-json\/wp\/v2\/types\/product"}],"replies":[{"embeddable":true,"href":"https:\/\/lebouquet.brstdev.com\/fr\/wp-json\/wp\/v2\/comments?post=66529"}],"wp:featuredmedia":[{"embeddable":true,"href":"https:\/\/lebouquet.brstdev.com\/fr\/wp-json\/wp\/v2\/media\/66515"}],"wp:attachment":[{"href":"https:\/\/lebouquet.brstdev.com\/fr\/wp-json\/wp\/v2\/media?parent=66529"}],"wp:term":[{"taxonomy":"recipe","embeddable":true,"href":"https:\/\/lebouquet.brstdev.com\/fr\/wp-json\/wp\/v2\/recipe?post=66529"},{"taxonomy":"product_brand","embeddable":true,"href":"https:\/\/lebouquet.brstdev.com\/fr\/wp-json\/wp\/v2\/product_brand?post=66529"},{"taxonomy":"product_cat","embeddable":true,"href":"https:\/\/lebouquet.brstdev.com\/fr\/wp-json\/wp\/v2\/product_cat?post=66529"},{"taxonomy":"product_tag","embeddable":true,"href":"https:\/\/lebouquet.brstdev.com\/fr\/wp-json\/wp\/v2\/product_tag?post=66529"}],"curies":[{"name":"wp","href":"https:\/\/api.w.org\/{rel}","templated":true}]}}