{"id":66388,"date":"2024-01-19T10:02:28","date_gmt":"2024-01-19T15:02:28","guid":{"rendered":"https:\/\/lebouquetnew.brstdev.com\/posy-peach\/"},"modified":"2025-08-13T06:05:09","modified_gmt":"2025-08-13T10:05:09","slug":"bouquet-de-peches","status":"publish","type":"product","link":"https:\/\/lebouquet.brstdev.com\/fr\/bouquet-de-peches\/","title":{"rendered":"Bouquet de p\u00eaches"},"content":{"rendered":"<p>Illuminez toute occasion sp\u00e9ciale avec notre Bouquet de p\u00eaches, un m\u00e9lange d\u00e9licat de tons p\u00eaches et cr\u00e8mes. Compos\u00e9 de roses, de gerberas, de girofl\u00e9es, de lisianthus et de verdure luxuriante, cet arrangement est con\u00e7u pour apporter une touche d&rsquo;\u00e9l\u00e9gance \u00e0 vos c\u00e9l\u00e9brations, vos d\u00eeners ou comme pi\u00e8ce ma\u00eetresse \u00e9blouissante pour votre maison. Avec son vase charmant et son ambiance organique, le Bouquet de p\u00eaches incarne la s\u00e9r\u00e9nit\u00e9 et la gr\u00e2ce. Que ce soit pour un anniversaire, un anniversaire de mariage ou tout simplement pour exprimer votre amour, cet arrangement captivant apportera chaleur et raffinement \u00e0 toute occasion.<\/p>\n<p><strong>Parfait pour<\/strong>: Les c\u00e9l\u00e9brations, les occasions sp\u00e9ciales ou comme centre de table.<\/p>\n","protected":false},"excerpt":{"rendered":"<p>&#8211; 16&Prime; H x 24&Prime; L<\/p>\n","protected":false},"featured_media":98225,"comment_status":"open","ping_status":"closed","template":"","meta":{"_acf_changed":false,"inline_featured_image":false},"recipe":[],"product_brand":[],"product_cat":[7565,7566,7560,7559,7569,17153,7586,7585],"product_tag":[],"class_list":{"0":"post-66388","1":"product","2":"type-product","3":"status-publish","4":"has-post-thumbnail","6":"product_cat-arrangements","7":"product_cat-arrangements-2","8":"product_cat-fleurs-2-2","9":"product_cat-flowers","10":"product_cat-occasions","11":"product_cat-occasions-fr","12":"product_cat-roch-hachana","13":"product_cat-rosh-hashanah","15":"first","16":"instock","17":"shipping-taxable","18":"purchasable","19":"product-type-simple"},"acf":[],"_links":{"self":[{"href":"https:\/\/lebouquet.brstdev.com\/fr\/wp-json\/wp\/v2\/product\/66388","targetHints":{"allow":["GET"]}}],"collection":[{"href":"https:\/\/lebouquet.brstdev.com\/fr\/wp-json\/wp\/v2\/product"}],"about":[{"href":"https:\/\/lebouquet.brstdev.com\/fr\/wp-json\/wp\/v2\/types\/product"}],"replies":[{"embeddable":true,"href":"https:\/\/lebouquet.brstdev.com\/fr\/wp-json\/wp\/v2\/comments?post=66388"}],"wp:featuredmedia":[{"embeddable":true,"href":"https:\/\/lebouquet.brstdev.com\/fr\/wp-json\/wp\/v2\/media\/98225"}],"wp:attachment":[{"href":"https:\/\/lebouquet.brstdev.com\/fr\/wp-json\/wp\/v2\/media?parent=66388"}],"wp:term":[{"taxonomy":"recipe","embeddable":true,"href":"https:\/\/lebouquet.brstdev.com\/fr\/wp-json\/wp\/v2\/recipe?post=66388"},{"taxonomy":"product_brand","embeddable":true,"href":"https:\/\/lebouquet.brstdev.com\/fr\/wp-json\/wp\/v2\/product_brand?post=66388"},{"taxonomy":"product_cat","embeddable":true,"href":"https:\/\/lebouquet.brstdev.com\/fr\/wp-json\/wp\/v2\/product_cat?post=66388"},{"taxonomy":"product_tag","embeddable":true,"href":"https:\/\/lebouquet.brstdev.com\/fr\/wp-json\/wp\/v2\/product_tag?post=66388"}],"curies":[{"name":"wp","href":"https:\/\/api.w.org\/{rel}","templated":true}]}}