{"id":66362,"date":"2024-01-19T10:02:15","date_gmt":"2024-01-19T15:02:15","guid":{"rendered":"https:\/\/lebouquetnew.brstdev.com\/dahlia\/"},"modified":"2025-08-13T06:05:10","modified_gmt":"2025-08-13T10:05:10","slug":"dahlia","status":"publish","type":"product","link":"https:\/\/lebouquet.brstdev.com\/fr\/dahlia\/","title":{"rendered":"Dahlia"},"content":{"rendered":"<p>C\u00e9l\u00e9brez la beaut\u00e9 de la saison avec notre magnifique arrangement de Dahlias, id\u00e9al pour toutes les occasions, y compris Rosh Hashanah. Ce bouquet vibrant pr\u00e9sente un m\u00e9lange de fleurs captivantes telles que des roses, des dahlias, des lisianthus, des hortensias et une pomme verte pour une touche de fra\u00eecheur. Habilement con\u00e7u avec un feuillage luxuriant et du solidago dor\u00e9, cet arrangement floral apporte une touche \u00e9l\u00e9gante et color\u00e9e \u00e0 vos c\u00e9l\u00e9brations. Que vous l&rsquo;offriez en cadeau ou que vous l&rsquo;utilisiez pour embellir votre espace, l&rsquo;arrangement de Dahlias apportera joie et sophistication \u00e0 toute occasion.<\/p>\n<p><strong>Parfait pour<\/strong>: Les c\u00e9l\u00e9brations, les f\u00eates, et Rosh Hashanah<\/p>\n","protected":false},"excerpt":{"rendered":"<p>&#8211; 10&Prime; H x 10&Prime; L<\/p>\n","protected":false},"featured_media":98217,"comment_status":"open","ping_status":"closed","template":"","meta":{"_acf_changed":false,"inline_featured_image":false},"recipe":[],"product_brand":[],"product_cat":[7565,7566,7560,7559,7569,17153,7554,7553,7586,7585],"product_tag":[],"class_list":{"0":"post-66362","1":"product","2":"type-product","3":"status-publish","4":"has-post-thumbnail","6":"product_cat-arrangements","7":"product_cat-arrangements-2","8":"product_cat-fleurs-2-2","9":"product_cat-flowers","10":"product_cat-occasions","11":"product_cat-occasions-fr","12":"product_cat-populaires","13":"product_cat-popular","14":"product_cat-roch-hachana","15":"product_cat-rosh-hashanah","17":"first","18":"instock","19":"shipping-taxable","20":"purchasable","21":"product-type-simple"},"acf":[],"_links":{"self":[{"href":"https:\/\/lebouquet.brstdev.com\/fr\/wp-json\/wp\/v2\/product\/66362","targetHints":{"allow":["GET"]}}],"collection":[{"href":"https:\/\/lebouquet.brstdev.com\/fr\/wp-json\/wp\/v2\/product"}],"about":[{"href":"https:\/\/lebouquet.brstdev.com\/fr\/wp-json\/wp\/v2\/types\/product"}],"replies":[{"embeddable":true,"href":"https:\/\/lebouquet.brstdev.com\/fr\/wp-json\/wp\/v2\/comments?post=66362"}],"wp:featuredmedia":[{"embeddable":true,"href":"https:\/\/lebouquet.brstdev.com\/fr\/wp-json\/wp\/v2\/media\/98217"}],"wp:attachment":[{"href":"https:\/\/lebouquet.brstdev.com\/fr\/wp-json\/wp\/v2\/media?parent=66362"}],"wp:term":[{"taxonomy":"recipe","embeddable":true,"href":"https:\/\/lebouquet.brstdev.com\/fr\/wp-json\/wp\/v2\/recipe?post=66362"},{"taxonomy":"product_brand","embeddable":true,"href":"https:\/\/lebouquet.brstdev.com\/fr\/wp-json\/wp\/v2\/product_brand?post=66362"},{"taxonomy":"product_cat","embeddable":true,"href":"https:\/\/lebouquet.brstdev.com\/fr\/wp-json\/wp\/v2\/product_cat?post=66362"},{"taxonomy":"product_tag","embeddable":true,"href":"https:\/\/lebouquet.brstdev.com\/fr\/wp-json\/wp\/v2\/product_tag?post=66362"}],"curies":[{"name":"wp","href":"https:\/\/api.w.org\/{rel}","templated":true}]}}