{"id":66338,"date":"2024-01-19T10:02:03","date_gmt":"2024-01-19T15:02:03","guid":{"rendered":"https:\/\/lebouquetnew.brstdev.com\/zamifolia\/"},"modified":"2025-08-13T06:21:06","modified_gmt":"2025-08-13T10:21:06","slug":"zamifolia","status":"publish","type":"product","link":"https:\/\/lebouquet.brstdev.com\/fr\/zamifolia\/","title":{"rendered":"Zamifolia"},"content":{"rendered":"<p>La plante Zamifolia est l&rsquo;une des plantes les plus faciles \u00e0 entretenir. Elle prosp\u00e8re si on la laisse tranquille et qu&rsquo;on l&rsquo;arrose toutes les 2 ou 3 semaines. Elle peut tol\u00e9rer n&rsquo;importe quel type de soleil, allant d&rsquo;une lumi\u00e8re indirecte brillante \u00e0 des espaces \u00e0 basse lumi\u00e8re.<\/p>\n<p>Cette plante est parfaite pour les grands voyageurs ou les bureaux.<\/p>\n<p>Les ZZ ne sont pas seulement l&rsquo;une des plantes les plus rustiques, mais aussi l&rsquo;une des plus b\u00e9n\u00e9fiques pour votre sant\u00e9. Il a \u00e9t\u00e9 scientifiquement prouv\u00e9 qu&rsquo;elles \u00e9liminent plusieurs compos\u00e9s organiques volatils de l&rsquo;air.<\/p>\n<p>Sans compter que leur feuillage est magnifique et ajoute une touche exotique \u00e0 votre espace. Les pots varieront.<\/p>\n","protected":false},"excerpt":{"rendered":"<p>Environ 24&Prime; de hauteur plant\u00e9e dans un pot de 7&Prime;.<\/p>\n","protected":false},"featured_media":66322,"comment_status":"open","ping_status":"closed","template":"","meta":{"_acf_changed":false},"recipe":[],"product_brand":[],"product_cat":[7645,18053,7646,18052],"product_tag":[],"class_list":{"0":"post-66338","1":"product","2":"type-product","3":"status-publish","4":"has-post-thumbnail","6":"product_cat-flowering-and-green-plants","7":"product_cat-plantes","8":"product_cat-plantes-vertes-et-fleuries","9":"product_cat-plants","11":"first","12":"instock","13":"shipping-taxable","14":"purchasable","15":"product-type-simple"},"acf":[],"_links":{"self":[{"href":"https:\/\/lebouquet.brstdev.com\/fr\/wp-json\/wp\/v2\/product\/66338","targetHints":{"allow":["GET"]}}],"collection":[{"href":"https:\/\/lebouquet.brstdev.com\/fr\/wp-json\/wp\/v2\/product"}],"about":[{"href":"https:\/\/lebouquet.brstdev.com\/fr\/wp-json\/wp\/v2\/types\/product"}],"replies":[{"embeddable":true,"href":"https:\/\/lebouquet.brstdev.com\/fr\/wp-json\/wp\/v2\/comments?post=66338"}],"wp:featuredmedia":[{"embeddable":true,"href":"https:\/\/lebouquet.brstdev.com\/fr\/wp-json\/wp\/v2\/media\/66322"}],"wp:attachment":[{"href":"https:\/\/lebouquet.brstdev.com\/fr\/wp-json\/wp\/v2\/media?parent=66338"}],"wp:term":[{"taxonomy":"recipe","embeddable":true,"href":"https:\/\/lebouquet.brstdev.com\/fr\/wp-json\/wp\/v2\/recipe?post=66338"},{"taxonomy":"product_brand","embeddable":true,"href":"https:\/\/lebouquet.brstdev.com\/fr\/wp-json\/wp\/v2\/product_brand?post=66338"},{"taxonomy":"product_cat","embeddable":true,"href":"https:\/\/lebouquet.brstdev.com\/fr\/wp-json\/wp\/v2\/product_cat?post=66338"},{"taxonomy":"product_tag","embeddable":true,"href":"https:\/\/lebouquet.brstdev.com\/fr\/wp-json\/wp\/v2\/product_tag?post=66338"}],"curies":[{"name":"wp","href":"https:\/\/api.w.org\/{rel}","templated":true}]}}