{"id":66337,"date":"2024-01-19T10:01:26","date_gmt":"2024-01-19T15:01:26","guid":{"rendered":"https:\/\/lebouquetnew.brstdev.com\/delightful-daisies\/"},"modified":"2026-01-17T15:50:02","modified_gmt":"2026-01-17T20:50:02","slug":"merveilleuses-marguerites","status":"publish","type":"product","link":"https:\/\/lebouquet.brstdev.com\/fr\/merveilleuses-marguerites\/","title":{"rendered":"Merveilleuses marguerites"},"content":{"rendered":"<p>Offrez un rayon de soleil avec le bouquet \u00ab\u00a0Merveilleuses marguerites\u00a0\u00bb un m\u00e9lange vibrant de couleurs qui symbolise les plaisirs simples de la vie. Compos\u00e9 de jaunes lumineux, de fuchsias riches et de blancs nets, ce bouquet irradie le bonheur et le charme.<\/p>\n<p>S\u00e9lectionn\u00e9es pour leur \u00e9clat saisissant et leur fra\u00eecheur, les marguerites sont lov\u00e9es parmi le gypsophile d\u00e9licat et un feuillage verdoyant, cr\u00e9ant un arrangement aussi vivifiant qu&rsquo;un ciel clair et ensoleill\u00e9. Id\u00e9al pour tout type d&rsquo;\u00e9v\u00e9nement, ce bouquet est un phare de joie, parfait pour exprimer de l&rsquo;affection, partager la joie ou apporter la beaut\u00e9 naturelle \u00e0 l&rsquo;int\u00e9rieur.<\/p>\n<p>Envoyer le le bouquet \u00ab\u00a0Merveilleuses marguerites\u00a0\u00bb est plus qu&rsquo;un cadeau \u2014 c&rsquo;est l&rsquo;envoi d&rsquo;un message promettant des moments gais et \u00e9clatants.<\/p>\n","protected":false},"excerpt":{"rendered":"<ul>\n<li>Stantard- 7 tiges<\/li>\n<li>De luxe- 12 tiges<\/li>\n<\/ul>\n","protected":false},"featured_media":90615,"comment_status":"open","ping_status":"closed","template":"","meta":{"_acf_changed":false},"recipe":[],"product_brand":[],"product_cat":[7568,7588,7560,17153,7554],"product_tag":[],"class_list":{"0":"post-66337","1":"product","2":"type-product","3":"status-publish","4":"has-post-thumbnail","6":"product_cat-bouquets-fleurs-variete-unique-montreal","7":"product_cat-fete-des-meres-evenements","8":"product_cat-fleurs-montreal","9":"product_cat-fleurs-occasions-montreal","10":"product_cat-populaires","12":"first","13":"instock","14":"shipping-taxable","15":"purchasable","16":"product-type-simple"},"acf":[],"_links":{"self":[{"href":"https:\/\/lebouquet.brstdev.com\/fr\/wp-json\/wp\/v2\/product\/66337","targetHints":{"allow":["GET"]}}],"collection":[{"href":"https:\/\/lebouquet.brstdev.com\/fr\/wp-json\/wp\/v2\/product"}],"about":[{"href":"https:\/\/lebouquet.brstdev.com\/fr\/wp-json\/wp\/v2\/types\/product"}],"replies":[{"embeddable":true,"href":"https:\/\/lebouquet.brstdev.com\/fr\/wp-json\/wp\/v2\/comments?post=66337"}],"wp:featuredmedia":[{"embeddable":true,"href":"https:\/\/lebouquet.brstdev.com\/fr\/wp-json\/wp\/v2\/media\/90615"}],"wp:attachment":[{"href":"https:\/\/lebouquet.brstdev.com\/fr\/wp-json\/wp\/v2\/media?parent=66337"}],"wp:term":[{"taxonomy":"recipe","embeddable":true,"href":"https:\/\/lebouquet.brstdev.com\/fr\/wp-json\/wp\/v2\/recipe?post=66337"},{"taxonomy":"product_brand","embeddable":true,"href":"https:\/\/lebouquet.brstdev.com\/fr\/wp-json\/wp\/v2\/product_brand?post=66337"},{"taxonomy":"product_cat","embeddable":true,"href":"https:\/\/lebouquet.brstdev.com\/fr\/wp-json\/wp\/v2\/product_cat?post=66337"},{"taxonomy":"product_tag","embeddable":true,"href":"https:\/\/lebouquet.brstdev.com\/fr\/wp-json\/wp\/v2\/product_tag?post=66337"}],"curies":[{"name":"wp","href":"https:\/\/api.w.org\/{rel}","templated":true}]}}