{"id":66318,"date":"2024-01-19T10:01:53","date_gmt":"2024-01-19T15:01:53","guid":{"rendered":"https:\/\/lebouquetnew.brstdev.com\/green-apple\/"},"modified":"2025-08-13T06:05:12","modified_gmt":"2025-08-13T10:05:12","slug":"pomme-verte","status":"publish","type":"product","link":"https:\/\/lebouquet.brstdev.com\/fr\/pomme-verte\/","title":{"rendered":"Pomme verte"},"content":{"rendered":"<p>La pomme verte est rustique mais \u00e9l\u00e9gante.<\/p>\n<p>Le vase rond en verre est rempli de roses de jardin cr\u00e8me, de roses en spray, de lys orientaux au parfum \u00e9tonnant, de pommes vertes et de bl\u00e9 pour le d\u00e9cor.<\/p>\n","protected":false},"excerpt":{"rendered":"<p>&#8211; 12&Prime; H x 12&Prime; L<\/p>\n","protected":false},"featured_media":66300,"comment_status":"open","ping_status":"closed","template":"","meta":{"_acf_changed":false,"inline_featured_image":false},"recipe":[],"product_brand":[],"product_cat":[7565,7566,7556,7555,7560,7559,7569,17153,7586,7585],"product_tag":[],"class_list":{"0":"post-66318","1":"product","2":"type-product","3":"status-publish","4":"has-post-thumbnail","6":"product_cat-arrangements","7":"product_cat-arrangements-2","8":"product_cat-automne","9":"product_cat-fall","10":"product_cat-fleurs-2-2","11":"product_cat-flowers","12":"product_cat-occasions","13":"product_cat-occasions-fr","14":"product_cat-roch-hachana","15":"product_cat-rosh-hashanah","17":"first","18":"instock","19":"shipping-taxable","20":"purchasable","21":"product-type-simple"},"acf":[],"_links":{"self":[{"href":"https:\/\/lebouquet.brstdev.com\/fr\/wp-json\/wp\/v2\/product\/66318","targetHints":{"allow":["GET"]}}],"collection":[{"href":"https:\/\/lebouquet.brstdev.com\/fr\/wp-json\/wp\/v2\/product"}],"about":[{"href":"https:\/\/lebouquet.brstdev.com\/fr\/wp-json\/wp\/v2\/types\/product"}],"replies":[{"embeddable":true,"href":"https:\/\/lebouquet.brstdev.com\/fr\/wp-json\/wp\/v2\/comments?post=66318"}],"wp:featuredmedia":[{"embeddable":true,"href":"https:\/\/lebouquet.brstdev.com\/fr\/wp-json\/wp\/v2\/media\/66300"}],"wp:attachment":[{"href":"https:\/\/lebouquet.brstdev.com\/fr\/wp-json\/wp\/v2\/media?parent=66318"}],"wp:term":[{"taxonomy":"recipe","embeddable":true,"href":"https:\/\/lebouquet.brstdev.com\/fr\/wp-json\/wp\/v2\/recipe?post=66318"},{"taxonomy":"product_brand","embeddable":true,"href":"https:\/\/lebouquet.brstdev.com\/fr\/wp-json\/wp\/v2\/product_brand?post=66318"},{"taxonomy":"product_cat","embeddable":true,"href":"https:\/\/lebouquet.brstdev.com\/fr\/wp-json\/wp\/v2\/product_cat?post=66318"},{"taxonomy":"product_tag","embeddable":true,"href":"https:\/\/lebouquet.brstdev.com\/fr\/wp-json\/wp\/v2\/product_tag?post=66318"}],"curies":[{"name":"wp","href":"https:\/\/api.w.org\/{rel}","templated":true}]}}