{"id":66217,"date":"2024-01-19T10:00:57","date_gmt":"2024-01-19T15:00:57","guid":{"rendered":"https:\/\/lebouquetnew.brstdev.com\/the-rosie-arrangement\/"},"modified":"2025-08-13T06:05:15","modified_gmt":"2025-08-13T10:05:15","slug":"larrangement-rose","status":"publish","type":"product","link":"https:\/\/lebouquet.brstdev.com\/fr\/larrangement-rose\/","title":{"rendered":"L&rsquo;Arrangement Ros\u00e9"},"content":{"rendered":"<p>Ce magnifique arrangement est id\u00e9al pour toutes les occasions, des anniversaires et fian\u00e7ailles aux anniversaires et \u00e0 la f\u00eate des M\u00e8res. Compos\u00e9 d&rsquo;une jolie combinaison d&rsquo;\u0153illets ros\u00e9s, de douces marguerites, de caspias et d&rsquo;asters matsumoto vibrants, le doux m\u00e9lange de roses et de violets apporte \u00e9l\u00e9gance et joie \u00e0 tout espace. Cet arrangement est le cadeau parfait pour une personne sp\u00e9ciale ou une superbe d\u00e9coration pour la maison.<\/p>\n<p>Environ 12&Prime; de hauteur et 10&Prime; de largeur<\/p>\n","protected":false},"excerpt":{"rendered":"<p>Ce magnifique arrangement est id\u00e9al pour toutes les occasions, des anniversaires et fian\u00e7ailles aux anniversaires et \u00e0 la f\u00eate des M\u00e8res. Compos\u00e9 d&rsquo;une jolie combinaison d&rsquo;\u0153illets ros\u00e9s, de douces marguerites, de caspias et d&rsquo;asters matsumoto vibrants, le doux m\u00e9lange de roses et de violets apporte \u00e9l\u00e9gance et joie \u00e0 tout espace. Cet arrangement est le [&hellip;]<\/p>\n","protected":false},"featured_media":98044,"comment_status":"open","ping_status":"closed","template":"","meta":{"_acf_changed":false,"inline_featured_image":false},"recipe":[],"product_brand":[],"product_cat":[7592,7565,7566,7591,7560,7559,7569,17153],"product_tag":[],"class_list":{"0":"post-66217","1":"product","2":"type-product","3":"status-publish","4":"has-post-thumbnail","6":"product_cat-anniversaire-de-naissance","7":"product_cat-arrangements","8":"product_cat-arrangements-2","9":"product_cat-birthdays","10":"product_cat-fleurs-2-2","11":"product_cat-flowers","12":"product_cat-occasions","13":"product_cat-occasions-fr","15":"first","16":"instock","17":"shipping-taxable","18":"purchasable","19":"product-type-simple"},"acf":[],"_links":{"self":[{"href":"https:\/\/lebouquet.brstdev.com\/fr\/wp-json\/wp\/v2\/product\/66217","targetHints":{"allow":["GET"]}}],"collection":[{"href":"https:\/\/lebouquet.brstdev.com\/fr\/wp-json\/wp\/v2\/product"}],"about":[{"href":"https:\/\/lebouquet.brstdev.com\/fr\/wp-json\/wp\/v2\/types\/product"}],"replies":[{"embeddable":true,"href":"https:\/\/lebouquet.brstdev.com\/fr\/wp-json\/wp\/v2\/comments?post=66217"}],"wp:featuredmedia":[{"embeddable":true,"href":"https:\/\/lebouquet.brstdev.com\/fr\/wp-json\/wp\/v2\/media\/98044"}],"wp:attachment":[{"href":"https:\/\/lebouquet.brstdev.com\/fr\/wp-json\/wp\/v2\/media?parent=66217"}],"wp:term":[{"taxonomy":"recipe","embeddable":true,"href":"https:\/\/lebouquet.brstdev.com\/fr\/wp-json\/wp\/v2\/recipe?post=66217"},{"taxonomy":"product_brand","embeddable":true,"href":"https:\/\/lebouquet.brstdev.com\/fr\/wp-json\/wp\/v2\/product_brand?post=66217"},{"taxonomy":"product_cat","embeddable":true,"href":"https:\/\/lebouquet.brstdev.com\/fr\/wp-json\/wp\/v2\/product_cat?post=66217"},{"taxonomy":"product_tag","embeddable":true,"href":"https:\/\/lebouquet.brstdev.com\/fr\/wp-json\/wp\/v2\/product_tag?post=66217"}],"curies":[{"name":"wp","href":"https:\/\/api.w.org\/{rel}","templated":true}]}}