{"id":66193,"date":"2024-01-19T10:00:48","date_gmt":"2024-01-19T15:00:48","guid":{"rendered":"https:\/\/lebouquetnew.brstdev.com\/custom-small-wall-spray\/"},"modified":"2025-08-13T06:05:16","modified_gmt":"2025-08-13T10:05:16","slug":"petit-mur-de-fleurs-personnalise","status":"publish","type":"product","link":"https:\/\/lebouquet.brstdev.com\/fr\/petit-mur-de-fleurs-personnalise\/","title":{"rendered":"Petit mur de fleurs personnalis\u00e9"},"content":{"rendered":"<p>Le \u00ab\u00a0petit\u00a0\u00bb mur de fleurs personnalis\u00e9 est plus grand qu&rsquo;on ne le croit. D&rsquo;une longueur de 36 pouces et d&rsquo;une hauteur de 16 pouces, le mur de fleurs personnalis\u00e9 est une pi\u00e8ce \u00e9tonnante.<\/p>\n<p>C&rsquo;est une fa\u00e7on magnifique, moderne et personnalis\u00e9e d&rsquo;honorer la personne que vous avez perdue.<\/p>\n<p>Contactez-nous pour obtenir le mot personnalis\u00e9 ou inscrivez-le dans les instructions sp\u00e9ciales \u00e0 la fin du processus de commande. Nous avons besoin d&rsquo;un minimum de 4 jours pour personnaliser votre composition murale.<\/p>\n","protected":false},"excerpt":{"rendered":"<p>Le \u00ab\u00a0petit\u00a0\u00bb mur de fleurs personnalis\u00e9 est plus grand qu&rsquo;on ne le croit. D&rsquo;une longueur de 36 pouces et d&rsquo;une hauteur de 16 pouces, le mur de fleurs personnalis\u00e9 est une pi\u00e8ce \u00e9tonnante. C&rsquo;est une fa\u00e7on magnifique, moderne et personnalis\u00e9e d&rsquo;honorer la personne que vous avez perdue. Contactez-nous pour obtenir le mot personnalis\u00e9 ou inscrivez-le [&hellip;]<\/p>\n","protected":false},"featured_media":66174,"comment_status":"open","ping_status":"closed","template":"","meta":{"_acf_changed":false,"inline_featured_image":false},"recipe":[],"product_brand":[],"product_cat":[7623,7620,7619,7624],"product_tag":[],"class_list":{"0":"post-66193","1":"product","2":"type-product","3":"status-publish","4":"has-post-thumbnail","6":"product_cat-customized-specialties","7":"product_cat-funeraire","8":"product_cat-funeral","9":"product_cat-pieces-personnalisees-funeraire","11":"first","12":"instock","13":"shipping-taxable","14":"purchasable","15":"product-type-simple"},"acf":[],"_links":{"self":[{"href":"https:\/\/lebouquet.brstdev.com\/fr\/wp-json\/wp\/v2\/product\/66193","targetHints":{"allow":["GET"]}}],"collection":[{"href":"https:\/\/lebouquet.brstdev.com\/fr\/wp-json\/wp\/v2\/product"}],"about":[{"href":"https:\/\/lebouquet.brstdev.com\/fr\/wp-json\/wp\/v2\/types\/product"}],"replies":[{"embeddable":true,"href":"https:\/\/lebouquet.brstdev.com\/fr\/wp-json\/wp\/v2\/comments?post=66193"}],"wp:featuredmedia":[{"embeddable":true,"href":"https:\/\/lebouquet.brstdev.com\/fr\/wp-json\/wp\/v2\/media\/66174"}],"wp:attachment":[{"href":"https:\/\/lebouquet.brstdev.com\/fr\/wp-json\/wp\/v2\/media?parent=66193"}],"wp:term":[{"taxonomy":"recipe","embeddable":true,"href":"https:\/\/lebouquet.brstdev.com\/fr\/wp-json\/wp\/v2\/recipe?post=66193"},{"taxonomy":"product_brand","embeddable":true,"href":"https:\/\/lebouquet.brstdev.com\/fr\/wp-json\/wp\/v2\/product_brand?post=66193"},{"taxonomy":"product_cat","embeddable":true,"href":"https:\/\/lebouquet.brstdev.com\/fr\/wp-json\/wp\/v2\/product_cat?post=66193"},{"taxonomy":"product_tag","embeddable":true,"href":"https:\/\/lebouquet.brstdev.com\/fr\/wp-json\/wp\/v2\/product_tag?post=66193"}],"curies":[{"name":"wp","href":"https:\/\/api.w.org\/{rel}","templated":true}]}}