{"id":66175,"date":"2024-01-19T10:00:42","date_gmt":"2024-01-19T15:00:42","guid":{"rendered":"https:\/\/lebouquetnew.brstdev.com\/gypsophila-flower-crown\/"},"modified":"2026-03-28T04:02:34","modified_gmt":"2026-03-28T08:02:34","slug":"coiffe-florale-de-gypsophile","status":"publish","type":"product","link":"https:\/\/lebouquet.brstdev.com\/fr\/coiffe-florale-de-gypsophile\/","title":{"rendered":"Coiffe florale de Gypsophile"},"content":{"rendered":"<p>Simplicit\u00e9 et d\u00e9licatesse sont unies par cette couronne fait de gypsophile, nomm\u00e9 aussi parfois soupir de b\u00e9b\u00e9.&nbsp;<\/p>\n<p>Taille maximale est de 2 pieds de long. Veuillez nous sp\u00e9cifier dans les instructions la longueur requise. Et si vous d\u00e9sirez en avoir une plus longue que 2 pieds, veuillez nous contacter<\/p>\n","protected":false},"excerpt":{"rendered":"<p>Simplicit\u00e9 et d\u00e9licatesse sont unies par cette couronne fait de gypsophile, nomm\u00e9 aussi parfois soupir de b\u00e9b\u00e9.&nbsp; Taille maximale est de 2 pieds de long. Veuillez nous sp\u00e9cifier dans les instructions la longueur requise. Et si vous d\u00e9sirez en avoir une plus longue que 2 pieds, veuillez nous contacter<\/p>\n","protected":false},"featured_media":66157,"comment_status":"open","ping_status":"closed","template":"","meta":{"_acf_changed":false},"recipe":[],"product_brand":[],"product_cat":[7606,17153,7600],"product_tag":[],"class_list":{"0":"post-66175","1":"product","2":"type-product","3":"status-publish","4":"has-post-thumbnail","6":"product_cat-bracelets-a-fleurs-graduations-et-bals-des-finissants-evenements","7":"product_cat-fleurs-occasions-montreal","8":"product_cat-graduations-et-bals-des-finissants-evenements","10":"first","11":"instock","12":"shipping-taxable","13":"purchasable","14":"product-type-simple"},"acf":[],"_links":{"self":[{"href":"https:\/\/lebouquet.brstdev.com\/fr\/wp-json\/wp\/v2\/product\/66175","targetHints":{"allow":["GET"]}}],"collection":[{"href":"https:\/\/lebouquet.brstdev.com\/fr\/wp-json\/wp\/v2\/product"}],"about":[{"href":"https:\/\/lebouquet.brstdev.com\/fr\/wp-json\/wp\/v2\/types\/product"}],"replies":[{"embeddable":true,"href":"https:\/\/lebouquet.brstdev.com\/fr\/wp-json\/wp\/v2\/comments?post=66175"}],"wp:featuredmedia":[{"embeddable":true,"href":"https:\/\/lebouquet.brstdev.com\/fr\/wp-json\/wp\/v2\/media\/66157"}],"wp:attachment":[{"href":"https:\/\/lebouquet.brstdev.com\/fr\/wp-json\/wp\/v2\/media?parent=66175"}],"wp:term":[{"taxonomy":"recipe","embeddable":true,"href":"https:\/\/lebouquet.brstdev.com\/fr\/wp-json\/wp\/v2\/recipe?post=66175"},{"taxonomy":"product_brand","embeddable":true,"href":"https:\/\/lebouquet.brstdev.com\/fr\/wp-json\/wp\/v2\/product_brand?post=66175"},{"taxonomy":"product_cat","embeddable":true,"href":"https:\/\/lebouquet.brstdev.com\/fr\/wp-json\/wp\/v2\/product_cat?post=66175"},{"taxonomy":"product_tag","embeddable":true,"href":"https:\/\/lebouquet.brstdev.com\/fr\/wp-json\/wp\/v2\/product_tag?post=66175"}],"curies":[{"name":"wp","href":"https:\/\/api.w.org\/{rel}","templated":true}]}}