{"id":66170,"date":"2024-01-19T10:00:40","date_gmt":"2024-01-19T15:00:40","guid":{"rendered":"https:\/\/lebouquetnew.brstdev.com\/flowers-by-valerie\/"},"modified":"2025-08-13T06:05:17","modified_gmt":"2025-08-13T10:05:17","slug":"fleurs-par-valerie","status":"publish","type":"product","link":"https:\/\/lebouquet.brstdev.com\/fr\/fleurs-par-valerie\/","title":{"rendered":"Fleurs par Valerie"},"content":{"rendered":"<p>Laissez-vous s\u00e9duire par l&rsquo;opulence de notre composition pour la f\u00eate des m\u00e8res, m\u00e9ticuleusement r\u00e9alis\u00e9e \u00e0 la main par Val\u00e9rie.<\/p>\n<p>Pr\u00e9sent\u00e9e dans un vase lustr\u00e9 en or bross\u00e9, cette superbe composition se targue d&rsquo;un \u00e9ventail de fleurs exquises, dont la beaut\u00e9 intemporelle des roses, les tulipes color\u00e9es, les d\u00e9licates renoncules et l&rsquo;\u00e9l\u00e9gant lys calla.<\/p>\n<p>L&rsquo;ajout d&rsquo;eryngium vibrant et d&rsquo;un brunia argent\u00e9 unique \u00e9l\u00e8ve cette composition au rang de v\u00e9ritable luxe.<\/p>\n<p>Parfait pour le destinataire exigeant, ce chef-d&rsquo;\u0153uvre captivera et ravira par sa beaut\u00e9 \u00e9poustouflante et son impact inoubliable.<\/p>\n<p>Commandez maintenant pour d\u00e9couvrir le summum de l&rsquo;\u00e9l\u00e9gance florale.<\/p>\n","protected":false},"excerpt":{"rendered":"<p>Approximately &#8211; 12&Prime; H x 25&Prime; L<\/p>\n","protected":false},"featured_media":66148,"comment_status":"open","ping_status":"closed","template":"","meta":{"_acf_changed":false,"inline_featured_image":false},"recipe":[],"product_brand":[],"product_cat":[7565,7566,7588,7560,7559,7569,7587,17153],"product_tag":[],"class_list":{"0":"post-66170","1":"product","2":"type-product","3":"status-publish","4":"has-post-thumbnail","6":"product_cat-arrangements","7":"product_cat-arrangements-2","8":"product_cat-fete-des-meres-evenements","9":"product_cat-fleurs-2-2","10":"product_cat-flowers","11":"product_cat-occasions","12":"product_cat-mothers-day","13":"product_cat-occasions-fr","15":"first","16":"instock","17":"shipping-taxable","18":"purchasable","19":"product-type-simple"},"acf":[],"_links":{"self":[{"href":"https:\/\/lebouquet.brstdev.com\/fr\/wp-json\/wp\/v2\/product\/66170","targetHints":{"allow":["GET"]}}],"collection":[{"href":"https:\/\/lebouquet.brstdev.com\/fr\/wp-json\/wp\/v2\/product"}],"about":[{"href":"https:\/\/lebouquet.brstdev.com\/fr\/wp-json\/wp\/v2\/types\/product"}],"replies":[{"embeddable":true,"href":"https:\/\/lebouquet.brstdev.com\/fr\/wp-json\/wp\/v2\/comments?post=66170"}],"wp:featuredmedia":[{"embeddable":true,"href":"https:\/\/lebouquet.brstdev.com\/fr\/wp-json\/wp\/v2\/media\/66148"}],"wp:attachment":[{"href":"https:\/\/lebouquet.brstdev.com\/fr\/wp-json\/wp\/v2\/media?parent=66170"}],"wp:term":[{"taxonomy":"recipe","embeddable":true,"href":"https:\/\/lebouquet.brstdev.com\/fr\/wp-json\/wp\/v2\/recipe?post=66170"},{"taxonomy":"product_brand","embeddable":true,"href":"https:\/\/lebouquet.brstdev.com\/fr\/wp-json\/wp\/v2\/product_brand?post=66170"},{"taxonomy":"product_cat","embeddable":true,"href":"https:\/\/lebouquet.brstdev.com\/fr\/wp-json\/wp\/v2\/product_cat?post=66170"},{"taxonomy":"product_tag","embeddable":true,"href":"https:\/\/lebouquet.brstdev.com\/fr\/wp-json\/wp\/v2\/product_tag?post=66170"}],"curies":[{"name":"wp","href":"https:\/\/api.w.org\/{rel}","templated":true}]}}