{"id":66063,"date":"2024-01-19T09:59:00","date_gmt":"2024-01-19T14:59:00","guid":{"rendered":"https:\/\/lebouquetnew.brstdev.com\/freesia-wristlet\/"},"modified":"2026-04-04T12:00:16","modified_gmt":"2026-04-04T16:00:16","slug":"bracelet-a-fleurs-de-freesias","status":"publish","type":"product","link":"https:\/\/lebouquet.brstdev.com\/fr\/bracelet-a-fleurs-de-freesias\/","title":{"rendered":"Bracelet \u00e0 fleurs de freesias"},"content":{"rendered":"<p>D\u00e9licat et \u00e9l\u00e9gant, le corsage bracelet Fior Freesia est un accessoire floral raffin\u00e9 con\u00e7u pour \u00eatre port\u00e9 confortablement au poignet. Compos\u00e9 de douces fleurs de freesia blanches, il symbolise la puret\u00e9 et une beaut\u00e9 intemporelle, parfait pour les mariages, bals et occasions sp\u00e9ciales.<\/p>\n<p>Orn\u00e9 au choix de verdure fra\u00eeche ou de gypsophile (baby\u2019s breath), il offre un style l\u00e9ger et naturel qui compl\u00e8te harmonieusement \u043b\u044e\u0431\u0443\u044e tenue. Mont\u00e9 sur un bracelet extensible ou un support type bracelet, il assure un maintien confortable et s\u00e9curis\u00e9 tout au long de la journ\u00e9e ou de la soir\u00e9e.<\/p>\n<p><strong>Caract\u00e9ristiques :<\/strong><\/p>\n<ul>\n<li>Fleurs de freesia blanches fra\u00eeches<\/li>\n<li>Choix d\u2019accompagnement : verdure ou gypsophile<\/li>\n<li>Se porte au poignet avec un bracelet extensible ou support rigide<\/li>\n<li>L\u00e9ger, confortable et bien ajust\u00e9<\/li>\n<li>Confection artisanale pour une finition soign\u00e9e<\/li>\n<\/ul>\n<p><strong>Tailles disponibles :<\/strong><\/p>\n<ul>\n<li><strong>Taille standard :<\/strong> d\u00e9licate et discr\u00e8te pour un look \u00e9pur\u00e9<\/li>\n<li><strong>Taille deluxe :<\/strong> composition plus fournie pour un effet plus remarquable<\/li>\n<\/ul>\n<p>Une touche florale \u00e9l\u00e9gante et f\u00e9minine pour sublimer votre tenue lors d\u2019un \u00e9v\u00e9nement sp\u00e9cial.<\/p>\n","protected":false},"excerpt":{"rendered":"<p>D\u00e9licat et \u00e9l\u00e9gant, le corsage bracelet Fior Freesia est un accessoire floral raffin\u00e9 con\u00e7u pour \u00eatre port\u00e9 confortablement au poignet. Compos\u00e9 de douces fleurs de freesia blanches, il symbolise la puret\u00e9 et une beaut\u00e9 intemporelle, parfait pour les mariages, bals et occasions sp\u00e9ciales. Orn\u00e9 au choix de verdure fra\u00eeche ou de gypsophile (baby\u2019s breath), il [&hellip;]<\/p>\n","protected":false},"featured_media":66002,"comment_status":"open","ping_status":"closed","template":"","meta":{"_acf_changed":false},"recipe":[],"product_brand":[],"product_cat":[7606,17153,7600],"product_tag":[],"class_list":{"0":"post-66063","1":"product","2":"type-product","3":"status-publish","4":"has-post-thumbnail","6":"product_cat-bracelets-a-fleurs-graduations-et-bals-des-finissants-evenements","7":"product_cat-fleurs-occasions-montreal","8":"product_cat-graduations-et-bals-des-finissants-evenements","10":"first","11":"instock","12":"shipping-taxable","13":"purchasable","14":"product-type-simple"},"acf":[],"_links":{"self":[{"href":"https:\/\/lebouquet.brstdev.com\/fr\/wp-json\/wp\/v2\/product\/66063","targetHints":{"allow":["GET"]}}],"collection":[{"href":"https:\/\/lebouquet.brstdev.com\/fr\/wp-json\/wp\/v2\/product"}],"about":[{"href":"https:\/\/lebouquet.brstdev.com\/fr\/wp-json\/wp\/v2\/types\/product"}],"replies":[{"embeddable":true,"href":"https:\/\/lebouquet.brstdev.com\/fr\/wp-json\/wp\/v2\/comments?post=66063"}],"wp:featuredmedia":[{"embeddable":true,"href":"https:\/\/lebouquet.brstdev.com\/fr\/wp-json\/wp\/v2\/media\/66002"}],"wp:attachment":[{"href":"https:\/\/lebouquet.brstdev.com\/fr\/wp-json\/wp\/v2\/media?parent=66063"}],"wp:term":[{"taxonomy":"recipe","embeddable":true,"href":"https:\/\/lebouquet.brstdev.com\/fr\/wp-json\/wp\/v2\/recipe?post=66063"},{"taxonomy":"product_brand","embeddable":true,"href":"https:\/\/lebouquet.brstdev.com\/fr\/wp-json\/wp\/v2\/product_brand?post=66063"},{"taxonomy":"product_cat","embeddable":true,"href":"https:\/\/lebouquet.brstdev.com\/fr\/wp-json\/wp\/v2\/product_cat?post=66063"},{"taxonomy":"product_tag","embeddable":true,"href":"https:\/\/lebouquet.brstdev.com\/fr\/wp-json\/wp\/v2\/product_tag?post=66063"}],"curies":[{"name":"wp","href":"https:\/\/api.w.org\/{rel}","templated":true}]}}