{"id":65783,"date":"2024-01-19T09:56:38","date_gmt":"2024-01-19T14:56:38","guid":{"rendered":"https:\/\/lebouquetnew.brstdev.com\/april\/"},"modified":"2025-08-13T06:05:23","modified_gmt":"2025-08-13T10:05:23","slug":"avril","status":"publish","type":"product","link":"https:\/\/lebouquet.brstdev.com\/fr\/avril\/","title":{"rendered":"Avril"},"content":{"rendered":"<p>April est un tout nouveau concept d&rsquo;arrangement floral !<\/p>\n<p>Avec les tulipes, les iris et les caspias, elle crie le PRINTEMPS.<\/p>\n<p>April est livr\u00e9 arrang\u00e9 dans un sac cadeau sp\u00e9cial qui peut \u00eatre appr\u00e9ci\u00e9 avec vos fleurs, et peut \u00eatre recycl\u00e9 par la suite.<\/p>\n<p><i>La couleur du sac peut varier.<\/i><\/p>\n","protected":false},"excerpt":{"rendered":"<p>April est un tout nouveau concept d&rsquo;arrangement floral ! Avec les tulipes, les iris et les caspias, elle crie le PRINTEMPS. April est livr\u00e9 arrang\u00e9 dans un sac cadeau sp\u00e9cial qui peut \u00eatre appr\u00e9ci\u00e9 avec vos fleurs, et peut \u00eatre recycl\u00e9 par la suite. La couleur du sac peut varier.<\/p>\n","protected":false},"featured_media":65765,"comment_status":"open","ping_status":"closed","template":"","meta":{"_acf_changed":false,"inline_featured_image":false},"recipe":[],"product_brand":[],"product_cat":[7565,7566,7560,7559,7569,17153],"product_tag":[],"class_list":{"0":"post-65783","1":"product","2":"type-product","3":"status-publish","4":"has-post-thumbnail","6":"product_cat-arrangements","7":"product_cat-arrangements-2","8":"product_cat-fleurs-2-2","9":"product_cat-flowers","10":"product_cat-occasions","11":"product_cat-occasions-fr","13":"first","14":"instock","15":"shipping-taxable","16":"purchasable","17":"product-type-simple"},"acf":[],"_links":{"self":[{"href":"https:\/\/lebouquet.brstdev.com\/fr\/wp-json\/wp\/v2\/product\/65783","targetHints":{"allow":["GET"]}}],"collection":[{"href":"https:\/\/lebouquet.brstdev.com\/fr\/wp-json\/wp\/v2\/product"}],"about":[{"href":"https:\/\/lebouquet.brstdev.com\/fr\/wp-json\/wp\/v2\/types\/product"}],"replies":[{"embeddable":true,"href":"https:\/\/lebouquet.brstdev.com\/fr\/wp-json\/wp\/v2\/comments?post=65783"}],"wp:featuredmedia":[{"embeddable":true,"href":"https:\/\/lebouquet.brstdev.com\/fr\/wp-json\/wp\/v2\/media\/65765"}],"wp:attachment":[{"href":"https:\/\/lebouquet.brstdev.com\/fr\/wp-json\/wp\/v2\/media?parent=65783"}],"wp:term":[{"taxonomy":"recipe","embeddable":true,"href":"https:\/\/lebouquet.brstdev.com\/fr\/wp-json\/wp\/v2\/recipe?post=65783"},{"taxonomy":"product_brand","embeddable":true,"href":"https:\/\/lebouquet.brstdev.com\/fr\/wp-json\/wp\/v2\/product_brand?post=65783"},{"taxonomy":"product_cat","embeddable":true,"href":"https:\/\/lebouquet.brstdev.com\/fr\/wp-json\/wp\/v2\/product_cat?post=65783"},{"taxonomy":"product_tag","embeddable":true,"href":"https:\/\/lebouquet.brstdev.com\/fr\/wp-json\/wp\/v2\/product_tag?post=65783"}],"curies":[{"name":"wp","href":"https:\/\/api.w.org\/{rel}","templated":true}]}}