{"id":65445,"date":"2024-01-19T09:53:20","date_gmt":"2024-01-19T14:53:20","guid":{"rendered":"https:\/\/lebouquetnew.brstdev.com\/leopard-cub\/"},"modified":"2025-12-16T01:28:53","modified_gmt":"2025-12-16T06:28:53","slug":"bebe-leopard","status":"publish","type":"product","link":"https:\/\/lebouquet.brstdev.com\/fr\/bebe-leopard\/","title":{"rendered":"Lyla le B\u00e9b\u00e9 L\u00e9opard"},"content":{"rendered":"<p>Avec sa fourrure tachet\u00e9e spectaculaire, ses yeux expressifs et son toucher ultra-doux, le B\u00e9b\u00e9 L\u00e9opard Tachet\u00e9 est un compagnon c\u00e2lin qui apporte une touche de jungle \u00e0 votre quotidien. Fabriqu\u00e9 avec des mat\u00e9riaux de haute qualit\u00e9 et un design r\u00e9aliste, ce petit l\u00e9opard est id\u00e9al pour les enfants, les passionn\u00e9s d\u2019animaux ou les amateurs de peluches originales. Pour jouer, se d\u00e9tendre ou d\u00e9corer, ce f\u00e9lin adorable saura se faire aimer.<\/p>\n","protected":false},"excerpt":{"rendered":"<p>9 pouces de haut, 12 pouces longues<\/p>\n","protected":false},"featured_media":117122,"comment_status":"open","ping_status":"closed","template":"","meta":{"_acf_changed":false},"recipe":[],"product_brand":[],"product_cat":[7648,7652],"product_tag":[],"class_list":{"0":"post-65445","1":"product","2":"type-product","3":"status-publish","4":"has-post-thumbnail","6":"product_cat-cadeaux","7":"product_cat-jouets-en-peluche","9":"first","10":"instock","11":"shipping-taxable","12":"purchasable","13":"product-type-simple"},"acf":[],"_links":{"self":[{"href":"https:\/\/lebouquet.brstdev.com\/fr\/wp-json\/wp\/v2\/product\/65445","targetHints":{"allow":["GET"]}}],"collection":[{"href":"https:\/\/lebouquet.brstdev.com\/fr\/wp-json\/wp\/v2\/product"}],"about":[{"href":"https:\/\/lebouquet.brstdev.com\/fr\/wp-json\/wp\/v2\/types\/product"}],"replies":[{"embeddable":true,"href":"https:\/\/lebouquet.brstdev.com\/fr\/wp-json\/wp\/v2\/comments?post=65445"}],"wp:featuredmedia":[{"embeddable":true,"href":"https:\/\/lebouquet.brstdev.com\/fr\/wp-json\/wp\/v2\/media\/117122"}],"wp:attachment":[{"href":"https:\/\/lebouquet.brstdev.com\/fr\/wp-json\/wp\/v2\/media?parent=65445"}],"wp:term":[{"taxonomy":"recipe","embeddable":true,"href":"https:\/\/lebouquet.brstdev.com\/fr\/wp-json\/wp\/v2\/recipe?post=65445"},{"taxonomy":"product_brand","embeddable":true,"href":"https:\/\/lebouquet.brstdev.com\/fr\/wp-json\/wp\/v2\/product_brand?post=65445"},{"taxonomy":"product_cat","embeddable":true,"href":"https:\/\/lebouquet.brstdev.com\/fr\/wp-json\/wp\/v2\/product_cat?post=65445"},{"taxonomy":"product_tag","embeddable":true,"href":"https:\/\/lebouquet.brstdev.com\/fr\/wp-json\/wp\/v2\/product_tag?post=65445"}],"curies":[{"name":"wp","href":"https:\/\/api.w.org\/{rel}","templated":true}]}}