{"id":65393,"date":"2024-01-19T09:52:57","date_gmt":"2024-01-19T14:52:57","guid":{"rendered":"https:\/\/lebouquetnew.brstdev.com\/easle-stand\/"},"modified":"2025-08-13T06:05:33","modified_gmt":"2025-08-13T10:05:33","slug":"support","status":"publish","type":"product","link":"https:\/\/lebouquet.brstdev.com\/fr\/support\/","title":{"rendered":"Support"},"content":{"rendered":"<p>Un support peut \u00eatre utilis\u00e9 pour soutenir n&rsquo;importe laquelle des compositions florales suivantes lors d&rsquo;un fun\u00e9raille : gerbes murales, couronnes, croix, c\u0153urs ou toute autre pi\u00e8ce personnalis\u00e9e. Les salons fun\u00e9raires offrent le support pour le service, tandis que les \u00e9glises ne le font pas la plupart du temps. Assurez-vous de v\u00e9rifier aupr\u00e8s de l&rsquo;\u00e9glise si elle fournit des supports pour le service fun\u00e9raire.<\/p>\n<p><strong>54&Prime; de hauteur.<\/strong><\/p>\n","protected":false},"excerpt":{"rendered":"<p>54&Prime; in height<\/p>\n","protected":false},"featured_media":65381,"comment_status":"open","ping_status":"closed","template":"","meta":{"_acf_changed":false,"inline_featured_image":false},"recipe":[],"product_brand":[],"product_cat":[7658,7657,7632,7634,7648,7630,7633,7620,7619,7628,7647,7631,7627,7629],"product_tag":[],"class_list":{"0":"post-65393","1":"product","2":"type-product","3":"status-publish","4":"has-post-thumbnail","6":"product_cat-accessoires","7":"product_cat-accessories","8":"product_cat-arrangements-en-forme-de-coeur-funeraire","9":"product_cat-arrangements-en-forme-de-croix-funeraire","10":"product_cat-cadeaux","11":"product_cat-couronnes-funeraire","12":"product_cat-cross-shaped-arrangements","13":"product_cat-funeraire","14":"product_cat-funeral","15":"product_cat-gerbes-murales-funeraire","16":"product_cat-gift-shop","17":"product_cat-heart-shaped-arrangements","18":"product_cat-wall-spray","19":"product_cat-wreaths","21":"first","22":"instock","23":"shipping-taxable","24":"purchasable","25":"product-type-simple"},"acf":[],"_links":{"self":[{"href":"https:\/\/lebouquet.brstdev.com\/fr\/wp-json\/wp\/v2\/product\/65393","targetHints":{"allow":["GET"]}}],"collection":[{"href":"https:\/\/lebouquet.brstdev.com\/fr\/wp-json\/wp\/v2\/product"}],"about":[{"href":"https:\/\/lebouquet.brstdev.com\/fr\/wp-json\/wp\/v2\/types\/product"}],"replies":[{"embeddable":true,"href":"https:\/\/lebouquet.brstdev.com\/fr\/wp-json\/wp\/v2\/comments?post=65393"}],"wp:featuredmedia":[{"embeddable":true,"href":"https:\/\/lebouquet.brstdev.com\/fr\/wp-json\/wp\/v2\/media\/65381"}],"wp:attachment":[{"href":"https:\/\/lebouquet.brstdev.com\/fr\/wp-json\/wp\/v2\/media?parent=65393"}],"wp:term":[{"taxonomy":"recipe","embeddable":true,"href":"https:\/\/lebouquet.brstdev.com\/fr\/wp-json\/wp\/v2\/recipe?post=65393"},{"taxonomy":"product_brand","embeddable":true,"href":"https:\/\/lebouquet.brstdev.com\/fr\/wp-json\/wp\/v2\/product_brand?post=65393"},{"taxonomy":"product_cat","embeddable":true,"href":"https:\/\/lebouquet.brstdev.com\/fr\/wp-json\/wp\/v2\/product_cat?post=65393"},{"taxonomy":"product_tag","embeddable":true,"href":"https:\/\/lebouquet.brstdev.com\/fr\/wp-json\/wp\/v2\/product_tag?post=65393"}],"curies":[{"name":"wp","href":"https:\/\/api.w.org\/{rel}","templated":true}]}}