{"id":65378,"date":"2024-01-19T09:52:05","date_gmt":"2024-01-19T14:52:05","guid":{"rendered":"https:\/\/lebouquetnew.brstdev.com\/yellow-roses\/"},"modified":"2025-08-13T06:05:35","modified_gmt":"2025-08-13T10:05:35","slug":"roses-jaunes","status":"publish","type":"product","link":"https:\/\/lebouquet.brstdev.com\/fr\/roses-jaunes\/","title":{"rendered":"Roses jaunes"},"content":{"rendered":"<p>Le bouquet de roses jaunes, un bouquet joyeux et heureux ! Il est dit que les roses jaunes apportent le bonheur \u00e0 celui qui les re\u00e7oit. Le symbole le plus populaire de la rose jaune est l&rsquo;amiti\u00e9.<\/p>\n<p>Les roses jaunes sont accompagn\u00e9es de gypsophile et de verdure fra\u00eeche, et mesurent environ 60 \u00e0 70 cm de haut.<\/p>\n","protected":false},"excerpt":{"rendered":"<figure class=\"table\">\n<table>\n<tbody>\n<tr>\n<td>Standard<\/td>\n<td>&#8211;&nbsp; &nbsp;6 roses<\/td>\n<\/tr>\n<tr>\n<td>De luxe<\/td>\n<td>&#8211; 12 roses<\/td>\n<\/tr>\n<tr>\n<td>Premium<\/td>\n<td>&#8211; 18 roses<\/td>\n<\/tr>\n<tr>\n<td>Exquis<\/td>\n<td>&#8211; 24 roses<\/td>\n<\/tr>\n<\/tbody>\n<\/table>\n<\/figure>\n","protected":false},"featured_media":65274,"comment_status":"open","ping_status":"closed","template":"","meta":{"_acf_changed":false,"inline_featured_image":false},"recipe":[],"product_brand":[],"product_cat":[7560,7559,7569,17153,7572,7571],"product_tag":[],"class_list":{"0":"post-65378","1":"product","2":"type-product","3":"status-publish","4":"has-post-thumbnail","6":"product_cat-fleurs-2-2","7":"product_cat-flowers","8":"product_cat-occasions","9":"product_cat-occasions-fr","10":"product_cat-saint-valentin","11":"product_cat-valentines","13":"first","14":"instock","15":"shipping-taxable","16":"purchasable","17":"product-type-simple"},"acf":[],"_links":{"self":[{"href":"https:\/\/lebouquet.brstdev.com\/fr\/wp-json\/wp\/v2\/product\/65378","targetHints":{"allow":["GET"]}}],"collection":[{"href":"https:\/\/lebouquet.brstdev.com\/fr\/wp-json\/wp\/v2\/product"}],"about":[{"href":"https:\/\/lebouquet.brstdev.com\/fr\/wp-json\/wp\/v2\/types\/product"}],"replies":[{"embeddable":true,"href":"https:\/\/lebouquet.brstdev.com\/fr\/wp-json\/wp\/v2\/comments?post=65378"}],"wp:featuredmedia":[{"embeddable":true,"href":"https:\/\/lebouquet.brstdev.com\/fr\/wp-json\/wp\/v2\/media\/65274"}],"wp:attachment":[{"href":"https:\/\/lebouquet.brstdev.com\/fr\/wp-json\/wp\/v2\/media?parent=65378"}],"wp:term":[{"taxonomy":"recipe","embeddable":true,"href":"https:\/\/lebouquet.brstdev.com\/fr\/wp-json\/wp\/v2\/recipe?post=65378"},{"taxonomy":"product_brand","embeddable":true,"href":"https:\/\/lebouquet.brstdev.com\/fr\/wp-json\/wp\/v2\/product_brand?post=65378"},{"taxonomy":"product_cat","embeddable":true,"href":"https:\/\/lebouquet.brstdev.com\/fr\/wp-json\/wp\/v2\/product_cat?post=65378"},{"taxonomy":"product_tag","embeddable":true,"href":"https:\/\/lebouquet.brstdev.com\/fr\/wp-json\/wp\/v2\/product_tag?post=65378"}],"curies":[{"name":"wp","href":"https:\/\/api.w.org\/{rel}","templated":true}]}}