{"id":65319,"date":"2024-01-19T09:52:02","date_gmt":"2024-01-19T14:52:02","guid":{"rendered":"https:\/\/lebouquetnew.brstdev.com\/carnation-boutonniere-collection\/"},"modified":"2026-04-04T12:23:12","modified_gmt":"2026-04-04T16:23:12","slug":"boutonniere-oeillet","status":"publish","type":"product","link":"https:\/\/lebouquet.brstdev.com\/fr\/boutonniere-oeillet\/","title":{"rendered":"Boutonni\u00e8re oeillet"},"content":{"rendered":"<p>Classique et charmante, la boutonni\u00e8re \u0153illet est un accessoire floral intemporel, id\u00e9al pour les mariages, bals ou tout \u00e9v\u00e9nement formel. Compos\u00e9e d\u2019un seul \u0153illet frais, elle est disponible en trois magnifiques couleurs : blanc, rouge ou rose.<\/p>\n<p>Orn\u00e9e au choix de verdure fra\u00eeche ou de gypsophile (baby\u2019s breath), cette boutonni\u00e8re est confectionn\u00e9e \u00e0 la main pour un rendu \u00e9l\u00e9gant et soign\u00e9. Sa l\u00e9g\u00e8ret\u00e9 la rend facile \u00e0 fixer et confortable \u00e0 porter tout au long de la journ\u00e9e ou de la soir\u00e9e.<\/p>\n<p><strong>Caract\u00e9ristiques :<\/strong><\/p>\n<ul>\n<li>Un seul \u0153illet frais<\/li>\n<li>Couleurs disponibles : blanc, rouge ou rose<\/li>\n<li>Choix d\u2019accompagnement : verdure ou gypsophile<\/li>\n<li>Design classique et \u00e9l\u00e9gant<\/li>\n<li>L\u00e9ger et facile \u00e0 fixer<\/li>\n<\/ul>\n<p><strong>Taille :<\/strong><\/p>\n<ul>\n<li>Taille unique, adapt\u00e9e \u00e0 toutes les occasions<\/li>\n<\/ul>\n<p>Un d\u00e9tail floral simple mais \u00e9l\u00e9gant qui compl\u00e8te parfaitement toute tenue formelle.<\/p>\n","protected":false},"excerpt":{"rendered":"<p>Classique et charmante, la boutonni\u00e8re \u0153illet est un accessoire floral intemporel, id\u00e9al pour les mariages, bals ou tout \u00e9v\u00e9nement formel. Compos\u00e9e d\u2019un seul \u0153illet frais, elle est disponible en trois magnifiques couleurs : blanc, rouge ou rose. Orn\u00e9e au choix de verdure fra\u00eeche ou de gypsophile (baby\u2019s breath), cette boutonni\u00e8re est confectionn\u00e9e \u00e0 la main [&hellip;]<\/p>\n","protected":false},"featured_media":65251,"comment_status":"open","ping_status":"closed","template":"","meta":{"_acf_changed":false},"recipe":[],"product_brand":[],"product_cat":[7602,17153,7600],"product_tag":[],"class_list":{"0":"post-65319","1":"product","2":"type-product","3":"status-publish","4":"has-post-thumbnail","6":"product_cat-boutonnieres-2-graduations-et-bals-des-finissants-evenements","7":"product_cat-fleurs-occasions-montreal","8":"product_cat-graduations-et-bals-des-finissants-evenements","10":"first","11":"instock","12":"shipping-taxable","13":"purchasable","14":"product-type-simple"},"acf":[],"_links":{"self":[{"href":"https:\/\/lebouquet.brstdev.com\/fr\/wp-json\/wp\/v2\/product\/65319","targetHints":{"allow":["GET"]}}],"collection":[{"href":"https:\/\/lebouquet.brstdev.com\/fr\/wp-json\/wp\/v2\/product"}],"about":[{"href":"https:\/\/lebouquet.brstdev.com\/fr\/wp-json\/wp\/v2\/types\/product"}],"replies":[{"embeddable":true,"href":"https:\/\/lebouquet.brstdev.com\/fr\/wp-json\/wp\/v2\/comments?post=65319"}],"wp:featuredmedia":[{"embeddable":true,"href":"https:\/\/lebouquet.brstdev.com\/fr\/wp-json\/wp\/v2\/media\/65251"}],"wp:attachment":[{"href":"https:\/\/lebouquet.brstdev.com\/fr\/wp-json\/wp\/v2\/media?parent=65319"}],"wp:term":[{"taxonomy":"recipe","embeddable":true,"href":"https:\/\/lebouquet.brstdev.com\/fr\/wp-json\/wp\/v2\/recipe?post=65319"},{"taxonomy":"product_brand","embeddable":true,"href":"https:\/\/lebouquet.brstdev.com\/fr\/wp-json\/wp\/v2\/product_brand?post=65319"},{"taxonomy":"product_cat","embeddable":true,"href":"https:\/\/lebouquet.brstdev.com\/fr\/wp-json\/wp\/v2\/product_cat?post=65319"},{"taxonomy":"product_tag","embeddable":true,"href":"https:\/\/lebouquet.brstdev.com\/fr\/wp-json\/wp\/v2\/product_tag?post=65319"}],"curies":[{"name":"wp","href":"https:\/\/api.w.org\/{rel}","templated":true}]}}