{"id":65248,"date":"2024-01-19T09:50:04","date_gmt":"2024-01-19T14:50:04","guid":{"rendered":"https:\/\/lebouquetnew.brstdev.com\/rose-corsage-2\/"},"modified":"2025-08-13T06:05:37","modified_gmt":"2025-08-13T10:05:37","slug":"corsage-de-roses","status":"publish","type":"product","link":"https:\/\/lebouquet.brstdev.com\/fr\/corsage-de-roses\/","title":{"rendered":"Corsage de roses"},"content":{"rendered":"<p>Nos&nbsp;corsages de la collection Signature Le Bouquet sont d\u00e9cor\u00e9s&nbsp;avec des rubans assortis en deux tailles et peuvent \u00eatre personnalis\u00e9s \u00e0 votre go\u00fbt facilement. Faites vos choix d&rsquo;options de couleur, de tailles et de garnitures ci-bas.<\/p>\n","protected":false},"excerpt":{"rendered":"<p>Nos&nbsp;corsages de la collection Signature Le Bouquet sont d\u00e9cor\u00e9s&nbsp;avec des rubans assortis en deux tailles et peuvent \u00eatre personnalis\u00e9s \u00e0 votre go\u00fbt facilement. Faites vos choix d&rsquo;options de couleur, de tailles et de garnitures ci-bas.<\/p>\n","protected":false},"featured_media":65015,"comment_status":"open","ping_status":"closed","template":"","meta":{"_acf_changed":false,"inline_featured_image":false},"recipe":[],"product_brand":[],"product_cat":[7603,7604,7569,17153,7599,7600],"product_tag":[],"class_list":{"0":"post-65248","1":"product","2":"type-product","3":"status-publish","4":"has-post-thumbnail","6":"product_cat-corsages","7":"product_cat-corsages-2-graduations-et-bals-des-finissants-evenements","8":"product_cat-occasions","9":"product_cat-occasions-fr","10":"product_cat-proms-and-graduations","11":"product_cat-graduations-et-bals-des-finissants-evenements","13":"first","14":"instock","15":"shipping-taxable","16":"purchasable","17":"product-type-simple"},"acf":[],"_links":{"self":[{"href":"https:\/\/lebouquet.brstdev.com\/fr\/wp-json\/wp\/v2\/product\/65248","targetHints":{"allow":["GET"]}}],"collection":[{"href":"https:\/\/lebouquet.brstdev.com\/fr\/wp-json\/wp\/v2\/product"}],"about":[{"href":"https:\/\/lebouquet.brstdev.com\/fr\/wp-json\/wp\/v2\/types\/product"}],"replies":[{"embeddable":true,"href":"https:\/\/lebouquet.brstdev.com\/fr\/wp-json\/wp\/v2\/comments?post=65248"}],"wp:featuredmedia":[{"embeddable":true,"href":"https:\/\/lebouquet.brstdev.com\/fr\/wp-json\/wp\/v2\/media\/65015"}],"wp:attachment":[{"href":"https:\/\/lebouquet.brstdev.com\/fr\/wp-json\/wp\/v2\/media?parent=65248"}],"wp:term":[{"taxonomy":"recipe","embeddable":true,"href":"https:\/\/lebouquet.brstdev.com\/fr\/wp-json\/wp\/v2\/recipe?post=65248"},{"taxonomy":"product_brand","embeddable":true,"href":"https:\/\/lebouquet.brstdev.com\/fr\/wp-json\/wp\/v2\/product_brand?post=65248"},{"taxonomy":"product_cat","embeddable":true,"href":"https:\/\/lebouquet.brstdev.com\/fr\/wp-json\/wp\/v2\/product_cat?post=65248"},{"taxonomy":"product_tag","embeddable":true,"href":"https:\/\/lebouquet.brstdev.com\/fr\/wp-json\/wp\/v2\/product_tag?post=65248"}],"curies":[{"name":"wp","href":"https:\/\/api.w.org\/{rel}","templated":true}]}}