{"id":64949,"date":"2024-01-19T09:46:02","date_gmt":"2024-01-19T14:46:02","guid":{"rendered":"https:\/\/lebouquetnew.brstdev.com\/rose-boutonniere-collection\/"},"modified":"2026-04-04T13:10:34","modified_gmt":"2026-04-04T17:10:34","slug":"boutonniere-de-rose-2","status":"publish","type":"product","link":"https:\/\/lebouquet.brstdev.com\/fr\/boutonniere-de-rose-2\/","title":{"rendered":"Boutonni\u00e8re de rose"},"content":{"rendered":"<p>\u00c9l\u00e9gante et classique, la boutonni\u00e8re rose est un accessoire floral intemporel, parfait pour les mariages, bals ou toute occasion formelle. Compos\u00e9e d\u2019une seule rose fra\u00eeche, elle est disponible en six magnifiques couleurs : blanc, rouge, rose, jaune, lavande ou bleu.<\/p>\n<p>Orn\u00e9e au choix de verdure fra\u00eeche ou de gypsophile (baby\u2019s breath), cette boutonni\u00e8re est confectionn\u00e9e \u00e0 la main pour un rendu soign\u00e9 et sophistiqu\u00e9. L\u00e9g\u00e8re et facile \u00e0 fixer, elle constitue un d\u00e9tail raffin\u00e9 qui compl\u00e8te parfaitement toute tenue formelle.<\/p>\n<p><strong>Caract\u00e9ristiques :<\/strong><\/p>\n<ul>\n<li>Une seule rose fra\u00eeche<\/li>\n<li>Couleurs disponibles : blanc, rouge, rose, jaune, lavande ou bleu<\/li>\n<li>Choix d\u2019accompagnement : verdure ou gypsophile<\/li>\n<li>Design classique et \u00e9l\u00e9gant<\/li>\n<li>L\u00e9g\u00e8re et facile \u00e0 fixer<\/li>\n<li>Confection artisanale pour une finition soign\u00e9e<\/li>\n<\/ul>\n<p><strong>Taille :<\/strong><\/p>\n<ul>\n<li>Taille unique, adapt\u00e9e \u00e0 toutes les occasions<\/li>\n<\/ul>\n<p>Un accessoire floral intemporel qui apporte charme et \u00e9l\u00e9gance \u00e0 toute tenue formelle.<\/p>\n","protected":false},"excerpt":{"rendered":"<p>\u00c9l\u00e9gante et classique, la boutonni\u00e8re rose est un accessoire floral intemporel, parfait pour les mariages, bals ou toute occasion formelle. Compos\u00e9e d\u2019une seule rose fra\u00eeche, elle est disponible en six magnifiques couleurs : blanc, rouge, rose, jaune, lavande ou bleu. Orn\u00e9e au choix de verdure fra\u00eeche ou de gypsophile (baby\u2019s breath), cette boutonni\u00e8re est confectionn\u00e9e [&hellip;]<\/p>\n","protected":false},"featured_media":64731,"comment_status":"open","ping_status":"closed","template":"","meta":{"_acf_changed":false},"recipe":[],"product_brand":[],"product_cat":[7602,17153,7600],"product_tag":[],"class_list":{"0":"post-64949","1":"product","2":"type-product","3":"status-publish","4":"has-post-thumbnail","6":"product_cat-boutonnieres-2-graduations-et-bals-des-finissants-evenements","7":"product_cat-fleurs-occasions-montreal","8":"product_cat-graduations-et-bals-des-finissants-evenements","10":"first","11":"instock","12":"shipping-taxable","13":"purchasable","14":"product-type-simple"},"acf":[],"_links":{"self":[{"href":"https:\/\/lebouquet.brstdev.com\/fr\/wp-json\/wp\/v2\/product\/64949","targetHints":{"allow":["GET"]}}],"collection":[{"href":"https:\/\/lebouquet.brstdev.com\/fr\/wp-json\/wp\/v2\/product"}],"about":[{"href":"https:\/\/lebouquet.brstdev.com\/fr\/wp-json\/wp\/v2\/types\/product"}],"replies":[{"embeddable":true,"href":"https:\/\/lebouquet.brstdev.com\/fr\/wp-json\/wp\/v2\/comments?post=64949"}],"wp:featuredmedia":[{"embeddable":true,"href":"https:\/\/lebouquet.brstdev.com\/fr\/wp-json\/wp\/v2\/media\/64731"}],"wp:attachment":[{"href":"https:\/\/lebouquet.brstdev.com\/fr\/wp-json\/wp\/v2\/media?parent=64949"}],"wp:term":[{"taxonomy":"recipe","embeddable":true,"href":"https:\/\/lebouquet.brstdev.com\/fr\/wp-json\/wp\/v2\/recipe?post=64949"},{"taxonomy":"product_brand","embeddable":true,"href":"https:\/\/lebouquet.brstdev.com\/fr\/wp-json\/wp\/v2\/product_brand?post=64949"},{"taxonomy":"product_cat","embeddable":true,"href":"https:\/\/lebouquet.brstdev.com\/fr\/wp-json\/wp\/v2\/product_cat?post=64949"},{"taxonomy":"product_tag","embeddable":true,"href":"https:\/\/lebouquet.brstdev.com\/fr\/wp-json\/wp\/v2\/product_tag?post=64949"}],"curies":[{"name":"wp","href":"https:\/\/api.w.org\/{rel}","templated":true}]}}