{"id":64936,"date":"2024-01-19T09:46:34","date_gmt":"2024-01-19T14:46:34","guid":{"rendered":"https:\/\/lebouquetnew.brstdev.com\/assorted-colour-roses\/"},"modified":"2025-08-13T06:05:38","modified_gmt":"2025-08-13T10:05:38","slug":"roses-a-tiges-longues-de-couleurs-assorties","status":"publish","type":"product","link":"https:\/\/lebouquet.brstdev.com\/fr\/roses-a-tiges-longues-de-couleurs-assorties\/","title":{"rendered":"Roses \u00e0 tiges longues de couleurs assorties"},"content":{"rendered":"<p>Offrez une explosion de couleurs avec notre <strong>bouquet de roses assorties \u00e0 grandes tiges<\/strong>. Compos\u00e9 de superbes roses fra\u00eeches dans une palette de couleurs \u00e9clatantes, chaque tige mesure entre <strong>60 et 70 cm<\/strong>, pour un effet \u00e9l\u00e9gant et raffin\u00e9. Choisissez parmi <strong>6, 12, 18 ou 24 tiges<\/strong>, soigneusement arrang\u00e9es pour illuminer chaque occasion.<\/p>\n<p>Personnalisez votre bouquet avec du <strong>feuillage seulement<\/strong>, ou ajoutez de la <strong>gypsophile d\u00e9licate<\/strong> pour une touche florale classique. Livr\u00e9 <strong>emball\u00e9 dans du papier kraft<\/strong> ou <strong>pr\u00e9sent\u00e9 dans un vase<\/strong>, ce bouquet est parfait pour transmettre vos plus beaux messages.<\/p>\n<p>Vous pr\u00e9f\u00e9rez une version plus romantique et classique? D\u00e9couvrez nos <a href=\"https:\/\/www.lebouquet.com\/fr\/roses-rouges-tiges-longues\/\"><strong>roses rouges Freedom \u2013 cliquez ici<\/strong>.<\/a><\/p>\n<p><strong>Disponible en 6, 12, 18 ou 24 roses<\/strong><br \/><strong>Longueur des tiges : 60\u201370 cm<\/strong><br \/><strong>Avec feuillage ou avec gypsophile et feuillage<\/strong><br \/><strong>Livr\u00e9 emball\u00e9 ou dans un vase<\/strong><\/p>\n<p><strong>Id\u00e9al pour :<\/strong><\/p>\n<p>Anniversaires, remerciements et grandes c\u00e9l\u00e9brations<\/p>\n<p>Gestes romantiques color\u00e9s<\/p>\n<p>D\u00e9coration \u00e9l\u00e9gante \u00e0 la maison ou au bureau<\/p>\n<p><strong>Commandez d\u00e8s maintenant et laissez les couleurs parler d\u2019elles-m\u00eames.<\/strong><\/p>\n","protected":false},"excerpt":{"rendered":"<p>Offrez une explosion de couleurs avec notre bouquet de roses assorties \u00e0 grandes tiges. Compos\u00e9 de superbes roses fra\u00eeches dans une palette de couleurs \u00e9clatantes, chaque tige mesure entre 60 et 70 cm, pour un effet \u00e9l\u00e9gant et raffin\u00e9. Choisissez parmi 6, 12, 18 ou 24 tiges, soigneusement arrang\u00e9es pour illuminer chaque occasion. Personnalisez votre [&hellip;]<\/p>\n","protected":false},"featured_media":64830,"comment_status":"open","ping_status":"closed","template":"","meta":{"_acf_changed":false,"inline_featured_image":false},"recipe":[],"product_brand":[],"product_cat":[7560,7559,7554,7553,7561,7562],"product_tag":[],"class_list":{"0":"post-64936","1":"product","2":"type-product","3":"status-publish","4":"has-post-thumbnail","6":"product_cat-fleurs-2-2","7":"product_cat-flowers","8":"product_cat-populaires","9":"product_cat-popular","10":"product_cat-roses","11":"product_cat-roses-fr","13":"first","14":"instock","15":"shipping-taxable","16":"purchasable","17":"product-type-simple"},"acf":[],"_links":{"self":[{"href":"https:\/\/lebouquet.brstdev.com\/fr\/wp-json\/wp\/v2\/product\/64936","targetHints":{"allow":["GET"]}}],"collection":[{"href":"https:\/\/lebouquet.brstdev.com\/fr\/wp-json\/wp\/v2\/product"}],"about":[{"href":"https:\/\/lebouquet.brstdev.com\/fr\/wp-json\/wp\/v2\/types\/product"}],"replies":[{"embeddable":true,"href":"https:\/\/lebouquet.brstdev.com\/fr\/wp-json\/wp\/v2\/comments?post=64936"}],"wp:featuredmedia":[{"embeddable":true,"href":"https:\/\/lebouquet.brstdev.com\/fr\/wp-json\/wp\/v2\/media\/64830"}],"wp:attachment":[{"href":"https:\/\/lebouquet.brstdev.com\/fr\/wp-json\/wp\/v2\/media?parent=64936"}],"wp:term":[{"taxonomy":"recipe","embeddable":true,"href":"https:\/\/lebouquet.brstdev.com\/fr\/wp-json\/wp\/v2\/recipe?post=64936"},{"taxonomy":"product_brand","embeddable":true,"href":"https:\/\/lebouquet.brstdev.com\/fr\/wp-json\/wp\/v2\/product_brand?post=64936"},{"taxonomy":"product_cat","embeddable":true,"href":"https:\/\/lebouquet.brstdev.com\/fr\/wp-json\/wp\/v2\/product_cat?post=64936"},{"taxonomy":"product_tag","embeddable":true,"href":"https:\/\/lebouquet.brstdev.com\/fr\/wp-json\/wp\/v2\/product_tag?post=64936"}],"curies":[{"name":"wp","href":"https:\/\/api.w.org\/{rel}","templated":true}]}}