{"id":64640,"date":"2024-01-19T09:44:41","date_gmt":"2024-01-19T14:44:41","guid":{"rendered":"https:\/\/lebouquetnew.brstdev.com\/chocolate-gift-box\/"},"modified":"2025-08-13T06:05:42","modified_gmt":"2025-08-13T10:05:42","slug":"boite-cadeau-de-chocolat","status":"publish","type":"product","link":"https:\/\/lebouquet.brstdev.com\/fr\/boite-cadeau-de-chocolat\/","title":{"rendered":"Bo\u00eete-cadeau de chocolat"},"content":{"rendered":"<p>Compl\u00e9tez vos fleurs avec une bo\u00eete de chocolats d\u00e9corative, contenant 7 pi\u00e8ces de chocolats Leonidas assortis. Parfait pour un anniversaire pendant l&rsquo;hiver!<\/p>\n","protected":false},"excerpt":{"rendered":"<p>Compl\u00e9tez vos fleurs avec une bo\u00eete de chocolats d\u00e9corative, contenant 7 pi\u00e8ces de chocolats Leonidas assortis. Parfait pour un anniversaire pendant l&rsquo;hiver!<\/p>\n","protected":false},"featured_media":64631,"comment_status":"open","ping_status":"closed","template":"","meta":{"_acf_changed":false,"inline_featured_image":false},"recipe":[],"product_brand":[],"product_cat":[7648,7649,17155,7584,7569,7583,7647,17153],"product_tag":[],"class_list":{"0":"post-64640","1":"product","2":"type-product","3":"status-publish","4":"has-post-thumbnail","6":"product_cat-cadeaux","7":"product_cat-chocolates","8":"product_cat-chocolates-fr","9":"product_cat-ensembles-cadeaux-et-autres","10":"product_cat-occasions","11":"product_cat-gift-sets-and-holiday-items","12":"product_cat-gift-shop","13":"product_cat-occasions-fr","15":"first","16":"instock","17":"shipping-taxable","18":"purchasable","19":"product-type-simple"},"acf":[],"_links":{"self":[{"href":"https:\/\/lebouquet.brstdev.com\/fr\/wp-json\/wp\/v2\/product\/64640","targetHints":{"allow":["GET"]}}],"collection":[{"href":"https:\/\/lebouquet.brstdev.com\/fr\/wp-json\/wp\/v2\/product"}],"about":[{"href":"https:\/\/lebouquet.brstdev.com\/fr\/wp-json\/wp\/v2\/types\/product"}],"replies":[{"embeddable":true,"href":"https:\/\/lebouquet.brstdev.com\/fr\/wp-json\/wp\/v2\/comments?post=64640"}],"wp:featuredmedia":[{"embeddable":true,"href":"https:\/\/lebouquet.brstdev.com\/fr\/wp-json\/wp\/v2\/media\/64631"}],"wp:attachment":[{"href":"https:\/\/lebouquet.brstdev.com\/fr\/wp-json\/wp\/v2\/media?parent=64640"}],"wp:term":[{"taxonomy":"recipe","embeddable":true,"href":"https:\/\/lebouquet.brstdev.com\/fr\/wp-json\/wp\/v2\/recipe?post=64640"},{"taxonomy":"product_brand","embeddable":true,"href":"https:\/\/lebouquet.brstdev.com\/fr\/wp-json\/wp\/v2\/product_brand?post=64640"},{"taxonomy":"product_cat","embeddable":true,"href":"https:\/\/lebouquet.brstdev.com\/fr\/wp-json\/wp\/v2\/product_cat?post=64640"},{"taxonomy":"product_tag","embeddable":true,"href":"https:\/\/lebouquet.brstdev.com\/fr\/wp-json\/wp\/v2\/product_tag?post=64640"}],"curies":[{"name":"wp","href":"https:\/\/api.w.org\/{rel}","templated":true}]}}