{"id":64628,"date":"2024-01-19T09:44:34","date_gmt":"2024-01-19T14:44:34","guid":{"rendered":"https:\/\/lebouquetnew.brstdev.com\/chocolate-tree\/"},"modified":"2025-08-13T06:05:43","modified_gmt":"2025-08-13T10:05:43","slug":"arbre-a-chocolat","status":"publish","type":"product","link":"https:\/\/lebouquet.brstdev.com\/fr\/arbre-a-chocolat\/","title":{"rendered":"Arbre \u00e0 chocolat"},"content":{"rendered":"<p>Une bo\u00eete festive en forme d&rsquo;arbre \u00e0 chocolat contenant 11 pi\u00e8ces de chocolats assortis de Leonidas Belgium Chocolate. \u00c0 ajouter \u00e0 tout cadeau de f\u00eate. Joyeux No\u00ebl !<\/p>\n","protected":false},"excerpt":{"rendered":"<p>Une bo\u00eete festive en forme d&rsquo;arbre \u00e0 chocolat contenant 11 pi\u00e8ces de chocolats assortis de Leonidas Belgium Chocolate. \u00c0 ajouter \u00e0 tout cadeau de f\u00eate. Joyeux No\u00ebl !<\/p>\n","protected":false},"featured_media":64617,"comment_status":"open","ping_status":"closed","template":"","meta":{"_acf_changed":false,"inline_featured_image":false},"recipe":[],"product_brand":[],"product_cat":[7648,7649,17155,7584,7569,7583,7647,17153],"product_tag":[],"class_list":{"0":"post-64628","1":"product","2":"type-product","3":"status-publish","4":"has-post-thumbnail","6":"product_cat-cadeaux","7":"product_cat-chocolates","8":"product_cat-chocolates-fr","9":"product_cat-ensembles-cadeaux-et-autres","10":"product_cat-occasions","11":"product_cat-gift-sets-and-holiday-items","12":"product_cat-gift-shop","13":"product_cat-occasions-fr","15":"first","16":"instock","17":"shipping-taxable","18":"purchasable","19":"product-type-simple"},"acf":[],"_links":{"self":[{"href":"https:\/\/lebouquet.brstdev.com\/fr\/wp-json\/wp\/v2\/product\/64628","targetHints":{"allow":["GET"]}}],"collection":[{"href":"https:\/\/lebouquet.brstdev.com\/fr\/wp-json\/wp\/v2\/product"}],"about":[{"href":"https:\/\/lebouquet.brstdev.com\/fr\/wp-json\/wp\/v2\/types\/product"}],"replies":[{"embeddable":true,"href":"https:\/\/lebouquet.brstdev.com\/fr\/wp-json\/wp\/v2\/comments?post=64628"}],"wp:featuredmedia":[{"embeddable":true,"href":"https:\/\/lebouquet.brstdev.com\/fr\/wp-json\/wp\/v2\/media\/64617"}],"wp:attachment":[{"href":"https:\/\/lebouquet.brstdev.com\/fr\/wp-json\/wp\/v2\/media?parent=64628"}],"wp:term":[{"taxonomy":"recipe","embeddable":true,"href":"https:\/\/lebouquet.brstdev.com\/fr\/wp-json\/wp\/v2\/recipe?post=64628"},{"taxonomy":"product_brand","embeddable":true,"href":"https:\/\/lebouquet.brstdev.com\/fr\/wp-json\/wp\/v2\/product_brand?post=64628"},{"taxonomy":"product_cat","embeddable":true,"href":"https:\/\/lebouquet.brstdev.com\/fr\/wp-json\/wp\/v2\/product_cat?post=64628"},{"taxonomy":"product_tag","embeddable":true,"href":"https:\/\/lebouquet.brstdev.com\/fr\/wp-json\/wp\/v2\/product_tag?post=64628"}],"curies":[{"name":"wp","href":"https:\/\/api.w.org\/{rel}","templated":true}]}}