{"id":64603,"date":"2024-01-19T09:44:17","date_gmt":"2024-01-19T14:44:17","guid":{"rendered":"https:\/\/lebouquetnew.brstdev.com\/holiday-gardens\/"},"modified":"2025-12-14T10:55:13","modified_gmt":"2025-12-14T15:55:13","slug":"jardins-de-fetes","status":"publish","type":"product","link":"https:\/\/lebouquet.brstdev.com\/fr\/jardins-de-fetes\/","title":{"rendered":"Jardin des F\u00eates \u2013 panier de plantes de No\u00ebl"},"content":{"rendered":"<p>Apportez la chaleur et la tradition de No\u00ebl \u00e0 votre d\u00e9cor avec notre <strong>Jardin des F\u00eates<\/strong>, un charmant panier de plantes saisonni\u00e8res pr\u00e9sent\u00e9 dans un plateau tress\u00e9 rustique et rehauss\u00e9 d\u2019un ruban \u00e0 carreaux rouge et noir. Cette composition naturelle offre un style classique et ind\u00e9modable.<\/p>\n<p>Le panier r\u00e9unit une s\u00e9lection soign\u00e9e de plantes et d\u2019\u00e9l\u00e9ments embl\u00e9matiques des F\u00eates \u2014 <strong>poinsettia rouge<\/strong>, <strong>kalanchoe blanc<\/strong>, <strong>verdure hivernale<\/strong>, <strong>branches de conif\u00e8res<\/strong>, <strong>baies d\u00e9coratives<\/strong>, <strong>pommes de pin<\/strong>, et autres accents textur\u00e9s. L\u2019ensemble cr\u00e9e un arrangement g\u00e9n\u00e9reux et chaleureux, parfait pour l\u2019entr\u00e9e, la table \u00e0 manger, le bureau ou comme cadeau saisonnier.<\/p>\n<p>\u00c9galement offert en <strong>format plus grand<\/strong>, notre <a href=\"https:\/\/www.lebouquet.com\/fr\/panier-de-plantes-hivernal-de-noel\/\"><strong>Panier de Plantes Hivernal de No\u00ebl<\/strong>, <\/a>id\u00e9al pour un d\u00e9cor plus imposant ou des espaces plus vastes.<\/p>\n","protected":false},"excerpt":{"rendered":"<p><strong>Dimensions :<\/strong><br \/>14&Prime; h \u00d7 16&Prime; l<\/p>\n","protected":false},"featured_media":121154,"comment_status":"open","ping_status":"closed","template":"","meta":{"_acf_changed":false},"recipe":[],"product_brand":[],"product_cat":[18047,17153,18053,18051,7646,18052,7554],"product_tag":[],"class_list":{"0":"post-64603","1":"product","2":"type-product","3":"status-publish","4":"has-post-thumbnail","6":"product_cat-boutique-des-fetes-1","7":"product_cat-fleurs-occasions-montreal","8":"product_cat-plantes","9":"product_cat-plantes-des-fetes","10":"product_cat-plantes-vertes-et-fleuries","11":"product_cat-plants","12":"product_cat-populaires","14":"first","15":"instock","16":"shipping-taxable","17":"purchasable","18":"product-type-simple"},"acf":[],"_links":{"self":[{"href":"https:\/\/lebouquet.brstdev.com\/fr\/wp-json\/wp\/v2\/product\/64603","targetHints":{"allow":["GET"]}}],"collection":[{"href":"https:\/\/lebouquet.brstdev.com\/fr\/wp-json\/wp\/v2\/product"}],"about":[{"href":"https:\/\/lebouquet.brstdev.com\/fr\/wp-json\/wp\/v2\/types\/product"}],"replies":[{"embeddable":true,"href":"https:\/\/lebouquet.brstdev.com\/fr\/wp-json\/wp\/v2\/comments?post=64603"}],"wp:featuredmedia":[{"embeddable":true,"href":"https:\/\/lebouquet.brstdev.com\/fr\/wp-json\/wp\/v2\/media\/121154"}],"wp:attachment":[{"href":"https:\/\/lebouquet.brstdev.com\/fr\/wp-json\/wp\/v2\/media?parent=64603"}],"wp:term":[{"taxonomy":"recipe","embeddable":true,"href":"https:\/\/lebouquet.brstdev.com\/fr\/wp-json\/wp\/v2\/recipe?post=64603"},{"taxonomy":"product_brand","embeddable":true,"href":"https:\/\/lebouquet.brstdev.com\/fr\/wp-json\/wp\/v2\/product_brand?post=64603"},{"taxonomy":"product_cat","embeddable":true,"href":"https:\/\/lebouquet.brstdev.com\/fr\/wp-json\/wp\/v2\/product_cat?post=64603"},{"taxonomy":"product_tag","embeddable":true,"href":"https:\/\/lebouquet.brstdev.com\/fr\/wp-json\/wp\/v2\/product_tag?post=64603"}],"curies":[{"name":"wp","href":"https:\/\/api.w.org\/{rel}","templated":true}]}}