{"id":64589,"date":"2024-01-19T09:43:58","date_gmt":"2024-01-19T14:43:58","guid":{"rendered":"https:\/\/lebouquetnew.brstdev.com\/elf-boot\/"},"modified":"2025-08-13T06:05:44","modified_gmt":"2025-08-13T10:05:44","slug":"botte-delfe","status":"publish","type":"product","link":"https:\/\/lebouquet.brstdev.com\/fr\/botte-delfe\/","title":{"rendered":"Botte d&rsquo;elfe"},"content":{"rendered":"<p>Diffusez la joie des F\u00eates avec notre charmante \u00ab\u00a0Botte d&rsquo;Elfe.\u00a0\u00bb Ce pot en c\u00e9ramique festif, con\u00e7u en forme de botte d\u2019elfe rouge \u00e0 pois avec des clochettes dor\u00e9es, contient une plante Gaultheria (winterberry) de 4&Prime;. Mesurant 9&Prime; de haut, cet arrangement enchanteur apporte la magie de No\u00ebl avec ses baies rouges vibrantes et son feuillage luxuriant. Parfait comme cadeau unique ou ajout amusant \u00e0 votre d\u00e9coration de No\u00ebl, la Botte d&rsquo;Elfe c\u00e9l\u00e8bre avec style l&rsquo;esprit des F\u00eates. <strong>Veuillez noter : Les styles de pot peuvent varier.<\/strong><\/p>\n","protected":false},"excerpt":{"rendered":"<p>Diffusez la joie des F\u00eates avec notre charmante \u00ab\u00a0Botte d&rsquo;Elfe.\u00a0\u00bb Ce pot en c\u00e9ramique festif, con\u00e7u en forme de botte d\u2019elfe rouge \u00e0 pois avec des clochettes dor\u00e9es, contient une plante Gaultheria (winterberry) de 4&Prime;. Mesurant 9&Prime; de haut, cet arrangement enchanteur apporte la magie de No\u00ebl avec ses baies rouges vibrantes et son feuillage [&hellip;]<\/p>\n","protected":false},"featured_media":101034,"comment_status":"open","ping_status":"closed","template":"","meta":{"_acf_changed":false,"inline_featured_image":false},"recipe":[],"product_brand":[],"product_cat":[18047,7569,18046,18050,17153,18053,18051,18052],"product_tag":[],"class_list":{"0":"post-64589","1":"product","2":"type-product","3":"status-publish","4":"has-post-thumbnail","6":"product_cat-boutique-des-fetes","7":"product_cat-occasions","8":"product_cat-holiday-gift-shop","9":"product_cat-holiday-plants","10":"product_cat-occasions-fr","11":"product_cat-plantes","12":"product_cat-plantes-des-fetes","13":"product_cat-plants","15":"first","16":"instock","17":"shipping-taxable","18":"purchasable","19":"product-type-simple"},"acf":[],"_links":{"self":[{"href":"https:\/\/lebouquet.brstdev.com\/fr\/wp-json\/wp\/v2\/product\/64589","targetHints":{"allow":["GET"]}}],"collection":[{"href":"https:\/\/lebouquet.brstdev.com\/fr\/wp-json\/wp\/v2\/product"}],"about":[{"href":"https:\/\/lebouquet.brstdev.com\/fr\/wp-json\/wp\/v2\/types\/product"}],"replies":[{"embeddable":true,"href":"https:\/\/lebouquet.brstdev.com\/fr\/wp-json\/wp\/v2\/comments?post=64589"}],"wp:featuredmedia":[{"embeddable":true,"href":"https:\/\/lebouquet.brstdev.com\/fr\/wp-json\/wp\/v2\/media\/101034"}],"wp:attachment":[{"href":"https:\/\/lebouquet.brstdev.com\/fr\/wp-json\/wp\/v2\/media?parent=64589"}],"wp:term":[{"taxonomy":"recipe","embeddable":true,"href":"https:\/\/lebouquet.brstdev.com\/fr\/wp-json\/wp\/v2\/recipe?post=64589"},{"taxonomy":"product_brand","embeddable":true,"href":"https:\/\/lebouquet.brstdev.com\/fr\/wp-json\/wp\/v2\/product_brand?post=64589"},{"taxonomy":"product_cat","embeddable":true,"href":"https:\/\/lebouquet.brstdev.com\/fr\/wp-json\/wp\/v2\/product_cat?post=64589"},{"taxonomy":"product_tag","embeddable":true,"href":"https:\/\/lebouquet.brstdev.com\/fr\/wp-json\/wp\/v2\/product_tag?post=64589"}],"curies":[{"name":"wp","href":"https:\/\/api.w.org\/{rel}","templated":true}]}}