{"id":64502,"date":"2024-01-19T09:43:19","date_gmt":"2024-01-19T14:43:19","guid":{"rendered":"https:\/\/lebouquetnew.brstdev.com\/playmobil-lechuza-fairy\/"},"modified":"2025-08-13T06:05:47","modified_gmt":"2025-08-13T10:05:47","slug":"playmobil-lechuza-fee-du-jardin","status":"publish","type":"product","link":"https:\/\/lebouquet.brstdev.com\/fr\/playmobil-lechuza-fee-du-jardin\/","title":{"rendered":"Playmobil Lechuza F\u00e9e du jardin"},"content":{"rendered":"<p>La f\u00e9e du jardin Playmobil Lechuza est livr\u00e9e avec une plante et une b\u00e2ton magique.<\/p>\n","protected":false},"excerpt":{"rendered":"<p>La f\u00e9e du jardin Playmobil Lechuza est livr\u00e9e avec une plante et une b\u00e2ton magique.<\/p>\n","protected":false},"featured_media":64493,"comment_status":"open","ping_status":"closed","template":"","meta":{"_acf_changed":false,"inline_featured_image":false},"recipe":[],"product_brand":[],"product_cat":[7648,7647,7652,7818,7651,15],"product_tag":[],"class_list":{"0":"post-64502","1":"product","2":"type-product","3":"status-publish","4":"has-post-thumbnail","6":"product_cat-cadeaux","7":"product_cat-gift-shop","8":"product_cat-jouets-en-peluche","9":"product_cat-uncategorized-fr","10":"product_cat-plush-toys","11":"product_cat-uncategorized","13":"first","14":"instock","15":"shipping-taxable","16":"purchasable","17":"product-type-simple"},"acf":[],"_links":{"self":[{"href":"https:\/\/lebouquet.brstdev.com\/fr\/wp-json\/wp\/v2\/product\/64502","targetHints":{"allow":["GET"]}}],"collection":[{"href":"https:\/\/lebouquet.brstdev.com\/fr\/wp-json\/wp\/v2\/product"}],"about":[{"href":"https:\/\/lebouquet.brstdev.com\/fr\/wp-json\/wp\/v2\/types\/product"}],"replies":[{"embeddable":true,"href":"https:\/\/lebouquet.brstdev.com\/fr\/wp-json\/wp\/v2\/comments?post=64502"}],"wp:featuredmedia":[{"embeddable":true,"href":"https:\/\/lebouquet.brstdev.com\/fr\/wp-json\/wp\/v2\/media\/64493"}],"wp:attachment":[{"href":"https:\/\/lebouquet.brstdev.com\/fr\/wp-json\/wp\/v2\/media?parent=64502"}],"wp:term":[{"taxonomy":"recipe","embeddable":true,"href":"https:\/\/lebouquet.brstdev.com\/fr\/wp-json\/wp\/v2\/recipe?post=64502"},{"taxonomy":"product_brand","embeddable":true,"href":"https:\/\/lebouquet.brstdev.com\/fr\/wp-json\/wp\/v2\/product_brand?post=64502"},{"taxonomy":"product_cat","embeddable":true,"href":"https:\/\/lebouquet.brstdev.com\/fr\/wp-json\/wp\/v2\/product_cat?post=64502"},{"taxonomy":"product_tag","embeddable":true,"href":"https:\/\/lebouquet.brstdev.com\/fr\/wp-json\/wp\/v2\/product_tag?post=64502"}],"curies":[{"name":"wp","href":"https:\/\/api.w.org\/{rel}","templated":true}]}}