{"id":64490,"date":"2024-01-19T09:43:12","date_gmt":"2024-01-19T14:43:12","guid":{"rendered":"https:\/\/lebouquetnew.brstdev.com\/playmobil-lechuza-gardener\/"},"modified":"2025-08-13T06:05:47","modified_gmt":"2025-08-13T10:05:47","slug":"playmobil-lechuza-jardinier","status":"publish","type":"product","link":"https:\/\/lebouquet.brstdev.com\/fr\/playmobil-lechuza-jardinier\/","title":{"rendered":"Playmobil Lechuza Jardinier"},"content":{"rendered":"<p>Le jardinier Playmobil Lechuza est accompagn\u00e9 d&rsquo;une bo\u00eete de fleurs plant\u00e9es, d&rsquo;un arrosoir et de ciseaux de jardin.<\/p>\n","protected":false},"excerpt":{"rendered":"<p>Le jardinier Playmobil Lechuza est accompagn\u00e9 d&rsquo;une bo\u00eete de fleurs plant\u00e9es, d&rsquo;un arrosoir et de ciseaux de jardin.<\/p>\n","protected":false},"featured_media":64480,"comment_status":"open","ping_status":"closed","template":"","meta":{"_acf_changed":false,"inline_featured_image":false},"recipe":[],"product_brand":[],"product_cat":[7569,17153],"product_tag":[],"class_list":{"0":"post-64490","1":"product","2":"type-product","3":"status-publish","4":"has-post-thumbnail","6":"product_cat-occasions","7":"product_cat-occasions-fr","9":"first","10":"instock","11":"shipping-taxable","12":"purchasable","13":"product-type-simple"},"acf":[],"_links":{"self":[{"href":"https:\/\/lebouquet.brstdev.com\/fr\/wp-json\/wp\/v2\/product\/64490","targetHints":{"allow":["GET"]}}],"collection":[{"href":"https:\/\/lebouquet.brstdev.com\/fr\/wp-json\/wp\/v2\/product"}],"about":[{"href":"https:\/\/lebouquet.brstdev.com\/fr\/wp-json\/wp\/v2\/types\/product"}],"replies":[{"embeddable":true,"href":"https:\/\/lebouquet.brstdev.com\/fr\/wp-json\/wp\/v2\/comments?post=64490"}],"wp:featuredmedia":[{"embeddable":true,"href":"https:\/\/lebouquet.brstdev.com\/fr\/wp-json\/wp\/v2\/media\/64480"}],"wp:attachment":[{"href":"https:\/\/lebouquet.brstdev.com\/fr\/wp-json\/wp\/v2\/media?parent=64490"}],"wp:term":[{"taxonomy":"recipe","embeddable":true,"href":"https:\/\/lebouquet.brstdev.com\/fr\/wp-json\/wp\/v2\/recipe?post=64490"},{"taxonomy":"product_brand","embeddable":true,"href":"https:\/\/lebouquet.brstdev.com\/fr\/wp-json\/wp\/v2\/product_brand?post=64490"},{"taxonomy":"product_cat","embeddable":true,"href":"https:\/\/lebouquet.brstdev.com\/fr\/wp-json\/wp\/v2\/product_cat?post=64490"},{"taxonomy":"product_tag","embeddable":true,"href":"https:\/\/lebouquet.brstdev.com\/fr\/wp-json\/wp\/v2\/product_tag?post=64490"}],"curies":[{"name":"wp","href":"https:\/\/api.w.org\/{rel}","templated":true}]}}