{"id":64477,"date":"2024-01-19T09:43:05","date_gmt":"2024-01-19T14:43:05","guid":{"rendered":"https:\/\/lebouquetnew.brstdev.com\/playmobil-my-flower-shop\/"},"modified":"2025-08-13T06:05:48","modified_gmt":"2025-08-13T10:05:48","slug":"playmobil-ma-boutique-de-fleurs","status":"publish","type":"product","link":"https:\/\/lebouquet.brstdev.com\/fr\/playmobil-ma-boutique-de-fleurs\/","title":{"rendered":"Playmobil Ma boutique de fleurs"},"content":{"rendered":"<p>Construisez votre propre boutique de fleuriste ! My Flower Shop de Playmobil est un ensemble pour les enfants de 4 ans et plus.<\/p>\n","protected":false},"excerpt":{"rendered":"<p>Figures : 1 femme, 1 homme Accessoires : 1 magasin de fleurs, 1 comptoir, 2 \u00e9tag\u00e8res diff\u00e9rentes, 1 caisse enregistreuse, 1 tablier, 1 bo\u00eete, 6 cartes, 1 stand d&rsquo;information, 2 pots de fleurs avec des plantes, 1 pot de fleurs avec un cactus, 1 panier avec des fleurs et des b\u00e2tons de d\u00e9coration, 5 callas, 2 roses, 1 ciseaux de jardin, 1 vase, 2 arrosoirs, 2 cadres photo, 1 buste avec perruque et couronne de fleurs, 1 panneau avec moulin \u00e0 vent, 1 chandelier, 1 feu de table, 2 verres avec couvercle, 1 corbeille \u00e0 papier, 1 sac \u00e0 main, 1 feuille d&rsquo;autocollants r\u00e9utilisables<\/p>\n","protected":false},"featured_media":64464,"comment_status":"open","ping_status":"closed","template":"","meta":{"_acf_changed":false,"inline_featured_image":false},"recipe":[],"product_brand":[],"product_cat":[7648,7655,7584,7569,7583,7647,17153,7656],"product_tag":[],"class_list":{"0":"post-64477","1":"product","2":"type-product","3":"status-publish","4":"has-post-thumbnail","6":"product_cat-cadeaux","7":"product_cat-characters","8":"product_cat-ensembles-cadeaux-et-autres","9":"product_cat-occasions","10":"product_cat-gift-sets-and-holiday-items","11":"product_cat-gift-shop","12":"product_cat-occasions-fr","13":"product_cat-personnages-cadeaux","15":"first","16":"instock","17":"shipping-taxable","18":"purchasable","19":"product-type-simple"},"acf":[],"_links":{"self":[{"href":"https:\/\/lebouquet.brstdev.com\/fr\/wp-json\/wp\/v2\/product\/64477","targetHints":{"allow":["GET"]}}],"collection":[{"href":"https:\/\/lebouquet.brstdev.com\/fr\/wp-json\/wp\/v2\/product"}],"about":[{"href":"https:\/\/lebouquet.brstdev.com\/fr\/wp-json\/wp\/v2\/types\/product"}],"replies":[{"embeddable":true,"href":"https:\/\/lebouquet.brstdev.com\/fr\/wp-json\/wp\/v2\/comments?post=64477"}],"wp:featuredmedia":[{"embeddable":true,"href":"https:\/\/lebouquet.brstdev.com\/fr\/wp-json\/wp\/v2\/media\/64464"}],"wp:attachment":[{"href":"https:\/\/lebouquet.brstdev.com\/fr\/wp-json\/wp\/v2\/media?parent=64477"}],"wp:term":[{"taxonomy":"recipe","embeddable":true,"href":"https:\/\/lebouquet.brstdev.com\/fr\/wp-json\/wp\/v2\/recipe?post=64477"},{"taxonomy":"product_brand","embeddable":true,"href":"https:\/\/lebouquet.brstdev.com\/fr\/wp-json\/wp\/v2\/product_brand?post=64477"},{"taxonomy":"product_cat","embeddable":true,"href":"https:\/\/lebouquet.brstdev.com\/fr\/wp-json\/wp\/v2\/product_cat?post=64477"},{"taxonomy":"product_tag","embeddable":true,"href":"https:\/\/lebouquet.brstdev.com\/fr\/wp-json\/wp\/v2\/product_tag?post=64477"}],"curies":[{"name":"wp","href":"https:\/\/api.w.org\/{rel}","templated":true}]}}