{"id":64310,"date":"2024-01-19T09:41:12","date_gmt":"2024-01-19T14:41:12","guid":{"rendered":"https:\/\/lebouquetnew.brstdev.com\/christmas-characters\/"},"modified":"2025-08-13T06:05:52","modified_gmt":"2025-08-13T10:05:52","slug":"personnages-de-noel","status":"publish","type":"product","link":"https:\/\/lebouquet.brstdev.com\/fr\/personnages-de-noel\/","title":{"rendered":"Personnages de No\u00ebl"},"content":{"rendered":"<p>C\u00e9l\u00e9brez la saison des f\u00eates avec nos adorables arrangements Personnages de No\u00ebl ! Chaque composition comprend 2 roses rouges \u00e9clatantes, des chrysanth\u00e8mes festifs, des feuillages de saison et des d\u00e9corations charmantes. Mesurant 9,5&Prime; de hauteur sur 9&Prime; de largeur, ces arrangements sont pr\u00e9sent\u00e9s dans des contenants festifs \u00e0 l\u2019effigie du P\u00e8re No\u00ebl, d\u2019un bonhomme de neige ou d\u2019un casse-noisette. Id\u00e9al pour partager la magie des f\u00eates avec vos proches ou embellir votre d\u00e9cor !<\/p>\n","protected":false},"excerpt":{"rendered":"<p>Environ &#8211; 9.5 \u00ab\u00a0H x 9 \u00a0\u00bb L<\/p>\n","protected":false},"featured_media":101463,"comment_status":"open","ping_status":"closed","template":"","meta":{"_acf_changed":false,"inline_featured_image":false},"recipe":[],"product_brand":[],"product_cat":[7578,18047,7560,7559,7569,7577,18046,17153],"product_tag":[],"class_list":{"0":"post-64310","1":"product","2":"type-product","3":"status-publish","4":"has-post-thumbnail","6":"product_cat-bouquets-des-fetes","7":"product_cat-boutique-des-fetes","8":"product_cat-fleurs-2-2","9":"product_cat-flowers","10":"product_cat-occasions","11":"product_cat-holiday-bouquets","12":"product_cat-holiday-gift-shop","13":"product_cat-occasions-fr","15":"first","16":"instock","17":"shipping-taxable","18":"purchasable","19":"product-type-simple"},"acf":[],"_links":{"self":[{"href":"https:\/\/lebouquet.brstdev.com\/fr\/wp-json\/wp\/v2\/product\/64310","targetHints":{"allow":["GET"]}}],"collection":[{"href":"https:\/\/lebouquet.brstdev.com\/fr\/wp-json\/wp\/v2\/product"}],"about":[{"href":"https:\/\/lebouquet.brstdev.com\/fr\/wp-json\/wp\/v2\/types\/product"}],"replies":[{"embeddable":true,"href":"https:\/\/lebouquet.brstdev.com\/fr\/wp-json\/wp\/v2\/comments?post=64310"}],"wp:featuredmedia":[{"embeddable":true,"href":"https:\/\/lebouquet.brstdev.com\/fr\/wp-json\/wp\/v2\/media\/101463"}],"wp:attachment":[{"href":"https:\/\/lebouquet.brstdev.com\/fr\/wp-json\/wp\/v2\/media?parent=64310"}],"wp:term":[{"taxonomy":"recipe","embeddable":true,"href":"https:\/\/lebouquet.brstdev.com\/fr\/wp-json\/wp\/v2\/recipe?post=64310"},{"taxonomy":"product_brand","embeddable":true,"href":"https:\/\/lebouquet.brstdev.com\/fr\/wp-json\/wp\/v2\/product_brand?post=64310"},{"taxonomy":"product_cat","embeddable":true,"href":"https:\/\/lebouquet.brstdev.com\/fr\/wp-json\/wp\/v2\/product_cat?post=64310"},{"taxonomy":"product_tag","embeddable":true,"href":"https:\/\/lebouquet.brstdev.com\/fr\/wp-json\/wp\/v2\/product_tag?post=64310"}],"curies":[{"name":"wp","href":"https:\/\/api.w.org\/{rel}","templated":true}]}}