{"id":64241,"date":"2024-01-19T09:40:33","date_gmt":"2024-01-19T14:40:33","guid":{"rendered":"https:\/\/lebouquetnew.brstdev.com\/red-lantern\/"},"modified":"2025-11-11T14:20:23","modified_gmt":"2025-11-11T19:20:23","slug":"lanterne-rouge","status":"publish","type":"product","link":"https:\/\/lebouquet.brstdev.com\/fr\/lanterne-rouge\/","title":{"rendered":"Lanterne rouge"},"content":{"rendered":"<p><span lang=\"FR-CA\" dir=\"ltr\">La lanterne rouge est une pi\u00e8ce d\u00e9corative unique pour les f\u00eates. Elle peut \u00eatre plac\u00e9e sur le dessus d&rsquo;un&nbsp;manteau de chemin\u00e9e ou comme centre de table. La lanterne est remplie de pin, de cocottes de pin, de petites boules de d\u00e9coration et de vos fleurs rouges pr\u00e9f\u00e9r\u00e9es : \u0153illets, roses et hypericums. D\u00e9marquez-vous en cette p\u00e9riode de f\u00eates avec la lanterne rouge dans votre maison !<\/span><\/p>\n<p>&nbsp;<\/p>\n<p>&nbsp;<\/p>\n","protected":false},"excerpt":{"rendered":"<p>Environ &#8211; 13 \u00ab\u00a0H x 11 \u00ab\u00a0L<\/p>\n","protected":false},"featured_media":64227,"comment_status":"open","ping_status":"closed","template":"","meta":{"_acf_changed":false},"recipe":[],"product_brand":[],"product_cat":[7578,17153],"product_tag":[],"class_list":{"0":"post-64241","1":"product","2":"type-product","3":"status-publish","4":"has-post-thumbnail","6":"product_cat-bouquets-des-fetes","7":"product_cat-fleurs-occasions-montreal","9":"first","10":"instock","11":"shipping-taxable","12":"purchasable","13":"product-type-simple"},"acf":[],"_links":{"self":[{"href":"https:\/\/lebouquet.brstdev.com\/fr\/wp-json\/wp\/v2\/product\/64241","targetHints":{"allow":["GET"]}}],"collection":[{"href":"https:\/\/lebouquet.brstdev.com\/fr\/wp-json\/wp\/v2\/product"}],"about":[{"href":"https:\/\/lebouquet.brstdev.com\/fr\/wp-json\/wp\/v2\/types\/product"}],"replies":[{"embeddable":true,"href":"https:\/\/lebouquet.brstdev.com\/fr\/wp-json\/wp\/v2\/comments?post=64241"}],"wp:featuredmedia":[{"embeddable":true,"href":"https:\/\/lebouquet.brstdev.com\/fr\/wp-json\/wp\/v2\/media\/64227"}],"wp:attachment":[{"href":"https:\/\/lebouquet.brstdev.com\/fr\/wp-json\/wp\/v2\/media?parent=64241"}],"wp:term":[{"taxonomy":"recipe","embeddable":true,"href":"https:\/\/lebouquet.brstdev.com\/fr\/wp-json\/wp\/v2\/recipe?post=64241"},{"taxonomy":"product_brand","embeddable":true,"href":"https:\/\/lebouquet.brstdev.com\/fr\/wp-json\/wp\/v2\/product_brand?post=64241"},{"taxonomy":"product_cat","embeddable":true,"href":"https:\/\/lebouquet.brstdev.com\/fr\/wp-json\/wp\/v2\/product_cat?post=64241"},{"taxonomy":"product_tag","embeddable":true,"href":"https:\/\/lebouquet.brstdev.com\/fr\/wp-json\/wp\/v2\/product_tag?post=64241"}],"curies":[{"name":"wp","href":"https:\/\/api.w.org\/{rel}","templated":true}]}}