{"id":63942,"date":"2024-01-19T09:35:47","date_gmt":"2024-01-19T14:35:47","guid":{"rendered":"https:\/\/lebouquetnew.brstdev.com\/sansevieria\/"},"modified":"2025-08-13T06:21:55","modified_gmt":"2025-08-13T10:21:55","slug":"sansevieria","status":"publish","type":"product","link":"https:\/\/lebouquet.brstdev.com\/fr\/sansevieria\/","title":{"rendered":"Sansevieria"},"content":{"rendered":"<p>La plante Sansevieria se tient haute et fi\u00e8re.&nbsp;<\/p>\n<p>Besoin d&rsquo;eau chaque 2-3 semaines. Une lumiere indirect moyenne \u00e2 vive est preferable.<\/p>\n<p>Elles sont un ajout magnifique et unique \u00e0 votre d\u00e9coration int\u00e9rieure. Les pots varieront.<\/p>\n","protected":false},"excerpt":{"rendered":"<p>Environ 2 pieds de hauteur, plant\u00e9e dans un pot de 8&Prime;.<\/p>\n","protected":false},"featured_media":63929,"comment_status":"open","ping_status":"closed","template":"","meta":{"_acf_changed":false},"recipe":[],"product_brand":[],"product_cat":[7645,18053,7646,18052],"product_tag":[],"class_list":{"0":"post-63942","1":"product","2":"type-product","3":"status-publish","4":"has-post-thumbnail","6":"product_cat-flowering-and-green-plants","7":"product_cat-plantes","8":"product_cat-plantes-vertes-et-fleuries","9":"product_cat-plants","11":"first","12":"instock","13":"shipping-taxable","14":"purchasable","15":"product-type-simple"},"acf":[],"_links":{"self":[{"href":"https:\/\/lebouquet.brstdev.com\/fr\/wp-json\/wp\/v2\/product\/63942","targetHints":{"allow":["GET"]}}],"collection":[{"href":"https:\/\/lebouquet.brstdev.com\/fr\/wp-json\/wp\/v2\/product"}],"about":[{"href":"https:\/\/lebouquet.brstdev.com\/fr\/wp-json\/wp\/v2\/types\/product"}],"replies":[{"embeddable":true,"href":"https:\/\/lebouquet.brstdev.com\/fr\/wp-json\/wp\/v2\/comments?post=63942"}],"wp:featuredmedia":[{"embeddable":true,"href":"https:\/\/lebouquet.brstdev.com\/fr\/wp-json\/wp\/v2\/media\/63929"}],"wp:attachment":[{"href":"https:\/\/lebouquet.brstdev.com\/fr\/wp-json\/wp\/v2\/media?parent=63942"}],"wp:term":[{"taxonomy":"recipe","embeddable":true,"href":"https:\/\/lebouquet.brstdev.com\/fr\/wp-json\/wp\/v2\/recipe?post=63942"},{"taxonomy":"product_brand","embeddable":true,"href":"https:\/\/lebouquet.brstdev.com\/fr\/wp-json\/wp\/v2\/product_brand?post=63942"},{"taxonomy":"product_cat","embeddable":true,"href":"https:\/\/lebouquet.brstdev.com\/fr\/wp-json\/wp\/v2\/product_cat?post=63942"},{"taxonomy":"product_tag","embeddable":true,"href":"https:\/\/lebouquet.brstdev.com\/fr\/wp-json\/wp\/v2\/product_tag?post=63942"}],"curies":[{"name":"wp","href":"https:\/\/api.w.org\/{rel}","templated":true}]}}