{"id":63806,"date":"2024-01-19T09:30:34","date_gmt":"2024-01-19T14:30:34","guid":{"rendered":"https:\/\/lebouquetnew.brstdev.com\/spray-rose-wristlet\/"},"modified":"2026-03-28T04:04:28","modified_gmt":"2026-03-28T08:04:28","slug":"bracelet-a-fleurs-de-rosettes","status":"publish","type":"product","link":"https:\/\/lebouquet.brstdev.com\/fr\/bracelet-a-fleurs-de-rosettes\/","title":{"rendered":"Bracelet \u00e0 fleurs de rosettes"},"content":{"rendered":"<p><a href=\"https:\/\/www.lebouquet.com\/fr\/bracelets\">BRACELETS BIJOUX&nbsp;PEUVENT \u00caTRE COMMAND\u00c9S \u00c0 LA PAGE BRACELETS<\/a>&nbsp; ( Dans la section \u00c9v\u00e9nements &gt;&gt; Graduations et bals des finissants&nbsp;&gt;&gt; &nbsp;Bracelets)<\/p>\n<p>Nos bracelets \u00e0 fleurs de la collection <i>Signature Le Bouquet<\/i> viennent tous avec un ruban agenc\u00e9 aux fleurs, mont\u00e9es sur un bracelet \u00e9lastique standard brod\u00e9 argent\u00e9 ou sur un mod\u00e8le s\u00e9lectionn\u00e9.&nbsp;Les bracelets \u00e0 fleurs de rosettes&nbsp;s&rsquo;offrent en deux tailles, en diff\u00e9rentes couleurs et avec le choix de diff\u00e9rentes options de garnitures. Veuillez faire votre s\u00e9lection ci-bas. ***En amenant le curseur de votre souris sur les options, vous pourrez les visualiser sur photo.<\/p>\n<p>Le mod\u00e8le standard comprend&nbsp;3 rosettes<\/p>\n<p>Le mod\u00e8le de luxe&nbsp;comprend&nbsp;5 rosettes<\/p>\n","protected":false},"excerpt":{"rendered":"<p>Standard &#8211; 3 Spray Rose<\/p>\n<p>Deluxe &#8211; 5&nbsp;Spray Roses<\/p>\n","protected":false},"featured_media":63374,"comment_status":"open","ping_status":"closed","template":"","meta":{"_acf_changed":false},"recipe":[],"product_brand":[],"product_cat":[7606,17153,7600],"product_tag":[],"class_list":{"0":"post-63806","1":"product","2":"type-product","3":"status-publish","4":"has-post-thumbnail","6":"product_cat-bracelets-a-fleurs-graduations-et-bals-des-finissants-evenements","7":"product_cat-fleurs-occasions-montreal","8":"product_cat-graduations-et-bals-des-finissants-evenements","10":"first","11":"instock","12":"shipping-taxable","13":"purchasable","14":"product-type-simple"},"acf":[],"_links":{"self":[{"href":"https:\/\/lebouquet.brstdev.com\/fr\/wp-json\/wp\/v2\/product\/63806","targetHints":{"allow":["GET"]}}],"collection":[{"href":"https:\/\/lebouquet.brstdev.com\/fr\/wp-json\/wp\/v2\/product"}],"about":[{"href":"https:\/\/lebouquet.brstdev.com\/fr\/wp-json\/wp\/v2\/types\/product"}],"replies":[{"embeddable":true,"href":"https:\/\/lebouquet.brstdev.com\/fr\/wp-json\/wp\/v2\/comments?post=63806"}],"wp:featuredmedia":[{"embeddable":true,"href":"https:\/\/lebouquet.brstdev.com\/fr\/wp-json\/wp\/v2\/media\/63374"}],"wp:attachment":[{"href":"https:\/\/lebouquet.brstdev.com\/fr\/wp-json\/wp\/v2\/media?parent=63806"}],"wp:term":[{"taxonomy":"recipe","embeddable":true,"href":"https:\/\/lebouquet.brstdev.com\/fr\/wp-json\/wp\/v2\/recipe?post=63806"},{"taxonomy":"product_brand","embeddable":true,"href":"https:\/\/lebouquet.brstdev.com\/fr\/wp-json\/wp\/v2\/product_brand?post=63806"},{"taxonomy":"product_cat","embeddable":true,"href":"https:\/\/lebouquet.brstdev.com\/fr\/wp-json\/wp\/v2\/product_cat?post=63806"},{"taxonomy":"product_tag","embeddable":true,"href":"https:\/\/lebouquet.brstdev.com\/fr\/wp-json\/wp\/v2\/product_tag?post=63806"}],"curies":[{"name":"wp","href":"https:\/\/api.w.org\/{rel}","templated":true}]}}