{"id":63655,"date":"2024-01-19T09:33:09","date_gmt":"2024-01-19T14:33:09","guid":{"rendered":"https:\/\/lebouquetnew.brstdev.com\/surrounded-by-love-urn-arrangement\/"},"modified":"2025-08-13T06:22:03","modified_gmt":"2025-08-13T10:22:03","slug":"entoure-damour-pour-urnes","status":"publish","type":"product","link":"https:\/\/lebouquet.brstdev.com\/fr\/entoure-damour-pour-urnes\/","title":{"rendered":"Entour\u00e9 d&rsquo;amour pour urnes"},"content":{"rendered":"<p>Entour\u00e9 de roses, de blancs et de verts. Cet arrangement d&rsquo;urne est une touche douce et tendre pour les fun\u00e9railles.<\/p>\n","protected":false},"excerpt":{"rendered":"<p>22&Prime; de diam\u00e8tre<\/p>\n","protected":false},"featured_media":63641,"comment_status":"open","ping_status":"closed","template":"","meta":{"_acf_changed":false},"recipe":[],"product_brand":[],"product_cat":[7636,7620,7619,7635],"product_tag":[],"class_list":{"0":"post-63655","1":"product","2":"type-product","3":"status-publish","4":"has-post-thumbnail","6":"product_cat-arrangements-pour-les-urnes-funeraire","7":"product_cat-fleurs-funeraires-montreal","8":"product_cat-funeral-flowers-montreal","9":"product_cat-urn-arrangements","11":"first","12":"instock","13":"shipping-taxable","14":"purchasable","15":"product-type-simple"},"acf":[],"_links":{"self":[{"href":"https:\/\/lebouquet.brstdev.com\/fr\/wp-json\/wp\/v2\/product\/63655","targetHints":{"allow":["GET"]}}],"collection":[{"href":"https:\/\/lebouquet.brstdev.com\/fr\/wp-json\/wp\/v2\/product"}],"about":[{"href":"https:\/\/lebouquet.brstdev.com\/fr\/wp-json\/wp\/v2\/types\/product"}],"replies":[{"embeddable":true,"href":"https:\/\/lebouquet.brstdev.com\/fr\/wp-json\/wp\/v2\/comments?post=63655"}],"wp:featuredmedia":[{"embeddable":true,"href":"https:\/\/lebouquet.brstdev.com\/fr\/wp-json\/wp\/v2\/media\/63641"}],"wp:attachment":[{"href":"https:\/\/lebouquet.brstdev.com\/fr\/wp-json\/wp\/v2\/media?parent=63655"}],"wp:term":[{"taxonomy":"recipe","embeddable":true,"href":"https:\/\/lebouquet.brstdev.com\/fr\/wp-json\/wp\/v2\/recipe?post=63655"},{"taxonomy":"product_brand","embeddable":true,"href":"https:\/\/lebouquet.brstdev.com\/fr\/wp-json\/wp\/v2\/product_brand?post=63655"},{"taxonomy":"product_cat","embeddable":true,"href":"https:\/\/lebouquet.brstdev.com\/fr\/wp-json\/wp\/v2\/product_cat?post=63655"},{"taxonomy":"product_tag","embeddable":true,"href":"https:\/\/lebouquet.brstdev.com\/fr\/wp-json\/wp\/v2\/product_tag?post=63655"}],"curies":[{"name":"wp","href":"https:\/\/api.w.org\/{rel}","templated":true}]}}