{"id":63638,"date":"2024-01-19T09:32:46","date_gmt":"2024-01-19T14:32:46","guid":{"rendered":"https:\/\/lebouquetnew.brstdev.com\/bright-future\/"},"modified":"2025-08-13T06:06:02","modified_gmt":"2025-08-13T10:06:02","slug":"avenir-brillant","status":"publish","type":"product","link":"https:\/\/lebouquet.brstdev.com\/fr\/avenir-brillant\/","title":{"rendered":"Avenir Brillant"},"content":{"rendered":"<p>C\u00e9l\u00e9brez le chemin vers le succ\u00e8s avec le bouquet \u00ab\u00a0Avenir Lumineux\u00a0\u00bb! Cet arrangement amusant et vibrant pr\u00e9sente un magnifique m\u00e9lange de gerberas assortis et de solidago jaune \u00e9clatant, le tout joliment dispos\u00e9 dans un vase \u00e9l\u00e9gant. Parfait pour les \u00e9tudiants, enseignants ou professionnels administratifs, ce bouquet comprend \u00e9galement un assortiment color\u00e9 de stylos et de surligneurs\u2014un cadeau inspirant pour \u00e9gayer tout espace de travail ou de r\u00e9vision. Que ce soit pour une occasion sp\u00e9ciale ou pour un coup de motivation, \u00ab\u00a0Avenir Lumineux\u00a0\u00bb est un choix stimulant.<\/p>\n<ul>\n<li><strong>Inclut :<\/strong> Gerberas assortis, solidago, plusieurs stylos et surligneurs.<\/li>\n<li><strong>Inclus avec :<\/strong> Un vase transparent.<\/li>\n<li><strong>Parfait pour :<\/strong> Les \u00e9tudiants, professionnels administratifs, ou toute personne qui entame un avenir radieux !<\/li>\n<\/ul>\n","protected":false},"excerpt":{"rendered":"<p>C\u00e9l\u00e9brez le chemin vers le succ\u00e8s avec le bouquet \u00ab\u00a0Avenir Lumineux\u00a0\u00bb! Cet arrangement amusant et vibrant pr\u00e9sente un magnifique m\u00e9lange de gerberas assortis et de solidago jaune \u00e9clatant, le tout joliment dispos\u00e9 dans un vase \u00e9l\u00e9gant. Parfait pour les \u00e9tudiants, enseignants ou professionnels administratifs, ce bouquet comprend \u00e9galement un assortiment color\u00e9 de stylos et de [&hellip;]<\/p>\n","protected":false},"featured_media":96665,"comment_status":"open","ping_status":"closed","template":"","meta":{"_acf_changed":false,"inline_featured_image":false},"recipe":[],"product_brand":[],"product_cat":[7565,7566,7560,7559,7554,7553],"product_tag":[],"class_list":{"0":"post-63638","1":"product","2":"type-product","3":"status-publish","4":"has-post-thumbnail","6":"product_cat-arrangements","7":"product_cat-arrangements-2","8":"product_cat-fleurs-2-2","9":"product_cat-flowers","10":"product_cat-populaires","11":"product_cat-popular","13":"first","14":"instock","15":"shipping-taxable","16":"purchasable","17":"product-type-simple"},"acf":[],"_links":{"self":[{"href":"https:\/\/lebouquet.brstdev.com\/fr\/wp-json\/wp\/v2\/product\/63638","targetHints":{"allow":["GET"]}}],"collection":[{"href":"https:\/\/lebouquet.brstdev.com\/fr\/wp-json\/wp\/v2\/product"}],"about":[{"href":"https:\/\/lebouquet.brstdev.com\/fr\/wp-json\/wp\/v2\/types\/product"}],"replies":[{"embeddable":true,"href":"https:\/\/lebouquet.brstdev.com\/fr\/wp-json\/wp\/v2\/comments?post=63638"}],"wp:featuredmedia":[{"embeddable":true,"href":"https:\/\/lebouquet.brstdev.com\/fr\/wp-json\/wp\/v2\/media\/96665"}],"wp:attachment":[{"href":"https:\/\/lebouquet.brstdev.com\/fr\/wp-json\/wp\/v2\/media?parent=63638"}],"wp:term":[{"taxonomy":"recipe","embeddable":true,"href":"https:\/\/lebouquet.brstdev.com\/fr\/wp-json\/wp\/v2\/recipe?post=63638"},{"taxonomy":"product_brand","embeddable":true,"href":"https:\/\/lebouquet.brstdev.com\/fr\/wp-json\/wp\/v2\/product_brand?post=63638"},{"taxonomy":"product_cat","embeddable":true,"href":"https:\/\/lebouquet.brstdev.com\/fr\/wp-json\/wp\/v2\/product_cat?post=63638"},{"taxonomy":"product_tag","embeddable":true,"href":"https:\/\/lebouquet.brstdev.com\/fr\/wp-json\/wp\/v2\/product_tag?post=63638"}],"curies":[{"name":"wp","href":"https:\/\/api.w.org\/{rel}","templated":true}]}}