{"id":63593,"date":"2024-01-19T09:32:28","date_gmt":"2024-01-19T14:32:28","guid":{"rendered":"https:\/\/lebouquetnew.brstdev.com\/peridot\/"},"modified":"2025-08-13T06:06:03","modified_gmt":"2025-08-13T10:06:03","slug":"peridot","status":"publish","type":"product","link":"https:\/\/lebouquet.brstdev.com\/fr\/peridot\/","title":{"rendered":"P\u00e9ridot"},"content":{"rendered":"<p>Apportez une touche d\u2019\u00e9l\u00e9gance \u00e0 votre espace avec la beaut\u00e9 raffin\u00e9e de l\u2019<strong>arrangement Peridot<\/strong>, exclusivement chez <strong>Le Bouquet<\/strong>. Compos\u00e9 d\u2019un m\u00e9lange enchanteur d\u2019hortensias frais dans des teintes douces de bleu, de blanc \u00e9clatant et de vert vibrant, ce bouquet d\u00e9gage sophistication et charme. Dispos\u00e9 dans un magnifique vase en verre vert, ce design capture l\u2019essence sereine de la nature, ce qui en fait un choix parfait pour toutes les occasions : anniversaires, anniversaires de mariage ou simplement pour apporter de la joie \u00e0 votre int\u00e9rieur. L\u2019<strong>arrangement Peridot<\/strong> est une pi\u00e8ce ma\u00eetresse intemporelle qui laissera une impression durable<\/p>\n","protected":false},"excerpt":{"rendered":"<p>Dimensions : 9&Prime; L x 9&Prime; l x 11&Prime; H<\/p>\n","protected":false},"featured_media":90277,"comment_status":"open","ping_status":"closed","template":"","meta":{"_acf_changed":false,"inline_featured_image":false},"recipe":[],"product_brand":[],"product_cat":[7565,7566,7560,7559,7567,7554,7553,7568],"product_tag":[],"class_list":{"0":"post-63593","1":"product","2":"type-product","3":"status-publish","4":"has-post-thumbnail","6":"product_cat-arrangements","7":"product_cat-arrangements-2","8":"product_cat-fleurs-2-2","9":"product_cat-flowers","10":"product_cat-individual-type-varieties","11":"product_cat-populaires","12":"product_cat-popular","15":"first","16":"instock","17":"shipping-taxable","18":"purchasable","19":"product-type-simple"},"acf":[],"_links":{"self":[{"href":"https:\/\/lebouquet.brstdev.com\/fr\/wp-json\/wp\/v2\/product\/63593","targetHints":{"allow":["GET"]}}],"collection":[{"href":"https:\/\/lebouquet.brstdev.com\/fr\/wp-json\/wp\/v2\/product"}],"about":[{"href":"https:\/\/lebouquet.brstdev.com\/fr\/wp-json\/wp\/v2\/types\/product"}],"replies":[{"embeddable":true,"href":"https:\/\/lebouquet.brstdev.com\/fr\/wp-json\/wp\/v2\/comments?post=63593"}],"wp:featuredmedia":[{"embeddable":true,"href":"https:\/\/lebouquet.brstdev.com\/fr\/wp-json\/wp\/v2\/media\/90277"}],"wp:attachment":[{"href":"https:\/\/lebouquet.brstdev.com\/fr\/wp-json\/wp\/v2\/media?parent=63593"}],"wp:term":[{"taxonomy":"recipe","embeddable":true,"href":"https:\/\/lebouquet.brstdev.com\/fr\/wp-json\/wp\/v2\/recipe?post=63593"},{"taxonomy":"product_brand","embeddable":true,"href":"https:\/\/lebouquet.brstdev.com\/fr\/wp-json\/wp\/v2\/product_brand?post=63593"},{"taxonomy":"product_cat","embeddable":true,"href":"https:\/\/lebouquet.brstdev.com\/fr\/wp-json\/wp\/v2\/product_cat?post=63593"},{"taxonomy":"product_tag","embeddable":true,"href":"https:\/\/lebouquet.brstdev.com\/fr\/wp-json\/wp\/v2\/product_tag?post=63593"}],"curies":[{"name":"wp","href":"https:\/\/api.w.org\/{rel}","templated":true}]}}