{"id":63578,"date":"2024-01-19T09:32:21","date_gmt":"2024-01-19T14:32:21","guid":{"rendered":"https:\/\/lebouquetnew.brstdev.com\/olivier\/"},"modified":"2025-08-13T06:06:03","modified_gmt":"2025-08-13T10:06:03","slug":"olivier","status":"publish","type":"product","link":"https:\/\/lebouquet.brstdev.com\/fr\/olivier\/","title":{"rendered":"Olivier"},"content":{"rendered":"<p><span style=\"background-color:rgb(255,255,255);color:rgb(0,0,0);font-size:14.6667px;\">Inspir\u00e9 par les rivages tranquilles de la M\u00e9diterran\u00e9e, notre bouquet \u00a0\u00bb Olivier\u00a0\u00bb exhale un sentiment d&rsquo;\u00e9l\u00e9gance paisible. Ce bouquet entrelace la beaut\u00e9 classique des roses et la gr\u00e2ce raffin\u00e9e des lisianthus avec le charme rustique des branches d&rsquo;olivier. Une palette de p\u00eache douce, de blanc cr\u00e8me et de vert luxuriant refl\u00e8te les paysages chaleureux et baign\u00e9s de soleil de la r\u00e9gion m\u00e9diterran\u00e9enne.<\/span><\/p>\n","protected":false},"excerpt":{"rendered":"<p>Inclut 6 roses<\/p>\n","protected":false},"featured_media":93179,"comment_status":"open","ping_status":"closed","template":"","meta":{"_acf_changed":false,"inline_featured_image":false},"recipe":[],"product_brand":[],"product_cat":[7563,7564,7588,7560,7559,7569,7587,17153,7554,7553,17150,17154],"product_tag":[],"class_list":{"0":"post-63578","1":"product","2":"type-product","3":"status-publish","4":"has-post-thumbnail","6":"product_cat-bouquets","7":"product_cat-bouquets-2","8":"product_cat-fete-des-meres-evenements","9":"product_cat-fleurs-2-2","10":"product_cat-flowers","11":"product_cat-occasions","12":"product_cat-mothers-day","13":"product_cat-occasions-fr","14":"product_cat-populaires","15":"product_cat-popular","16":"product_cat-best-seller","17":"product_cat-best-seller-fr-2","19":"first","20":"instock","21":"shipping-taxable","22":"purchasable","23":"product-type-simple"},"acf":[],"_links":{"self":[{"href":"https:\/\/lebouquet.brstdev.com\/fr\/wp-json\/wp\/v2\/product\/63578","targetHints":{"allow":["GET"]}}],"collection":[{"href":"https:\/\/lebouquet.brstdev.com\/fr\/wp-json\/wp\/v2\/product"}],"about":[{"href":"https:\/\/lebouquet.brstdev.com\/fr\/wp-json\/wp\/v2\/types\/product"}],"replies":[{"embeddable":true,"href":"https:\/\/lebouquet.brstdev.com\/fr\/wp-json\/wp\/v2\/comments?post=63578"}],"wp:featuredmedia":[{"embeddable":true,"href":"https:\/\/lebouquet.brstdev.com\/fr\/wp-json\/wp\/v2\/media\/93179"}],"wp:attachment":[{"href":"https:\/\/lebouquet.brstdev.com\/fr\/wp-json\/wp\/v2\/media?parent=63578"}],"wp:term":[{"taxonomy":"recipe","embeddable":true,"href":"https:\/\/lebouquet.brstdev.com\/fr\/wp-json\/wp\/v2\/recipe?post=63578"},{"taxonomy":"product_brand","embeddable":true,"href":"https:\/\/lebouquet.brstdev.com\/fr\/wp-json\/wp\/v2\/product_brand?post=63578"},{"taxonomy":"product_cat","embeddable":true,"href":"https:\/\/lebouquet.brstdev.com\/fr\/wp-json\/wp\/v2\/product_cat?post=63578"},{"taxonomy":"product_tag","embeddable":true,"href":"https:\/\/lebouquet.brstdev.com\/fr\/wp-json\/wp\/v2\/product_tag?post=63578"}],"curies":[{"name":"wp","href":"https:\/\/api.w.org\/{rel}","templated":true}]}}