{"id":63505,"date":"2024-01-19T09:31:27","date_gmt":"2024-01-19T14:31:27","guid":{"rendered":"https:\/\/lebouquetnew.brstdev.com\/true-love\/"},"modified":"2025-08-13T06:06:05","modified_gmt":"2025-08-13T10:06:05","slug":"amour-veritable","status":"publish","type":"product","link":"https:\/\/lebouquet.brstdev.com\/fr\/amour-veritable\/","title":{"rendered":"Amour V\u00e9ritable \u2013 Bouquet de roses rouges"},"content":{"rendered":"<p>Faites une d\u00e9claration d\u2019amour inoubliable avec notre somptueux bouquet <i>Amour V\u00e9ritable<\/i>, compos\u00e9 de 36, 50, 75 ou 100 roses rouges d\u2019une beaut\u00e9 exceptionnelle. Chaque tige est soigneusement choisie pour sa couleur intense et sa fleur g\u00e9n\u00e9reuse, et sublim\u00e9e par un nuage de gypsophile et un feuillage tropical \u00e9l\u00e9gant. Que ce soit pour un anniversaire de mariage, une demande en mariage ou une simple preuve d\u2019amour sinc\u00e8re, ce bouquet incarne la passion et l\u2019\u00e9l\u00e9gance \u00e0 l\u2019\u00e9tat pur. Disponible en version emball\u00e9e \u00e0 la main ou pr\u00e9sent\u00e9 dans un vase raffin\u00e9.<\/p>\n<p><strong>Disponible en formats :<\/strong><br \/>\u2013 36, 50, 75 ou 100 tiges<br \/>\u2013 Avec ou sans vase<br \/>\u2013 Emball\u00e9 dans du papier kraft ou livr\u00e9 dans un vase en verre transparent<\/p>\n<p><strong>Parfait pour :<\/strong><br \/>Les occasions romantiques, anniversaires, fian\u00e7ailles ou gestes d\u2019amour spontan\u00e9s.<\/p>\n","protected":false},"excerpt":{"rendered":"<p>Faites une d\u00e9claration d\u2019amour inoubliable avec notre somptueux bouquet Amour V\u00e9ritable, compos\u00e9 de 36, 50, 75 ou 100 roses rouges d\u2019une beaut\u00e9 exceptionnelle. Chaque tige est soigneusement choisie pour sa couleur intense et sa fleur g\u00e9n\u00e9reuse, et sublim\u00e9e par un nuage de gypsophile et un feuillage tropical \u00e9l\u00e9gant. Que ce soit pour un anniversaire de [&hellip;]<\/p>\n","protected":false},"featured_media":93259,"comment_status":"open","ping_status":"closed","template":"","meta":{"_acf_changed":false,"inline_featured_image":false},"recipe":[],"product_brand":[],"product_cat":[7590,7589,7560,7559,7569,17153,7561,7562,7572,7571],"product_tag":[],"class_list":{"0":"post-63505","1":"product","2":"type-product","3":"status-publish","4":"has-post-thumbnail","6":"product_cat-anniversaire-de-mariage-evenements","7":"product_cat-anniversaries-engagements","8":"product_cat-fleurs-2-2","9":"product_cat-flowers","10":"product_cat-occasions","11":"product_cat-occasions-fr","12":"product_cat-roses","13":"product_cat-roses-fr","14":"product_cat-saint-valentin","15":"product_cat-valentines","17":"first","18":"instock","19":"shipping-taxable","20":"purchasable","21":"product-type-simple"},"acf":[],"_links":{"self":[{"href":"https:\/\/lebouquet.brstdev.com\/fr\/wp-json\/wp\/v2\/product\/63505","targetHints":{"allow":["GET"]}}],"collection":[{"href":"https:\/\/lebouquet.brstdev.com\/fr\/wp-json\/wp\/v2\/product"}],"about":[{"href":"https:\/\/lebouquet.brstdev.com\/fr\/wp-json\/wp\/v2\/types\/product"}],"replies":[{"embeddable":true,"href":"https:\/\/lebouquet.brstdev.com\/fr\/wp-json\/wp\/v2\/comments?post=63505"}],"wp:featuredmedia":[{"embeddable":true,"href":"https:\/\/lebouquet.brstdev.com\/fr\/wp-json\/wp\/v2\/media\/93259"}],"wp:attachment":[{"href":"https:\/\/lebouquet.brstdev.com\/fr\/wp-json\/wp\/v2\/media?parent=63505"}],"wp:term":[{"taxonomy":"recipe","embeddable":true,"href":"https:\/\/lebouquet.brstdev.com\/fr\/wp-json\/wp\/v2\/recipe?post=63505"},{"taxonomy":"product_brand","embeddable":true,"href":"https:\/\/lebouquet.brstdev.com\/fr\/wp-json\/wp\/v2\/product_brand?post=63505"},{"taxonomy":"product_cat","embeddable":true,"href":"https:\/\/lebouquet.brstdev.com\/fr\/wp-json\/wp\/v2\/product_cat?post=63505"},{"taxonomy":"product_tag","embeddable":true,"href":"https:\/\/lebouquet.brstdev.com\/fr\/wp-json\/wp\/v2\/product_tag?post=63505"}],"curies":[{"name":"wp","href":"https:\/\/api.w.org\/{rel}","templated":true}]}}