{"id":63457,"date":"2024-01-19T09:31:04","date_gmt":"2024-01-19T14:31:04","guid":{"rendered":"https:\/\/lebouquetnew.brstdev.com\/birthday-brights-bouquet\/"},"modified":"2026-03-28T03:31:28","modified_gmt":"2026-03-28T07:31:28","slug":"joyeux-anniversaire","status":"publish","type":"product","link":"https:\/\/lebouquet.brstdev.com\/fr\/joyeux-anniversaire\/","title":{"rendered":"Joyeux anniversaire!"},"content":{"rendered":"<p><i>En anglais seulement.&nbsp;<\/i>C\u00e9l\u00e9brez un anniversaire avec des fleurs \u00e9clatantes et vibrantes! Cet&nbsp;arrangement contient&nbsp;des gerberas, roses, fugis, marguerites et asters.&nbsp;<\/p>\n","protected":false},"excerpt":{"rendered":"<p>En anglais seulement.&nbsp;C\u00e9l\u00e9brez un anniversaire avec des fleurs \u00e9clatantes et vibrantes! Cet&nbsp;arrangement contient&nbsp;des gerberas, roses, fugis, marguerites et asters.&nbsp;<\/p>\n","protected":false},"featured_media":63440,"comment_status":"open","ping_status":"closed","template":"","meta":{"_acf_changed":false},"recipe":[],"product_brand":[],"product_cat":[7592,17153],"product_tag":[],"class_list":{"0":"post-63457","1":"product","2":"type-product","3":"status-publish","4":"has-post-thumbnail","6":"product_cat-anniversaire-de-naissance","7":"product_cat-fleurs-occasions-montreal","9":"first","10":"instock","11":"shipping-taxable","12":"purchasable","13":"product-type-simple"},"acf":[],"_links":{"self":[{"href":"https:\/\/lebouquet.brstdev.com\/fr\/wp-json\/wp\/v2\/product\/63457","targetHints":{"allow":["GET"]}}],"collection":[{"href":"https:\/\/lebouquet.brstdev.com\/fr\/wp-json\/wp\/v2\/product"}],"about":[{"href":"https:\/\/lebouquet.brstdev.com\/fr\/wp-json\/wp\/v2\/types\/product"}],"replies":[{"embeddable":true,"href":"https:\/\/lebouquet.brstdev.com\/fr\/wp-json\/wp\/v2\/comments?post=63457"}],"wp:featuredmedia":[{"embeddable":true,"href":"https:\/\/lebouquet.brstdev.com\/fr\/wp-json\/wp\/v2\/media\/63440"}],"wp:attachment":[{"href":"https:\/\/lebouquet.brstdev.com\/fr\/wp-json\/wp\/v2\/media?parent=63457"}],"wp:term":[{"taxonomy":"recipe","embeddable":true,"href":"https:\/\/lebouquet.brstdev.com\/fr\/wp-json\/wp\/v2\/recipe?post=63457"},{"taxonomy":"product_brand","embeddable":true,"href":"https:\/\/lebouquet.brstdev.com\/fr\/wp-json\/wp\/v2\/product_brand?post=63457"},{"taxonomy":"product_cat","embeddable":true,"href":"https:\/\/lebouquet.brstdev.com\/fr\/wp-json\/wp\/v2\/product_cat?post=63457"},{"taxonomy":"product_tag","embeddable":true,"href":"https:\/\/lebouquet.brstdev.com\/fr\/wp-json\/wp\/v2\/product_tag?post=63457"}],"curies":[{"name":"wp","href":"https:\/\/api.w.org\/{rel}","templated":true}]}}