{"id":63115,"date":"2024-01-19T09:21:10","date_gmt":"2024-01-19T14:21:10","guid":{"rendered":"https:\/\/lebouquetnew.brstdev.com\/spray-rose-boutonniere\/"},"modified":"2025-08-13T06:06:26","modified_gmt":"2025-08-13T10:06:26","slug":"boutonniere-rosettes","status":"publish","type":"product","link":"https:\/\/lebouquet.brstdev.com\/fr\/boutonniere-rosettes\/","title":{"rendered":"Boutonni\u00e8re rosettes"},"content":{"rendered":"<p>Nos boutonni\u00e8res de la collection Signature Le Bouquet peuvent \u00eatre personnalis\u00e9es \u00e0 votre go\u00fbt facilement. Faites vos choix d&rsquo;options de couleur, de taille et de garnitures ci-bas.<\/p>\n","protected":false},"excerpt":{"rendered":"<p>Nos boutonni\u00e8res de la collection Signature Le Bouquet peuvent \u00eatre personnalis\u00e9es \u00e0 votre go\u00fbt facilement. Faites vos choix d&rsquo;options de couleur, de taille et de garnitures ci-bas.<\/p>\n","protected":false},"featured_media":62434,"comment_status":"open","ping_status":"closed","template":"","meta":{"_acf_changed":false,"inline_featured_image":false},"recipe":[],"product_brand":[],"product_cat":[7601,7602,7569,17153,7599,7600],"product_tag":[],"class_list":{"0":"post-63115","1":"product","2":"type-product","3":"status-publish","4":"has-post-thumbnail","6":"product_cat-boutonnieres","7":"product_cat-boutonnieres-2-graduations-et-bals-des-finissants-evenements","8":"product_cat-occasions","9":"product_cat-occasions-fr","10":"product_cat-proms-and-graduations","11":"product_cat-graduations-et-bals-des-finissants-evenements","13":"first","14":"instock","15":"shipping-taxable","16":"purchasable","17":"product-type-simple"},"acf":[],"_links":{"self":[{"href":"https:\/\/lebouquet.brstdev.com\/fr\/wp-json\/wp\/v2\/product\/63115","targetHints":{"allow":["GET"]}}],"collection":[{"href":"https:\/\/lebouquet.brstdev.com\/fr\/wp-json\/wp\/v2\/product"}],"about":[{"href":"https:\/\/lebouquet.brstdev.com\/fr\/wp-json\/wp\/v2\/types\/product"}],"replies":[{"embeddable":true,"href":"https:\/\/lebouquet.brstdev.com\/fr\/wp-json\/wp\/v2\/comments?post=63115"}],"wp:featuredmedia":[{"embeddable":true,"href":"https:\/\/lebouquet.brstdev.com\/fr\/wp-json\/wp\/v2\/media\/62434"}],"wp:attachment":[{"href":"https:\/\/lebouquet.brstdev.com\/fr\/wp-json\/wp\/v2\/media?parent=63115"}],"wp:term":[{"taxonomy":"recipe","embeddable":true,"href":"https:\/\/lebouquet.brstdev.com\/fr\/wp-json\/wp\/v2\/recipe?post=63115"},{"taxonomy":"product_brand","embeddable":true,"href":"https:\/\/lebouquet.brstdev.com\/fr\/wp-json\/wp\/v2\/product_brand?post=63115"},{"taxonomy":"product_cat","embeddable":true,"href":"https:\/\/lebouquet.brstdev.com\/fr\/wp-json\/wp\/v2\/product_cat?post=63115"},{"taxonomy":"product_tag","embeddable":true,"href":"https:\/\/lebouquet.brstdev.com\/fr\/wp-json\/wp\/v2\/product_tag?post=63115"}],"curies":[{"name":"wp","href":"https:\/\/api.w.org\/{rel}","templated":true}]}}