{"id":62997,"date":"2024-01-19T09:24:58","date_gmt":"2024-01-19T14:24:58","guid":{"rendered":"https:\/\/lebouquetnew.brstdev.com\/cilindro\/"},"modified":"2025-08-13T06:22:18","modified_gmt":"2025-08-13T10:22:18","slug":"cilindro","status":"publish","type":"product","link":"https:\/\/lebouquet.brstdev.com\/fr\/cilindro\/","title":{"rendered":"Cilindro"},"content":{"rendered":"<p>D&rsquo;adorables mini succulentes assembl\u00e9es dans un r\u00e9cipient en c\u00e9ramique en forme de cylindre. Les vari\u00e9t\u00e9s des plantes varient.<\/p>\n<p>Standard: 3 plantes, <i>dimensions du pot : 4.5\u00a0\u00bb x4.5\u00a0\u00bb&nbsp; <\/i>De luxe: 4 Plantes, <i>dimensions du pot : 5\u00a0\u00bbx5\u00a0\u00bb<\/i><\/p>\n","protected":false},"excerpt":{"rendered":"<p style=\"text-align:center;\">Standard: 3 plantes, <i>dimensions du pot : 4.5\u00a0\u00bb x4.5\u00a0\u00bb&nbsp; <\/i>Deluxe: 4 Plantes, <i>dimensions du pot : 5\u00a0\u00bbx5\u00a0\u00bb<\/i><\/p>\n","protected":false},"featured_media":62967,"comment_status":"open","ping_status":"closed","template":"","meta":{"_acf_changed":false},"recipe":[],"product_brand":[],"product_cat":[7643,7641,7642,18053,7644,18052],"product_tag":[],"class_list":{"0":"post-62997","1":"product","2":"type-product","3":"status-publish","4":"has-post-thumbnail","6":"product_cat-air-plants-and-succulents","7":"product_cat-dish-gardens","8":"product_cat-jardinieres","9":"product_cat-plantes","10":"product_cat-plantes-aeriennes-et-succulentes","11":"product_cat-plants","13":"first","14":"instock","15":"shipping-taxable","16":"purchasable","17":"product-type-simple"},"acf":[],"_links":{"self":[{"href":"https:\/\/lebouquet.brstdev.com\/fr\/wp-json\/wp\/v2\/product\/62997","targetHints":{"allow":["GET"]}}],"collection":[{"href":"https:\/\/lebouquet.brstdev.com\/fr\/wp-json\/wp\/v2\/product"}],"about":[{"href":"https:\/\/lebouquet.brstdev.com\/fr\/wp-json\/wp\/v2\/types\/product"}],"replies":[{"embeddable":true,"href":"https:\/\/lebouquet.brstdev.com\/fr\/wp-json\/wp\/v2\/comments?post=62997"}],"wp:featuredmedia":[{"embeddable":true,"href":"https:\/\/lebouquet.brstdev.com\/fr\/wp-json\/wp\/v2\/media\/62967"}],"wp:attachment":[{"href":"https:\/\/lebouquet.brstdev.com\/fr\/wp-json\/wp\/v2\/media?parent=62997"}],"wp:term":[{"taxonomy":"recipe","embeddable":true,"href":"https:\/\/lebouquet.brstdev.com\/fr\/wp-json\/wp\/v2\/recipe?post=62997"},{"taxonomy":"product_brand","embeddable":true,"href":"https:\/\/lebouquet.brstdev.com\/fr\/wp-json\/wp\/v2\/product_brand?post=62997"},{"taxonomy":"product_cat","embeddable":true,"href":"https:\/\/lebouquet.brstdev.com\/fr\/wp-json\/wp\/v2\/product_cat?post=62997"},{"taxonomy":"product_tag","embeddable":true,"href":"https:\/\/lebouquet.brstdev.com\/fr\/wp-json\/wp\/v2\/product_tag?post=62997"}],"curies":[{"name":"wp","href":"https:\/\/api.w.org\/{rel}","templated":true}]}}