{"id":62916,"date":"2024-01-19T09:24:26","date_gmt":"2024-01-19T14:24:26","guid":{"rendered":"https:\/\/lebouquetnew.brstdev.com\/peonies-by-natalie\/"},"modified":"2025-08-13T06:06:16","modified_gmt":"2025-08-13T10:06:16","slug":"pivoines-par-natalie","status":"publish","type":"product","link":"https:\/\/lebouquet.brstdev.com\/fr\/pivoines-par-natalie\/","title":{"rendered":"Pivoines par Natalie"},"content":{"rendered":"<p>Les pivoines sont de retour! Natalie et Joseph ont chacun cr\u00e9\u00e9 leur propre style d&rsquo;arrangement de pivoines et nous avons ici la luxueuse cr\u00e9ation de Natalie. Sept pivoines, 14 roses, et 5 hortensias se r\u00e9unissent pour former l&rsquo;ULTIME bouquet de la f\u00eate des m\u00e8res. Les couleurs peuvent vari\u00e9es.<\/p>\n","protected":false},"excerpt":{"rendered":"<p>Approximately &#8211; 12&Prime; H x 24&Prime; L<\/p>\n","protected":false},"featured_media":62894,"comment_status":"open","ping_status":"closed","template":"","meta":{"_acf_changed":false,"inline_featured_image":false},"recipe":[],"product_brand":[],"product_cat":[7588,7560,7559,7569,7587,17153],"product_tag":[],"class_list":{"0":"post-62916","1":"product","2":"type-product","3":"status-publish","4":"has-post-thumbnail","6":"product_cat-fete-des-meres-evenements","7":"product_cat-fleurs-2-2","8":"product_cat-flowers","9":"product_cat-occasions","10":"product_cat-mothers-day","11":"product_cat-occasions-fr","13":"first","14":"instock","15":"shipping-taxable","16":"purchasable","17":"product-type-simple"},"acf":[],"_links":{"self":[{"href":"https:\/\/lebouquet.brstdev.com\/fr\/wp-json\/wp\/v2\/product\/62916","targetHints":{"allow":["GET"]}}],"collection":[{"href":"https:\/\/lebouquet.brstdev.com\/fr\/wp-json\/wp\/v2\/product"}],"about":[{"href":"https:\/\/lebouquet.brstdev.com\/fr\/wp-json\/wp\/v2\/types\/product"}],"replies":[{"embeddable":true,"href":"https:\/\/lebouquet.brstdev.com\/fr\/wp-json\/wp\/v2\/comments?post=62916"}],"wp:featuredmedia":[{"embeddable":true,"href":"https:\/\/lebouquet.brstdev.com\/fr\/wp-json\/wp\/v2\/media\/62894"}],"wp:attachment":[{"href":"https:\/\/lebouquet.brstdev.com\/fr\/wp-json\/wp\/v2\/media?parent=62916"}],"wp:term":[{"taxonomy":"recipe","embeddable":true,"href":"https:\/\/lebouquet.brstdev.com\/fr\/wp-json\/wp\/v2\/recipe?post=62916"},{"taxonomy":"product_brand","embeddable":true,"href":"https:\/\/lebouquet.brstdev.com\/fr\/wp-json\/wp\/v2\/product_brand?post=62916"},{"taxonomy":"product_cat","embeddable":true,"href":"https:\/\/lebouquet.brstdev.com\/fr\/wp-json\/wp\/v2\/product_cat?post=62916"},{"taxonomy":"product_tag","embeddable":true,"href":"https:\/\/lebouquet.brstdev.com\/fr\/wp-json\/wp\/v2\/product_tag?post=62916"}],"curies":[{"name":"wp","href":"https:\/\/api.w.org\/{rel}","templated":true}]}}