{"id":62479,"date":"2024-01-19T09:21:13","date_gmt":"2024-01-19T14:21:13","guid":{"rendered":"https:\/\/lebouquetnew.brstdev.com\/croton-plant\/"},"modified":"2025-08-13T06:06:26","modified_gmt":"2025-08-13T10:06:26","slug":"plante-croton","status":"publish","type":"product","link":"https:\/\/lebouquet.brstdev.com\/fr\/plante-croton\/","title":{"rendered":"Plante &lsquo;Croton&rsquo;"},"content":{"rendered":"<p>Cette plante a des feuilles de couleur verte, jaune, orange, rouge et bordeaux! Les crotons ont besoin d&rsquo;une lumi\u00e8re abondante et d&rsquo;un arrosage mod\u00e9r\u00e9. Ce pot de 6\u00a0\u00bb est livr\u00e9 avec un cache-pot.<\/p>\n","protected":false},"excerpt":{"rendered":"<p>Cette plante a des feuilles de couleur verte, jaune, orange, rouge et bordeaux! Les crotons ont besoin d&rsquo;une lumi\u00e8re abondante et d&rsquo;un arrosage mod\u00e9r\u00e9. Ce pot de 6\u00a0\u00bb est livr\u00e9 avec un cache-pot.<\/p>\n","protected":false},"featured_media":62466,"comment_status":"open","ping_status":"closed","template":"","meta":{"_acf_changed":false,"inline_featured_image":false},"recipe":[],"product_brand":[],"product_cat":[7645,18053,7646,18052],"product_tag":[],"class_list":{"0":"post-62479","1":"product","2":"type-product","3":"status-publish","4":"has-post-thumbnail","6":"product_cat-flowering-and-green-plants","7":"product_cat-plantes","8":"product_cat-plantes-vertes-et-fleuries","9":"product_cat-plants","11":"first","12":"instock","13":"shipping-taxable","14":"purchasable","15":"product-type-simple"},"acf":[],"_links":{"self":[{"href":"https:\/\/lebouquet.brstdev.com\/fr\/wp-json\/wp\/v2\/product\/62479","targetHints":{"allow":["GET"]}}],"collection":[{"href":"https:\/\/lebouquet.brstdev.com\/fr\/wp-json\/wp\/v2\/product"}],"about":[{"href":"https:\/\/lebouquet.brstdev.com\/fr\/wp-json\/wp\/v2\/types\/product"}],"replies":[{"embeddable":true,"href":"https:\/\/lebouquet.brstdev.com\/fr\/wp-json\/wp\/v2\/comments?post=62479"}],"wp:featuredmedia":[{"embeddable":true,"href":"https:\/\/lebouquet.brstdev.com\/fr\/wp-json\/wp\/v2\/media\/62466"}],"wp:attachment":[{"href":"https:\/\/lebouquet.brstdev.com\/fr\/wp-json\/wp\/v2\/media?parent=62479"}],"wp:term":[{"taxonomy":"recipe","embeddable":true,"href":"https:\/\/lebouquet.brstdev.com\/fr\/wp-json\/wp\/v2\/recipe?post=62479"},{"taxonomy":"product_brand","embeddable":true,"href":"https:\/\/lebouquet.brstdev.com\/fr\/wp-json\/wp\/v2\/product_brand?post=62479"},{"taxonomy":"product_cat","embeddable":true,"href":"https:\/\/lebouquet.brstdev.com\/fr\/wp-json\/wp\/v2\/product_cat?post=62479"},{"taxonomy":"product_tag","embeddable":true,"href":"https:\/\/lebouquet.brstdev.com\/fr\/wp-json\/wp\/v2\/product_tag?post=62479"}],"curies":[{"name":"wp","href":"https:\/\/api.w.org\/{rel}","templated":true}]}}