{"id":62430,"date":"2024-01-19T09:19:39","date_gmt":"2024-01-19T14:19:39","guid":{"rendered":"https:\/\/lebouquetnew.brstdev.com\/dendrobium-orchid-wristlet\/"},"modified":"2025-08-13T06:06:29","modified_gmt":"2025-08-13T10:06:29","slug":"bracelet-a-fleurs-dorchidees-dendrobium","status":"publish","type":"product","link":"https:\/\/lebouquet.brstdev.com\/fr\/bracelet-a-fleurs-dorchidees-dendrobium\/","title":{"rendered":"Bracelet \u00e0 fleurs d&rsquo;orchid\u00e9es Dendrobium"},"content":{"rendered":"<p><a href=\"https:\/\/www.lebouquet.com\/fr\/bracelets\">BRACELETS BIJOUX&nbsp;PEUVENT \u00caTRE COMMAND\u00c9S \u00c0 LA PAGE BRACELETS<\/a>&nbsp; ( Dans la section \u00c9v\u00e9nements &gt;&gt; Graduations et bals des finissants&nbsp;&gt;&gt; &nbsp;Bracelets)<\/p>\n<p>Nos bracelets \u00e0 fleurs de la collection <i>Signature Le Bouquet<\/i> viennent tous avec un ruban agenc\u00e9 aux fleurs, mont\u00e9es sur un bracelet \u00e9lastique standard brod\u00e9 argent\u00e9 ou sur un mod\u00e8le s\u00e9lectionn\u00e9.&nbsp;Les bracelets \u00e0 fleurs d&rsquo;orchid\u00e9es Dendrobium s&rsquo;offrent en deux tailles, en diff\u00e9rentes couleurs et avec le choix de diff\u00e9rentes options de garnitures. Veuillez faire votre s\u00e9lection ci-bas. ***En amenant le curseur de votre souris sur les options, vous pourrez les visualiser sur photo.<\/p>\n<p>Le mod\u00e8le standard comprend&nbsp;3 orchid\u00e9es<\/p>\n<p>Le mod\u00e8le de luxe&nbsp;comprend&nbsp;5 orchid\u00e9es<\/p>\n","protected":false},"excerpt":{"rendered":"<p style=\"text-align:center;\"><strong>Standard : 3 orchid\u00e9es<\/strong><\/p>\n<p style=\"text-align:center;\"><strong>De luxe: 5 orchid\u00e9es<\/strong><\/p>\n","protected":false},"featured_media":62310,"comment_status":"open","ping_status":"closed","template":"","meta":{"_acf_changed":false,"inline_featured_image":false},"recipe":[],"product_brand":[],"product_cat":[7606,7569,17153,7599,7600,7605],"product_tag":[],"class_list":{"0":"post-62430","1":"product","2":"type-product","3":"status-publish","4":"has-post-thumbnail","6":"product_cat-bracelets-a-fleurs-graduations-et-bals-des-finissants-evenements","7":"product_cat-occasions","8":"product_cat-occasions-fr","9":"product_cat-proms-and-graduations","10":"product_cat-graduations-et-bals-des-finissants-evenements","11":"product_cat-wristlets","13":"first","14":"instock","15":"shipping-taxable","16":"purchasable","17":"product-type-simple"},"acf":[],"_links":{"self":[{"href":"https:\/\/lebouquet.brstdev.com\/fr\/wp-json\/wp\/v2\/product\/62430","targetHints":{"allow":["GET"]}}],"collection":[{"href":"https:\/\/lebouquet.brstdev.com\/fr\/wp-json\/wp\/v2\/product"}],"about":[{"href":"https:\/\/lebouquet.brstdev.com\/fr\/wp-json\/wp\/v2\/types\/product"}],"replies":[{"embeddable":true,"href":"https:\/\/lebouquet.brstdev.com\/fr\/wp-json\/wp\/v2\/comments?post=62430"}],"wp:featuredmedia":[{"embeddable":true,"href":"https:\/\/lebouquet.brstdev.com\/fr\/wp-json\/wp\/v2\/media\/62310"}],"wp:attachment":[{"href":"https:\/\/lebouquet.brstdev.com\/fr\/wp-json\/wp\/v2\/media?parent=62430"}],"wp:term":[{"taxonomy":"recipe","embeddable":true,"href":"https:\/\/lebouquet.brstdev.com\/fr\/wp-json\/wp\/v2\/recipe?post=62430"},{"taxonomy":"product_brand","embeddable":true,"href":"https:\/\/lebouquet.brstdev.com\/fr\/wp-json\/wp\/v2\/product_brand?post=62430"},{"taxonomy":"product_cat","embeddable":true,"href":"https:\/\/lebouquet.brstdev.com\/fr\/wp-json\/wp\/v2\/product_cat?post=62430"},{"taxonomy":"product_tag","embeddable":true,"href":"https:\/\/lebouquet.brstdev.com\/fr\/wp-json\/wp\/v2\/product_tag?post=62430"}],"curies":[{"name":"wp","href":"https:\/\/api.w.org\/{rel}","templated":true}]}}