{"id":62308,"date":"2024-01-19T09:18:19","date_gmt":"2024-01-19T14:18:19","guid":{"rendered":"https:\/\/lebouquetnew.brstdev.com\/dendrobium-orchid-corsage\/"},"modified":"2026-04-04T12:14:01","modified_gmt":"2026-04-04T16:14:01","slug":"corsage-dorchidees-dendrobium","status":"publish","type":"product","link":"https:\/\/lebouquet.brstdev.com\/fr\/corsage-dorchidees-dendrobium\/","title":{"rendered":"Corsage d&rsquo;orchid\u00e9es Dendrobium"},"content":{"rendered":"<p>\u00c9l\u00e9gant et remarquable, le corsage orchid\u00e9e dendrobium est un accessoire floral raffin\u00e9 con\u00e7u pour \u00eatre port\u00e9 sur la poitrine et attach\u00e9 \u00e0 l\u2019aide d\u2019un ruban d\u00e9licat. Compos\u00e9 de magnifiques orchid\u00e9es dendrobium, il est offert en trois superbes couleurs : blanc, violet ou bleu, parfait pour rehausser une tenue lors de mariages, bals ou occasions sp\u00e9ciales.<\/p>\n<p>Orn\u00e9 au choix de verdure fra\u00eeche ou de gypsophile (baby\u2019s breath), chaque corsage est confectionn\u00e9 \u00e0 la main pour un rendu harmonieux et \u00e9l\u00e9gant. Le ruban permet un ajustement confortable tout en ajoutant une touche romantique.<\/p>\n<p><strong>Note importante :<\/strong><br \/>Un pr\u00e9avis minimum de deux semaines est requis pour commander une couleur pr\u00e9cise, selon la disponibilit\u00e9.<\/p>\n<p><strong>Caract\u00e9ristiques :<\/strong><\/p>\n<ul>\n<li>Fleurs d\u2019orchid\u00e9e dendrobium fra\u00eeches<\/li>\n<li>Couleurs disponibles : blanc, violet ou bleu<\/li>\n<li>Choix d\u2019accompagnement : verdure ou gypsophile<\/li>\n<li>Con\u00e7u pour \u00eatre port\u00e9 sur la poitrine avec un ruban<\/li>\n<li>L\u00e9ger et confortable<\/li>\n<li>Confection artisanale pour une finition soign\u00e9e<\/li>\n<\/ul>\n<p><strong>Tailles disponibles :<\/strong><\/p>\n<ul>\n<li><strong>Taille standard :<\/strong> comprend 3 orchid\u00e9es pour un look \u00e9l\u00e9gant et \u00e9quilibr\u00e9<\/li>\n<li><strong>Taille deluxe :<\/strong> comprend 5 orchid\u00e9es pour un effet plus riche et luxueux<\/li>\n<\/ul>\n<p>Un accessoire floral sophistiqu\u00e9 qui apporte une touche d\u2019\u00e9l\u00e9gance \u00e0 toute tenue formelle.<\/p>\n","protected":false},"excerpt":{"rendered":"<p>\u00c9l\u00e9gant et remarquable, le corsage orchid\u00e9e dendrobium est un accessoire floral raffin\u00e9 con\u00e7u pour \u00eatre port\u00e9 sur la poitrine et attach\u00e9 \u00e0 l\u2019aide d\u2019un ruban d\u00e9licat. Compos\u00e9 de magnifiques orchid\u00e9es dendrobium, il est offert en trois superbes couleurs : blanc, violet ou bleu, parfait pour rehausser une tenue lors de mariages, bals ou occasions sp\u00e9ciales. [&hellip;]<\/p>\n","protected":false},"featured_media":62245,"comment_status":"open","ping_status":"closed","template":"","meta":{"_acf_changed":false},"recipe":[],"product_brand":[],"product_cat":[7604,17153,7600],"product_tag":[],"class_list":{"0":"post-62308","1":"product","2":"type-product","3":"status-publish","4":"has-post-thumbnail","6":"product_cat-corsages-2-graduations-et-bals-des-finissants-evenements","7":"product_cat-fleurs-occasions-montreal","8":"product_cat-graduations-et-bals-des-finissants-evenements","10":"first","11":"instock","12":"shipping-taxable","13":"purchasable","14":"product-type-simple"},"acf":[],"_links":{"self":[{"href":"https:\/\/lebouquet.brstdev.com\/fr\/wp-json\/wp\/v2\/product\/62308","targetHints":{"allow":["GET"]}}],"collection":[{"href":"https:\/\/lebouquet.brstdev.com\/fr\/wp-json\/wp\/v2\/product"}],"about":[{"href":"https:\/\/lebouquet.brstdev.com\/fr\/wp-json\/wp\/v2\/types\/product"}],"replies":[{"embeddable":true,"href":"https:\/\/lebouquet.brstdev.com\/fr\/wp-json\/wp\/v2\/comments?post=62308"}],"wp:featuredmedia":[{"embeddable":true,"href":"https:\/\/lebouquet.brstdev.com\/fr\/wp-json\/wp\/v2\/media\/62245"}],"wp:attachment":[{"href":"https:\/\/lebouquet.brstdev.com\/fr\/wp-json\/wp\/v2\/media?parent=62308"}],"wp:term":[{"taxonomy":"recipe","embeddable":true,"href":"https:\/\/lebouquet.brstdev.com\/fr\/wp-json\/wp\/v2\/recipe?post=62308"},{"taxonomy":"product_brand","embeddable":true,"href":"https:\/\/lebouquet.brstdev.com\/fr\/wp-json\/wp\/v2\/product_brand?post=62308"},{"taxonomy":"product_cat","embeddable":true,"href":"https:\/\/lebouquet.brstdev.com\/fr\/wp-json\/wp\/v2\/product_cat?post=62308"},{"taxonomy":"product_tag","embeddable":true,"href":"https:\/\/lebouquet.brstdev.com\/fr\/wp-json\/wp\/v2\/product_tag?post=62308"}],"curies":[{"name":"wp","href":"https:\/\/api.w.org\/{rel}","templated":true}]}}