{"id":62244,"date":"2024-01-19T09:16:22","date_gmt":"2024-01-19T14:16:22","guid":{"rendered":"https:\/\/lebouquetnew.brstdev.com\/dendrobium-boutonniere\/"},"modified":"2026-04-04T12:07:51","modified_gmt":"2026-04-04T16:07:51","slug":"boutonniere-orchidees-dendrobium","status":"publish","type":"product","link":"https:\/\/lebouquet.brstdev.com\/fr\/boutonniere-orchidees-dendrobium\/","title":{"rendered":"Boutonni\u00e8re orchid\u00e9es dendrobium"},"content":{"rendered":"<p>\u00c9l\u00e9gante et exotique, la boutonni\u00e8re orchid\u00e9e dendrobium est un accessoire floral raffin\u00e9 qui apporte une touche distinctive \u00e0 toute tenue formelle. Compos\u00e9e de d\u00e9licates fleurs d\u2019orchid\u00e9e dendrobium, elle est offerte en trois magnifiques couleurs : blanc, violet ou bleu, chacune apportant son charme et sa sophistication.<\/p>\n<p>Orn\u00e9e au choix de verdure fra\u00eeche ou de gypsophile (baby\u2019s breath), cette boutonni\u00e8re est soigneusement confectionn\u00e9e \u00e0 la main pour un rendu harmonieux et \u00e9l\u00e9gant, parfait pour les mariages, bals et occasions sp\u00e9ciales.<\/p>\n<p><strong>Note importante :<\/strong><br \/>En raison de la disponibilit\u00e9, un pr\u00e9avis minimum de deux semaines est requis pour le choix de la couleur, certaines teintes n\u2019\u00e9tant pas toujours en stock.<\/p>\n<p><strong>Caract\u00e9ristiques :<\/strong><\/p>\n<ul>\n<li>Fleur(s) d\u2019orchid\u00e9e dendrobium fra\u00eeches<\/li>\n<li>Couleurs disponibles : blanc, violet ou bleu<\/li>\n<li>Choix d\u2019accompagnement : verdure ou gypsophile<\/li>\n<li>Design classique et \u00e9l\u00e9gant<\/li>\n<li>L\u00e9g\u00e8re et facile \u00e0 fixer<\/li>\n<\/ul>\n<p><strong>Tailles disponibles :<\/strong><\/p>\n<ul>\n<li><strong>Taille standard :<\/strong> comprend une orchid\u00e9e pour un look \u00e9pur\u00e9 et \u00e9l\u00e9gant<\/li>\n<li><strong>Taille deluxe :<\/strong> comprend deux orchid\u00e9es pour un effet plus riche et luxueux<\/li>\n<\/ul>\n<p>Un d\u00e9tail floral raffin\u00e9 et remarquable pour compl\u00e9ter parfaitement votre tenue.<\/p>\n","protected":false},"excerpt":{"rendered":"<p>\u00c9l\u00e9gante et exotique, la boutonni\u00e8re orchid\u00e9e dendrobium est un accessoire floral raffin\u00e9 qui apporte une touche distinctive \u00e0 toute tenue formelle. Compos\u00e9e de d\u00e9licates fleurs d\u2019orchid\u00e9e dendrobium, elle est offerte en trois magnifiques couleurs : blanc, violet ou bleu, chacune apportant son charme et sa sophistication. Orn\u00e9e au choix de verdure fra\u00eeche ou de gypsophile [&hellip;]<\/p>\n","protected":false},"featured_media":62158,"comment_status":"open","ping_status":"closed","template":"","meta":{"_acf_changed":false},"recipe":[],"product_brand":[],"product_cat":[7602,17153,7600],"product_tag":[],"class_list":{"0":"post-62244","1":"product","2":"type-product","3":"status-publish","4":"has-post-thumbnail","6":"product_cat-boutonnieres-2-graduations-et-bals-des-finissants-evenements","7":"product_cat-fleurs-occasions-montreal","8":"product_cat-graduations-et-bals-des-finissants-evenements","10":"first","11":"instock","12":"shipping-taxable","13":"purchasable","14":"product-type-simple"},"acf":[],"_links":{"self":[{"href":"https:\/\/lebouquet.brstdev.com\/fr\/wp-json\/wp\/v2\/product\/62244","targetHints":{"allow":["GET"]}}],"collection":[{"href":"https:\/\/lebouquet.brstdev.com\/fr\/wp-json\/wp\/v2\/product"}],"about":[{"href":"https:\/\/lebouquet.brstdev.com\/fr\/wp-json\/wp\/v2\/types\/product"}],"replies":[{"embeddable":true,"href":"https:\/\/lebouquet.brstdev.com\/fr\/wp-json\/wp\/v2\/comments?post=62244"}],"wp:featuredmedia":[{"embeddable":true,"href":"https:\/\/lebouquet.brstdev.com\/fr\/wp-json\/wp\/v2\/media\/62158"}],"wp:attachment":[{"href":"https:\/\/lebouquet.brstdev.com\/fr\/wp-json\/wp\/v2\/media?parent=62244"}],"wp:term":[{"taxonomy":"recipe","embeddable":true,"href":"https:\/\/lebouquet.brstdev.com\/fr\/wp-json\/wp\/v2\/recipe?post=62244"},{"taxonomy":"product_brand","embeddable":true,"href":"https:\/\/lebouquet.brstdev.com\/fr\/wp-json\/wp\/v2\/product_brand?post=62244"},{"taxonomy":"product_cat","embeddable":true,"href":"https:\/\/lebouquet.brstdev.com\/fr\/wp-json\/wp\/v2\/product_cat?post=62244"},{"taxonomy":"product_tag","embeddable":true,"href":"https:\/\/lebouquet.brstdev.com\/fr\/wp-json\/wp\/v2\/product_tag?post=62244"}],"curies":[{"name":"wp","href":"https:\/\/api.w.org\/{rel}","templated":true}]}}