{"id":62088,"date":"2024-01-19T09:15:41","date_gmt":"2024-01-19T14:15:41","guid":{"rendered":"https:\/\/lebouquetnew.brstdev.com\/tulip-bulb\/"},"modified":"2025-08-13T06:06:33","modified_gmt":"2025-08-13T10:06:33","slug":"plante-tulipe","status":"publish","type":"product","link":"https:\/\/lebouquet.brstdev.com\/fr\/plante-tulipe\/","title":{"rendered":"Plante tulipe"},"content":{"rendered":"<p>La plante \u00e0 bulbe de tulipe choisie par le designer! Disponible dans une vari\u00e9t\u00e9 de couleurs et emball\u00e9e dans de la toile de jute !<\/p>\n","protected":false},"excerpt":{"rendered":"<p>Apportez une touche de printemps \u00e0 votre int\u00e9rieur avec notre charmant arrangement de bulbes de tulipes. Pr\u00e9sent\u00e9 dans un emballage rustique en jute et nou\u00e9 d\u2019un ruban vif, ce cadeau vivant est rempli de bulbes pr\u00eats \u00e0 \u00e9clore en une magnifique floraison. Un cadeau saisonnier id\u00e9al pour un proche\u2026 ou pour vous-m\u00eame ! Placez-le dans un endroit ensoleill\u00e9, arrosez l\u00e9g\u00e8rement et laissez la magie op\u00e9rer.<\/p>\n<p>Cette offre est <strong>en \u00e9dition tr\u00e8s limit\u00e9e \u2013 seulement 12 arrangements seront disponibles<\/strong>. Chaque arrangement est compos\u00e9 de tulipes <strong>d\u2019une seule couleur<\/strong> : lavande, orange, jaune, rose ou violet. Nous recevrons un assortiment de ces couleurs, et vous pouvez indiquer votre pr\u00e9f\u00e9rence au moment de la commande. Toutefois, <strong>nous ne pouvons pas garantir le choix de couleur<\/strong> en raison des quantit\u00e9s limit\u00e9es.<\/p>\n<hr>\n<ul>\n<li><strong>Caract\u00e9ristiques :<\/strong><\/li>\n<li>Tulipes d\u2019une seule couleur par arrangement<\/li>\n<li>Envelopp\u00e9 dans une toile de jute naturelle avec un ruban rose vif<\/li>\n<li>Facile d\u2019entretien et durable<\/li>\n<li>Parfait pour le printemps, P\u00e2ques ou comme petite attention<\/li>\n<\/ul>\n<p><strong>Seulement 12 disponibles \u2013 r\u00e9servez le v\u00f4tre d\u00e8s maintenant !<\/strong><\/p>\n","protected":false},"featured_media":62072,"comment_status":"open","ping_status":"closed","template":"","meta":{"_acf_changed":false,"inline_featured_image":false},"recipe":[],"product_brand":[],"product_cat":[7597,7588,7645,7569,7587,17153,7598,18053,7646,18052],"product_tag":[],"class_list":{"0":"post-62088","1":"product","2":"type-product","3":"status-publish","4":"has-post-thumbnail","6":"product_cat-easter","7":"product_cat-fete-des-meres-evenements","8":"product_cat-flowering-and-green-plants","9":"product_cat-occasions","10":"product_cat-mothers-day","11":"product_cat-occasions-fr","12":"product_cat-paques","13":"product_cat-plantes","14":"product_cat-plantes-vertes-et-fleuries","15":"product_cat-plants","17":"first","18":"instock","19":"shipping-taxable","20":"purchasable","21":"product-type-simple"},"acf":[],"_links":{"self":[{"href":"https:\/\/lebouquet.brstdev.com\/fr\/wp-json\/wp\/v2\/product\/62088","targetHints":{"allow":["GET"]}}],"collection":[{"href":"https:\/\/lebouquet.brstdev.com\/fr\/wp-json\/wp\/v2\/product"}],"about":[{"href":"https:\/\/lebouquet.brstdev.com\/fr\/wp-json\/wp\/v2\/types\/product"}],"replies":[{"embeddable":true,"href":"https:\/\/lebouquet.brstdev.com\/fr\/wp-json\/wp\/v2\/comments?post=62088"}],"wp:featuredmedia":[{"embeddable":true,"href":"https:\/\/lebouquet.brstdev.com\/fr\/wp-json\/wp\/v2\/media\/62072"}],"wp:attachment":[{"href":"https:\/\/lebouquet.brstdev.com\/fr\/wp-json\/wp\/v2\/media?parent=62088"}],"wp:term":[{"taxonomy":"recipe","embeddable":true,"href":"https:\/\/lebouquet.brstdev.com\/fr\/wp-json\/wp\/v2\/recipe?post=62088"},{"taxonomy":"product_brand","embeddable":true,"href":"https:\/\/lebouquet.brstdev.com\/fr\/wp-json\/wp\/v2\/product_brand?post=62088"},{"taxonomy":"product_cat","embeddable":true,"href":"https:\/\/lebouquet.brstdev.com\/fr\/wp-json\/wp\/v2\/product_cat?post=62088"},{"taxonomy":"product_tag","embeddable":true,"href":"https:\/\/lebouquet.brstdev.com\/fr\/wp-json\/wp\/v2\/product_tag?post=62088"}],"curies":[{"name":"wp","href":"https:\/\/api.w.org\/{rel}","templated":true}]}}