{"id":62082,"date":"2024-01-19T09:15:24","date_gmt":"2024-01-19T14:15:24","guid":{"rendered":"https:\/\/lebouquetnew.brstdev.com\/phenomenal-phalaenopsis-orchid\/"},"modified":"2025-08-13T06:06:34","modified_gmt":"2025-08-13T10:06:34","slug":"orchidee-phalaenopsis-phenomenale","status":"publish","type":"product","link":"https:\/\/lebouquet.brstdev.com\/fr\/orchidee-phalaenopsis-phenomenale\/","title":{"rendered":"Orchid\u00e9e Phalaenopsis ph\u00e9nom\u00e9nale"},"content":{"rendered":"<p>Rehaussez votre espace avec notre exquise orchid\u00e9e Phalaenopsis mauve \u00e0 double tige. D\u00e9licatement con\u00e7ue et \u00e9l\u00e9gamment pr\u00e9sent\u00e9e, cette orchid\u00e9e \u00e9blouissante arbore non pas une, mais deux tiges gracieuses orn\u00e9es de fleurs d&rsquo;un blanc immacul\u00e9. Avec sa beaut\u00e9 intemporelle et son charme sans effort, notre orchid\u00e9e Phalaenopsis \u00e0 double tige ajoute une touche de sophistication \u00e0 tout d\u00e9cor int\u00e9rieur. Que ce soit comme cadeau ou comme pi\u00e8ce ma\u00eetresse pour votre maison ou votre bureau, laissez-vous s\u00e9duire par l&rsquo;allure luxueuse de cette magnifique orchid\u00e9e. D\u00e9couvrez d\u00e8s aujourd&rsquo;hui la parfaite harmonie entre la gr\u00e2ce de la nature et l&rsquo;\u00e9l\u00e9gance contemporaine.<\/p>\n","protected":false},"excerpt":{"rendered":"<p>Rehaussez votre espace avec notre exquise orchid\u00e9e Phalaenopsis mauve \u00e0 double tige. D\u00e9licatement con\u00e7ue et \u00e9l\u00e9gamment pr\u00e9sent\u00e9e, cette orchid\u00e9e \u00e9blouissante arbore non pas une, mais deux tiges gracieuses orn\u00e9es de fleurs d&rsquo;un blanc immacul\u00e9. Avec sa beaut\u00e9 intemporelle et son charme sans effort, notre orchid\u00e9e Phalaenopsis \u00e0 double tige ajoute une touche de sophistication \u00e0 [&hellip;]<\/p>\n","protected":false},"featured_media":62023,"comment_status":"open","ping_status":"closed","template":"","meta":{"_acf_changed":false,"inline_featured_image":false},"recipe":[],"product_brand":[],"product_cat":[7592,7591,7645,7569,17153,18053,7646,18052,7554,7553],"product_tag":[],"class_list":{"0":"post-62082","1":"product","2":"type-product","3":"status-publish","4":"has-post-thumbnail","6":"product_cat-anniversaire-de-naissance","7":"product_cat-birthdays","8":"product_cat-flowering-and-green-plants","9":"product_cat-occasions","10":"product_cat-occasions-fr","11":"product_cat-plantes","12":"product_cat-plantes-vertes-et-fleuries","13":"product_cat-plants","14":"product_cat-populaires","15":"product_cat-popular","17":"first","18":"instock","19":"shipping-taxable","20":"purchasable","21":"product-type-simple"},"acf":[],"_links":{"self":[{"href":"https:\/\/lebouquet.brstdev.com\/fr\/wp-json\/wp\/v2\/product\/62082","targetHints":{"allow":["GET"]}}],"collection":[{"href":"https:\/\/lebouquet.brstdev.com\/fr\/wp-json\/wp\/v2\/product"}],"about":[{"href":"https:\/\/lebouquet.brstdev.com\/fr\/wp-json\/wp\/v2\/types\/product"}],"replies":[{"embeddable":true,"href":"https:\/\/lebouquet.brstdev.com\/fr\/wp-json\/wp\/v2\/comments?post=62082"}],"wp:featuredmedia":[{"embeddable":true,"href":"https:\/\/lebouquet.brstdev.com\/fr\/wp-json\/wp\/v2\/media\/62023"}],"wp:attachment":[{"href":"https:\/\/lebouquet.brstdev.com\/fr\/wp-json\/wp\/v2\/media?parent=62082"}],"wp:term":[{"taxonomy":"recipe","embeddable":true,"href":"https:\/\/lebouquet.brstdev.com\/fr\/wp-json\/wp\/v2\/recipe?post=62082"},{"taxonomy":"product_brand","embeddable":true,"href":"https:\/\/lebouquet.brstdev.com\/fr\/wp-json\/wp\/v2\/product_brand?post=62082"},{"taxonomy":"product_cat","embeddable":true,"href":"https:\/\/lebouquet.brstdev.com\/fr\/wp-json\/wp\/v2\/product_cat?post=62082"},{"taxonomy":"product_tag","embeddable":true,"href":"https:\/\/lebouquet.brstdev.com\/fr\/wp-json\/wp\/v2\/product_tag?post=62082"}],"curies":[{"name":"wp","href":"https:\/\/api.w.org\/{rel}","templated":true}]}}