{"id":62069,"date":"2024-01-19T09:15:33","date_gmt":"2024-01-19T14:15:33","guid":{"rendered":"https:\/\/lebouquetnew.brstdev.com\/original-paintings\/"},"modified":"2025-08-13T06:06:33","modified_gmt":"2025-08-13T10:06:33","slug":"peintures-originales","status":"publish","type":"product","link":"https:\/\/lebouquet.brstdev.com\/fr\/peintures-originales\/","title":{"rendered":"Peintures originales"},"content":{"rendered":"<p>Frank Caracciolo, artiste peintre est l&rsquo;inspiration derri\u00e8re une nouvelle gamme de cartes mettant en vedette ses oeuvres. Chaque carte est sign\u00e9e individuellement par l&rsquo;artiste lui-m\u00eame. Le travail de Frank a \u00e9t\u00e9 expos\u00e9 dans le monde entier et ses peintures font partie d&rsquo;innombrables collections priv\u00e9es. Ces cartes emball\u00e9es individuellement sont de petits tr\u00e9sors \u00e0 partager ou \u00e0 encadrer. R\u00e9galez-vous!<\/p>\n<p>SVP notez&nbsp;que chaque carte est unique.&nbsp;<\/p>\n","protected":false},"excerpt":{"rendered":"<p>Frank Caracciolo, artiste peintre est l&rsquo;inspiration derri\u00e8re une nouvelle gamme de cartes mettant en vedette ses oeuvres. Chaque carte est sign\u00e9e individuellement par l&rsquo;artiste lui-m\u00eame. Le travail de Frank a \u00e9t\u00e9 expos\u00e9 dans le monde entier et ses peintures font partie d&rsquo;innombrables collections priv\u00e9es. Ces cartes emball\u00e9es individuellement sont de petits tr\u00e9sors \u00e0 partager ou [&hellip;]<\/p>\n","protected":false},"featured_media":62056,"comment_status":"open","ping_status":"closed","template":"","meta":{"_acf_changed":false,"inline_featured_image":false},"recipe":[],"product_brand":[],"product_cat":[7658,7657,7648,7647],"product_tag":[],"class_list":{"0":"post-62069","1":"product","2":"type-product","3":"status-publish","4":"has-post-thumbnail","6":"product_cat-accessoires","7":"product_cat-accessories","8":"product_cat-cadeaux","9":"product_cat-gift-shop","11":"first","12":"instock","13":"shipping-taxable","14":"purchasable","15":"product-type-simple"},"acf":[],"_links":{"self":[{"href":"https:\/\/lebouquet.brstdev.com\/fr\/wp-json\/wp\/v2\/product\/62069","targetHints":{"allow":["GET"]}}],"collection":[{"href":"https:\/\/lebouquet.brstdev.com\/fr\/wp-json\/wp\/v2\/product"}],"about":[{"href":"https:\/\/lebouquet.brstdev.com\/fr\/wp-json\/wp\/v2\/types\/product"}],"replies":[{"embeddable":true,"href":"https:\/\/lebouquet.brstdev.com\/fr\/wp-json\/wp\/v2\/comments?post=62069"}],"wp:featuredmedia":[{"embeddable":true,"href":"https:\/\/lebouquet.brstdev.com\/fr\/wp-json\/wp\/v2\/media\/62056"}],"wp:attachment":[{"href":"https:\/\/lebouquet.brstdev.com\/fr\/wp-json\/wp\/v2\/media?parent=62069"}],"wp:term":[{"taxonomy":"recipe","embeddable":true,"href":"https:\/\/lebouquet.brstdev.com\/fr\/wp-json\/wp\/v2\/recipe?post=62069"},{"taxonomy":"product_brand","embeddable":true,"href":"https:\/\/lebouquet.brstdev.com\/fr\/wp-json\/wp\/v2\/product_brand?post=62069"},{"taxonomy":"product_cat","embeddable":true,"href":"https:\/\/lebouquet.brstdev.com\/fr\/wp-json\/wp\/v2\/product_cat?post=62069"},{"taxonomy":"product_tag","embeddable":true,"href":"https:\/\/lebouquet.brstdev.com\/fr\/wp-json\/wp\/v2\/product_tag?post=62069"}],"curies":[{"name":"wp","href":"https:\/\/api.w.org\/{rel}","templated":true}]}}