{"id":61978,"date":"2024-01-19T09:14:54","date_gmt":"2024-01-19T14:14:54","guid":{"rendered":"https:\/\/lebouquetnew.brstdev.com\/the-gorgeous-garden-arrangement\/"},"modified":"2025-08-13T06:06:36","modified_gmt":"2025-08-13T10:06:36","slug":"jardin-splendide","status":"publish","type":"product","link":"https:\/\/lebouquet.brstdev.com\/fr\/jardin-splendide\/","title":{"rendered":"Jardin Splendide"},"content":{"rendered":"<p>C\u00e9l\u00e9brez la F\u00eate des M\u00e8res avec un cadeau qui fleurit d&rsquo;affection &#8211; notre \u00ab\u00a0Bouquet Jardin splendide\u00a0\u00bb. Cet arrangement d\u00e9licat d\u00e9borde de gerberas aux teintes douces, de roses tendres et de freesias murmurants, nich\u00e9s parmi de riches \u0153illets et une touche de lavande. Le tout est soigneusement dispos\u00e9 dans un pot rose r\u00e9utilisable qu&rsquo;elle pourra ch\u00e9rir longtemps apr\u00e8s que les fleurs aient \u00e9clos. C&rsquo;est un souvenir affectueux qui devient un objet de m\u00e9moire pour ses pr\u00e9cieux souvenirs.<\/p>\n","protected":false},"excerpt":{"rendered":"<p>C\u00e9l\u00e9brez la F\u00eate des M\u00e8res avec un cadeau qui fleurit d&rsquo;affection &#8211; notre \u00ab\u00a0Bouquet Jardin splendide\u00a0\u00bb. Cet arrangement d\u00e9licat d\u00e9borde de gerberas aux teintes douces, de roses tendres et de freesias murmurants, nich\u00e9s parmi de riches \u0153illets et une touche de lavande. Le tout est soigneusement dispos\u00e9 dans un pot rose r\u00e9utilisable qu&rsquo;elle pourra ch\u00e9rir [&hellip;]<\/p>\n","protected":false},"featured_media":90830,"comment_status":"open","ping_status":"closed","template":"","meta":{"_acf_changed":false,"inline_featured_image":false},"recipe":[],"product_brand":[],"product_cat":[7565,7566,7588,7560,7559,7569,7587,17153,7554,7553,18142,18141,17150,17154],"product_tag":[],"class_list":{"0":"post-61978","1":"product","2":"type-product","3":"status-publish","4":"has-post-thumbnail","6":"product_cat-arrangements","7":"product_cat-arrangements-2","8":"product_cat-fete-des-meres-evenements","9":"product_cat-fleurs-2-2","10":"product_cat-flowers","11":"product_cat-occasions","12":"product_cat-mothers-day","13":"product_cat-occasions-fr","14":"product_cat-populaires","15":"product_cat-popular","16":"product_cat-printemps","17":"product_cat-spring","18":"product_cat-best-seller","19":"product_cat-best-seller-fr-2","21":"first","22":"instock","23":"shipping-taxable","24":"purchasable","25":"product-type-simple"},"acf":[],"_links":{"self":[{"href":"https:\/\/lebouquet.brstdev.com\/fr\/wp-json\/wp\/v2\/product\/61978","targetHints":{"allow":["GET"]}}],"collection":[{"href":"https:\/\/lebouquet.brstdev.com\/fr\/wp-json\/wp\/v2\/product"}],"about":[{"href":"https:\/\/lebouquet.brstdev.com\/fr\/wp-json\/wp\/v2\/types\/product"}],"replies":[{"embeddable":true,"href":"https:\/\/lebouquet.brstdev.com\/fr\/wp-json\/wp\/v2\/comments?post=61978"}],"wp:featuredmedia":[{"embeddable":true,"href":"https:\/\/lebouquet.brstdev.com\/fr\/wp-json\/wp\/v2\/media\/90830"}],"wp:attachment":[{"href":"https:\/\/lebouquet.brstdev.com\/fr\/wp-json\/wp\/v2\/media?parent=61978"}],"wp:term":[{"taxonomy":"recipe","embeddable":true,"href":"https:\/\/lebouquet.brstdev.com\/fr\/wp-json\/wp\/v2\/recipe?post=61978"},{"taxonomy":"product_brand","embeddable":true,"href":"https:\/\/lebouquet.brstdev.com\/fr\/wp-json\/wp\/v2\/product_brand?post=61978"},{"taxonomy":"product_cat","embeddable":true,"href":"https:\/\/lebouquet.brstdev.com\/fr\/wp-json\/wp\/v2\/product_cat?post=61978"},{"taxonomy":"product_tag","embeddable":true,"href":"https:\/\/lebouquet.brstdev.com\/fr\/wp-json\/wp\/v2\/product_tag?post=61978"}],"curies":[{"name":"wp","href":"https:\/\/api.w.org\/{rel}","templated":true}]}}